{"id":4258,"date":"2026-03-24T15:00:26","date_gmt":"2026-03-24T14:00:26","guid":{"rendered":"https:\/\/alexander-gysler.de\/?post_type=product&#038;p=4258"},"modified":"2026-03-24T15:28:20","modified_gmt":"2026-03-24T14:28:20","slug":"weinheimer-mandelberg-riesling-kabinett-2025","status":"publish","type":"product","link":"https:\/\/alexander-gysler.de\/en\/produkt\/weinheimer-mandelberg-riesling-kabinett-2025\/","title":{"rendered":"Weinheimer Mandelberg Riesling Kabinett 2025"},"content":{"rendered":"<div>F\u00fcr diesen Riesling Kabinett aus dem Weinheimer Mandelberg werden die<\/div>\n<div>\u00e4ltesten, 55 Jahre alten Reben aus der steilsten Lage mit 40 % Hangneigung<\/div>\n<div>genutzt. Der Boden ist gepr\u00e4gt von Vulkangestein mit einer Auflage aus<\/div>\n<div>Rotliegendem. Ausgebaut wurde der Kabinett im Edelstahl, wo er bis in den<\/div>\n<div>Februar 2025 gegoren hat.<\/div>\n<div>Der intensiv strohfarbene 2025er Mandelberg Riesling Kabinett duftet fein und<\/div>\n<div>elegant, offen und einladend mit einer dezenten Note von m\u00fcrben \u00c4pfeln,<\/div>\n<div>gelben Birnen, wei\u00dfen Bl\u00fcten und ein wenig Kumquats. Im Hintergrund<\/div>\n<div>offenbart der Wein sowohl eine Note, die an Patisserie erinnert, als auch einen<\/div>\n<div>jodigen Ton. Am Gaumen wirkt der Mandelberg sinnlich und saftig. Man sp\u00fcrt<\/div>\n<div>die Rests\u00fc\u00dfe des Rieslings, die sich mit der S\u00e4ure verbindet, die zun\u00e4chst<\/div>\n<div>unscheinbar erscheint, sich mit jedem Moment aber immer st\u00e4rker in den<\/div>\n<div>Vordergrund schiebt und mit einer lebendigen Mineralit\u00e4t verbindet. Dieses<\/div>\n<div>Wechselspiel zwischen S\u00fc\u00dfe und S\u00e4ure harmoniert hervorragend mit der<\/div>\n<div>wei\u00dffleischigen, reifen, saftigen Frucht, die im Finale von einer feinen<\/div>\n<div>Salzigkeit erg\u00e4nzt wird.<\/div>\n<div><\/div>\n<div>Lage: Weinheimer Mandelberg<br \/>\nRebsorte: Riesling<br \/>\nGeschmacksrichtung: Kabinett<br \/>\nBoden: rotliegendes<br \/>\nLese: Handlese<br \/>\nAusbau und Hefelager: spontane Verg\u00e4rung und 5 Monate auf der Vollhefe im Edelstahl<br \/>\nJahrgang: 2025<br \/>\nAlc. vol.: 9.5 % vol.<br \/>\nRZ: 55.0 g\/l<br \/>\nS\u00e4ure: 10.1 g\/l<br \/>\nFreie schweflige S\u00e4ure: 35.0 mg\/l<br \/>\nGesamte schweflige S\u00e4ure: 131.0 mg\/l<br \/>\ntrinkreife: ab sofort &#8211; 2041<br \/>\n\u00d6kozertifizierung: DE-\u00d6KO-025 &amp; demeter<br \/>\nVegan: ja<br \/>\nAllergenhinweis: enth\u00e4lt Sulfite<br \/>\nSch\u00f6nungen: keine<br \/>\nVerschluss: Diam<\/div>\n<p>Gutsabf\u00fcllung &#8211; Weingut Gysler &#8211; Gro\u00dfer Spitzenberg 8 &#8211; D- 55232 Alzey-Weinheim &#8211; DE-\u00d6KO-022 &#8211; Demeter zertifiziert &#8211; \u00d6ko zertifiziert &#8211; Vegan erzeugt &#8211; Deutsche Landwirtschaft &#8211; Deutscher Qualit\u00e4tswein &#8211; Allergenhinweis: enth\u00e4lt Sulfite &#8211; 750ml &#8211; 9,5 % vol.<\/p>\n","protected":false},"excerpt":{"rendered":"<p>Kraft und Saft \u2013 gepaart mit purer Eleganz<\/p>\n","protected":false},"featured_media":2946,"comment_status":"open","ping_status":"closed","template":"","meta":[],"product_brand":[],"product_cat":[92],"product_tag":[115],"class_list":{"0":"post-4258","1":"product","2":"type-product","3":"status-publish","4":"has-post-thumbnail","6":"product_cat-lagenweine","7":"product_tag-riesling","9":"first","10":"instock","11":"taxable","12":"shipping-taxable","13":"purchasable","14":"product-type-simple"},"yoast_head":"<!-- This site is optimized with the Yoast SEO plugin v27.1.1 - https:\/\/yoast.com\/product\/yoast-seo-wordpress\/ -->\n<title>Weinheimer Mandelberg Riesling Kabinett 2025 - Weingut Alexander Gysler<\/title>\n<meta name=\"robots\" content=\"index, follow, max-snippet:-1, max-image-preview:large, max-video-preview:-1\" \/>\n<link rel=\"canonical\" href=\"https:\/\/alexander-gysler.de\/en\/produkt\/weinheimer-mandelberg-riesling-kabinett-2025\/\" \/>\n<meta property=\"og:locale\" content=\"en_US\" \/>\n<meta property=\"og:type\" content=\"article\" \/>\n<meta property=\"og:title\" content=\"Weinheimer Mandelberg Riesling Kabinett 2025 - Weingut Alexander Gysler\" \/>\n<meta property=\"og:description\" content=\"Kraft und Saft \u2013 gepaart mit purer Eleganz\" \/>\n<meta property=\"og:url\" content=\"https:\/\/alexander-gysler.de\/en\/produkt\/weinheimer-mandelberg-riesling-kabinett-2025\/\" \/>\n<meta property=\"og:site_name\" content=\"Weingut Alexander Gysler\" \/>\n<meta property=\"article:modified_time\" content=\"2026-03-24T14:28:20+00:00\" \/>\n<meta property=\"og:image\" content=\"https:\/\/alexander-gysler.de\/wp-content\/uploads\/2023\/03\/K3.png\" \/>\n\t<meta property=\"og:image:width\" content=\"791\" \/>\n\t<meta property=\"og:image:height\" content=\"1412\" \/>\n\t<meta property=\"og:image:type\" content=\"image\/png\" \/>\n<meta name=\"twitter:card\" content=\"summary_large_image\" \/>\n<meta name=\"twitter:label1\" content=\"Est. reading time\" \/>\n\t<meta name=\"twitter:data1\" content=\"1 minute\" \/>\n<script type=\"application\/ld+json\" class=\"yoast-schema-graph\">{\"@context\":\"https:\/\/schema.org\",\"@graph\":[{\"@type\":\"WebPage\",\"@id\":\"https:\/\/alexander-gysler.de\/en\/produkt\/weinheimer-mandelberg-riesling-kabinett-2025\/\",\"url\":\"https:\/\/alexander-gysler.de\/en\/produkt\/weinheimer-mandelberg-riesling-kabinett-2025\/\",\"name\":\"Weinheimer Mandelberg Riesling Kabinett 2025 - Weingut Alexander Gysler\",\"isPartOf\":{\"@id\":\"https:\/\/alexander-gysler.de\/en\/#website\"},\"primaryImageOfPage\":{\"@id\":\"https:\/\/alexander-gysler.de\/en\/produkt\/weinheimer-mandelberg-riesling-kabinett-2025\/#primaryimage\"},\"image\":{\"@id\":\"https:\/\/alexander-gysler.de\/en\/produkt\/weinheimer-mandelberg-riesling-kabinett-2025\/#primaryimage\"},\"thumbnailUrl\":\"https:\/\/alexander-gysler.de\/wp-content\/uploads\/2023\/03\/K3.png\",\"datePublished\":\"2026-03-24T14:00:26+00:00\",\"dateModified\":\"2026-03-24T14:28:20+00:00\",\"breadcrumb\":{\"@id\":\"https:\/\/alexander-gysler.de\/en\/produkt\/weinheimer-mandelberg-riesling-kabinett-2025\/#breadcrumb\"},\"inLanguage\":\"en-US\",\"potentialAction\":[{\"@type\":\"ReadAction\",\"target\":[\"https:\/\/alexander-gysler.de\/en\/produkt\/weinheimer-mandelberg-riesling-kabinett-2025\/\"]}]},{\"@type\":\"ImageObject\",\"inLanguage\":\"en-US\",\"@id\":\"https:\/\/alexander-gysler.de\/en\/produkt\/weinheimer-mandelberg-riesling-kabinett-2025\/#primaryimage\",\"url\":\"https:\/\/alexander-gysler.de\/wp-content\/uploads\/2023\/03\/K3.png\",\"contentUrl\":\"https:\/\/alexander-gysler.de\/wp-content\/uploads\/2023\/03\/K3.png\",\"width\":791,\"height\":1412},{\"@type\":\"BreadcrumbList\",\"@id\":\"https:\/\/alexander-gysler.de\/en\/produkt\/weinheimer-mandelberg-riesling-kabinett-2025\/#breadcrumb\",\"itemListElement\":[{\"@type\":\"ListItem\",\"position\":1,\"name\":\"Home\",\"item\":\"https:\/\/alexander-gysler.de\/en\/\"},{\"@type\":\"ListItem\",\"position\":2,\"name\":\"Shop\",\"item\":\"https:\/\/alexander-gysler.de\/en\/shop\/\"},{\"@type\":\"ListItem\",\"position\":3,\"name\":\"Weinheimer Mandelberg Riesling Kabinett 2025\"}]},{\"@type\":\"WebSite\",\"@id\":\"https:\/\/alexander-gysler.de\/en\/#website\",\"url\":\"https:\/\/alexander-gysler.de\/en\/\",\"name\":\"Weingut Alexander Gysler\",\"description\":\"\",\"publisher\":{\"@id\":\"https:\/\/alexander-gysler.de\/en\/#organization\"},\"potentialAction\":[{\"@type\":\"SearchAction\",\"target\":{\"@type\":\"EntryPoint\",\"urlTemplate\":\"https:\/\/alexander-gysler.de\/en\/?s={search_term_string}\"},\"query-input\":{\"@type\":\"PropertyValueSpecification\",\"valueRequired\":true,\"valueName\":\"search_term_string\"}}],\"inLanguage\":\"en-US\"},{\"@type\":\"Organization\",\"@id\":\"https:\/\/alexander-gysler.de\/en\/#organization\",\"name\":\"Weingut Alexander Gysler\",\"url\":\"https:\/\/alexander-gysler.de\/en\/\",\"logo\":{\"@type\":\"ImageObject\",\"inLanguage\":\"en-US\",\"@id\":\"https:\/\/alexander-gysler.de\/en\/#\/schema\/logo\/image\/\",\"url\":\"https:\/\/alexander-gysler.de\/wp-content\/uploads\/2020\/01\/WeingutGysler_Logo.png\",\"contentUrl\":\"https:\/\/alexander-gysler.de\/wp-content\/uploads\/2020\/01\/WeingutGysler_Logo.png\",\"width\":300,\"height\":100,\"caption\":\"Weingut Alexander Gysler\"},\"image\":{\"@id\":\"https:\/\/alexander-gysler.de\/en\/#\/schema\/logo\/image\/\"}}]}<\/script>\n<!-- \/ Yoast SEO plugin. -->","yoast_head_json":{"title":"Weinheimer Mandelberg Riesling Kabinett 2025 - Weingut Alexander Gysler","robots":{"index":"index","follow":"follow","max-snippet":"max-snippet:-1","max-image-preview":"max-image-preview:large","max-video-preview":"max-video-preview:-1"},"canonical":"https:\/\/alexander-gysler.de\/en\/produkt\/weinheimer-mandelberg-riesling-kabinett-2025\/","og_locale":"en_US","og_type":"article","og_title":"Weinheimer Mandelberg Riesling Kabinett 2025 - Weingut Alexander Gysler","og_description":"Kraft und Saft \u2013 gepaart mit purer Eleganz","og_url":"https:\/\/alexander-gysler.de\/en\/produkt\/weinheimer-mandelberg-riesling-kabinett-2025\/","og_site_name":"Weingut Alexander Gysler","article_modified_time":"2026-03-24T14:28:20+00:00","og_image":[{"width":791,"height":1412,"url":"https:\/\/alexander-gysler.de\/wp-content\/uploads\/2023\/03\/K3.png","type":"image\/png"}],"twitter_card":"summary_large_image","twitter_misc":{"Est. reading time":"1 minute"},"schema":{"@context":"https:\/\/schema.org","@graph":[{"@type":"WebPage","@id":"https:\/\/alexander-gysler.de\/en\/produkt\/weinheimer-mandelberg-riesling-kabinett-2025\/","url":"https:\/\/alexander-gysler.de\/en\/produkt\/weinheimer-mandelberg-riesling-kabinett-2025\/","name":"Weinheimer Mandelberg Riesling Kabinett 2025 - Weingut Alexander Gysler","isPartOf":{"@id":"https:\/\/alexander-gysler.de\/en\/#website"},"primaryImageOfPage":{"@id":"https:\/\/alexander-gysler.de\/en\/produkt\/weinheimer-mandelberg-riesling-kabinett-2025\/#primaryimage"},"image":{"@id":"https:\/\/alexander-gysler.de\/en\/produkt\/weinheimer-mandelberg-riesling-kabinett-2025\/#primaryimage"},"thumbnailUrl":"https:\/\/alexander-gysler.de\/wp-content\/uploads\/2023\/03\/K3.png","datePublished":"2026-03-24T14:00:26+00:00","dateModified":"2026-03-24T14:28:20+00:00","breadcrumb":{"@id":"https:\/\/alexander-gysler.de\/en\/produkt\/weinheimer-mandelberg-riesling-kabinett-2025\/#breadcrumb"},"inLanguage":"en-US","potentialAction":[{"@type":"ReadAction","target":["https:\/\/alexander-gysler.de\/en\/produkt\/weinheimer-mandelberg-riesling-kabinett-2025\/"]}]},{"@type":"ImageObject","inLanguage":"en-US","@id":"https:\/\/alexander-gysler.de\/en\/produkt\/weinheimer-mandelberg-riesling-kabinett-2025\/#primaryimage","url":"https:\/\/alexander-gysler.de\/wp-content\/uploads\/2023\/03\/K3.png","contentUrl":"https:\/\/alexander-gysler.de\/wp-content\/uploads\/2023\/03\/K3.png","width":791,"height":1412},{"@type":"BreadcrumbList","@id":"https:\/\/alexander-gysler.de\/en\/produkt\/weinheimer-mandelberg-riesling-kabinett-2025\/#breadcrumb","itemListElement":[{"@type":"ListItem","position":1,"name":"Home","item":"https:\/\/alexander-gysler.de\/en\/"},{"@type":"ListItem","position":2,"name":"Shop","item":"https:\/\/alexander-gysler.de\/en\/shop\/"},{"@type":"ListItem","position":3,"name":"Weinheimer Mandelberg Riesling Kabinett 2025"}]},{"@type":"WebSite","@id":"https:\/\/alexander-gysler.de\/en\/#website","url":"https:\/\/alexander-gysler.de\/en\/","name":"Weingut Alexander Gysler","description":"","publisher":{"@id":"https:\/\/alexander-gysler.de\/en\/#organization"},"potentialAction":[{"@type":"SearchAction","target":{"@type":"EntryPoint","urlTemplate":"https:\/\/alexander-gysler.de\/en\/?s={search_term_string}"},"query-input":{"@type":"PropertyValueSpecification","valueRequired":true,"valueName":"search_term_string"}}],"inLanguage":"en-US"},{"@type":"Organization","@id":"https:\/\/alexander-gysler.de\/en\/#organization","name":"Weingut Alexander Gysler","url":"https:\/\/alexander-gysler.de\/en\/","logo":{"@type":"ImageObject","inLanguage":"en-US","@id":"https:\/\/alexander-gysler.de\/en\/#\/schema\/logo\/image\/","url":"https:\/\/alexander-gysler.de\/wp-content\/uploads\/2020\/01\/WeingutGysler_Logo.png","contentUrl":"https:\/\/alexander-gysler.de\/wp-content\/uploads\/2020\/01\/WeingutGysler_Logo.png","width":300,"height":100,"caption":"Weingut Alexander Gysler"},"image":{"@id":"https:\/\/alexander-gysler.de\/en\/#\/schema\/logo\/image\/"}}]}},"_links":{"self":[{"href":"https:\/\/alexander-gysler.de\/en\/wp-json\/wp\/v2\/product\/4258","targetHints":{"allow":["GET"]}}],"collection":[{"href":"https:\/\/alexander-gysler.de\/en\/wp-json\/wp\/v2\/product"}],"about":[{"href":"https:\/\/alexander-gysler.de\/en\/wp-json\/wp\/v2\/types\/product"}],"replies":[{"embeddable":true,"href":"https:\/\/alexander-gysler.de\/en\/wp-json\/wp\/v2\/comments?post=4258"}],"wp:featuredmedia":[{"embeddable":true,"href":"https:\/\/alexander-gysler.de\/en\/wp-json\/wp\/v2\/media\/2946"}],"wp:attachment":[{"href":"https:\/\/alexander-gysler.de\/en\/wp-json\/wp\/v2\/media?parent=4258"}],"wp:term":[{"taxonomy":"product_brand","embeddable":true,"href":"https:\/\/alexander-gysler.de\/en\/wp-json\/wp\/v2\/product_brand?post=4258"},{"taxonomy":"product_cat","embeddable":true,"href":"https:\/\/alexander-gysler.de\/en\/wp-json\/wp\/v2\/product_cat?post=4258"},{"taxonomy":"product_tag","embeddable":true,"href":"https:\/\/alexander-gysler.de\/en\/wp-json\/wp\/v2\/product_tag?post=4258"}],"curies":[{"name":"wp","href":"https:\/\/api.w.org\/{rel}","templated":true}]}}