{"id":4187,"date":"2026-02-11T14:32:57","date_gmt":"2026-02-11T13:32:57","guid":{"rendered":"https:\/\/alexander-gysler.de\/?post_type=product&#038;p=4187"},"modified":"2026-02-27T15:37:21","modified_gmt":"2026-02-27T14:37:21","slug":"sandstein-riesling-2025-trocken","status":"publish","type":"product","link":"https:\/\/alexander-gysler.de\/en\/produkt\/sandstein-riesling-2025-trocken\/","title":{"rendered":"SANDSTEIN &#8211; Riesling 2025 trocken"},"content":{"rendered":"<p>Die einladende Frucht gr\u00fcner \u00c4pfel, Aprikosen und rosa Grapefruit bildet mit Zitronenmelisse und wei\u00dfen Bl\u00fcten einen gro\u00dfen Sommerstrau\u00df, umwoben von rauchiger Mineralit\u00e4t. Trocken, zug\u00e4nglich und verspielt mit erstaunlicher Saftigkeit, zupackender Art und salzigem Zitrusbi\u00df. Trinkt sich jetzt wunderbar und wird \u00fcber die n\u00e4chsten f\u00fcnf Jahre noch zulegen. Die liebensw\u00fcrdige Art dieses beispielhaften Rieslings macht ihn zu einem hervorragenden Begleiter sehr vieler Gerichte, von eingelegten Roter Bete und leichten Fischgerichten bis hin zu milden Curries oder einer Wurstplatte.<\/p>\n<p>Name: SANDSTEIN<br \/>\nRebsorte: Riesling<br \/>\nGeschmacksrichtung: trocken<br \/>\nBoden: Rotliegendes (Sandsteinverwitterung)<br \/>\nLese: Handlese<br \/>\nAusbau und Hefelager: spontane Verg\u00e4rung und 6 Monate auf der Vollhefe im Edelstahl<br \/>\nJahrgang: 2025<br \/>\nAlc. vol.: 12.5 % vol.<br \/>\nRZ: 7.1 g\/l<br \/>\nS\u00e4ure: 7.1 g\/l<br \/>\nFreie schweflige S\u00e4ure: 32.0 mg\/l<br \/>\nGesamte schweflige S\u00e4ure: 82.0 mg\/l<\/p>\n<p>trinkreife: ab sofort &#8211; 2031<br \/>\n\u00d6kozertifizierung: DE-\u00d6KO-022 &amp; demeter<br \/>\nVegan: ja<br \/>\nAllergenhinweis: enth\u00e4lt Sulfite<br \/>\nSch\u00f6nungen: keine<br \/>\nVerschluss: Schraubverschluss<\/p>\n<p>Gutsabf\u00fcllung &#8211; Weingut Gysler &#8211; Gro\u00dfer Spitzenberg 8 &#8211; D- 55232 Alzey-Weinheim &#8211; DE-\u00d6KO-022 &#8211; Demeter zertifiziert &#8211; \u00d6ko zertifiziert &#8211; Vegan erzeugt &#8211; Deutsche Landwirtschaft &#8211; Deutscher Qualit\u00e4tswein &#8211; Allergenhinweis: enth\u00e4lt Sulfite &#8211; 750ml &#8211; 12,5% vol<\/p>\n<h3>N\u00e4hrwerttabelle:<\/h3>\n<p><iframe loading=\"lazy\" src=\"https:\/\/weinlabels.de\/php\/qr-code-iframe.php?qr_id=2551&amp;firmenId=76 width=\" height=\"400px\"><\/iframe><\/p>\n","protected":false},"excerpt":{"rendered":"<p>Eleganz und Finesse, fruchtig, frisch, rund und harmonisch<\/p>\n","protected":false},"featured_media":3130,"comment_status":"open","ping_status":"closed","template":"","meta":[],"product_brand":[],"product_cat":[90],"product_tag":[186,115,95],"class_list":{"0":"post-4187","1":"product","2":"type-product","3":"status-publish","4":"has-post-thumbnail","6":"product_cat-gutsweine","7":"product_tag-186","8":"product_tag-riesling","9":"product_tag-trocken","11":"first","12":"instock","13":"taxable","14":"shipping-taxable","15":"purchasable","16":"product-type-simple"},"yoast_head":"<!-- This site is optimized with the Yoast SEO plugin v27.1.1 - https:\/\/yoast.com\/product\/yoast-seo-wordpress\/ -->\n<title>SANDSTEIN - Riesling 2025 trocken - Weingut Alexander Gysler<\/title>\n<meta name=\"robots\" content=\"index, follow, max-snippet:-1, max-image-preview:large, max-video-preview:-1\" \/>\n<link rel=\"canonical\" href=\"https:\/\/alexander-gysler.de\/en\/produkt\/sandstein-riesling-2025-trocken\/\" \/>\n<meta property=\"og:locale\" content=\"en_US\" \/>\n<meta property=\"og:type\" content=\"article\" \/>\n<meta property=\"og:title\" content=\"SANDSTEIN - Riesling 2025 trocken - Weingut Alexander Gysler\" \/>\n<meta property=\"og:description\" content=\"Eleganz und Finesse, fruchtig, frisch, rund und harmonisch\" \/>\n<meta property=\"og:url\" content=\"https:\/\/alexander-gysler.de\/en\/produkt\/sandstein-riesling-2025-trocken\/\" \/>\n<meta property=\"og:site_name\" content=\"Weingut Alexander Gysler\" \/>\n<meta property=\"article:modified_time\" content=\"2026-02-27T14:37:21+00:00\" \/>\n<meta property=\"og:image\" content=\"https:\/\/alexander-gysler.de\/wp-content\/uploads\/2023\/03\/T5-RC.png\" \/>\n\t<meta property=\"og:image:width\" content=\"791\" \/>\n\t<meta property=\"og:image:height\" content=\"1412\" \/>\n\t<meta property=\"og:image:type\" content=\"image\/png\" \/>\n<meta name=\"twitter:card\" content=\"summary_large_image\" \/>\n<meta name=\"twitter:label1\" content=\"Est. reading time\" \/>\n\t<meta name=\"twitter:data1\" content=\"1 minute\" \/>\n<script type=\"application\/ld+json\" class=\"yoast-schema-graph\">{\"@context\":\"https:\/\/schema.org\",\"@graph\":[{\"@type\":\"WebPage\",\"@id\":\"https:\/\/alexander-gysler.de\/en\/produkt\/sandstein-riesling-2025-trocken\/\",\"url\":\"https:\/\/alexander-gysler.de\/en\/produkt\/sandstein-riesling-2025-trocken\/\",\"name\":\"SANDSTEIN - Riesling 2025 trocken - Weingut Alexander Gysler\",\"isPartOf\":{\"@id\":\"https:\/\/alexander-gysler.de\/en\/#website\"},\"primaryImageOfPage\":{\"@id\":\"https:\/\/alexander-gysler.de\/en\/produkt\/sandstein-riesling-2025-trocken\/#primaryimage\"},\"image\":{\"@id\":\"https:\/\/alexander-gysler.de\/en\/produkt\/sandstein-riesling-2025-trocken\/#primaryimage\"},\"thumbnailUrl\":\"https:\/\/alexander-gysler.de\/wp-content\/uploads\/2023\/03\/T5-RC.png\",\"datePublished\":\"2026-02-11T13:32:57+00:00\",\"dateModified\":\"2026-02-27T14:37:21+00:00\",\"breadcrumb\":{\"@id\":\"https:\/\/alexander-gysler.de\/en\/produkt\/sandstein-riesling-2025-trocken\/#breadcrumb\"},\"inLanguage\":\"en-US\",\"potentialAction\":[{\"@type\":\"ReadAction\",\"target\":[\"https:\/\/alexander-gysler.de\/en\/produkt\/sandstein-riesling-2025-trocken\/\"]}]},{\"@type\":\"ImageObject\",\"inLanguage\":\"en-US\",\"@id\":\"https:\/\/alexander-gysler.de\/en\/produkt\/sandstein-riesling-2025-trocken\/#primaryimage\",\"url\":\"https:\/\/alexander-gysler.de\/wp-content\/uploads\/2023\/03\/T5-RC.png\",\"contentUrl\":\"https:\/\/alexander-gysler.de\/wp-content\/uploads\/2023\/03\/T5-RC.png\",\"width\":791,\"height\":1412},{\"@type\":\"BreadcrumbList\",\"@id\":\"https:\/\/alexander-gysler.de\/en\/produkt\/sandstein-riesling-2025-trocken\/#breadcrumb\",\"itemListElement\":[{\"@type\":\"ListItem\",\"position\":1,\"name\":\"Home\",\"item\":\"https:\/\/alexander-gysler.de\/en\/\"},{\"@type\":\"ListItem\",\"position\":2,\"name\":\"Shop\",\"item\":\"https:\/\/alexander-gysler.de\/en\/shop\/\"},{\"@type\":\"ListItem\",\"position\":3,\"name\":\"SANDSTEIN &#8211; Riesling 2025 trocken\"}]},{\"@type\":\"WebSite\",\"@id\":\"https:\/\/alexander-gysler.de\/en\/#website\",\"url\":\"https:\/\/alexander-gysler.de\/en\/\",\"name\":\"Weingut Alexander Gysler\",\"description\":\"\",\"publisher\":{\"@id\":\"https:\/\/alexander-gysler.de\/en\/#organization\"},\"potentialAction\":[{\"@type\":\"SearchAction\",\"target\":{\"@type\":\"EntryPoint\",\"urlTemplate\":\"https:\/\/alexander-gysler.de\/en\/?s={search_term_string}\"},\"query-input\":{\"@type\":\"PropertyValueSpecification\",\"valueRequired\":true,\"valueName\":\"search_term_string\"}}],\"inLanguage\":\"en-US\"},{\"@type\":\"Organization\",\"@id\":\"https:\/\/alexander-gysler.de\/en\/#organization\",\"name\":\"Weingut Alexander Gysler\",\"url\":\"https:\/\/alexander-gysler.de\/en\/\",\"logo\":{\"@type\":\"ImageObject\",\"inLanguage\":\"en-US\",\"@id\":\"https:\/\/alexander-gysler.de\/en\/#\/schema\/logo\/image\/\",\"url\":\"https:\/\/alexander-gysler.de\/wp-content\/uploads\/2020\/01\/WeingutGysler_Logo.png\",\"contentUrl\":\"https:\/\/alexander-gysler.de\/wp-content\/uploads\/2020\/01\/WeingutGysler_Logo.png\",\"width\":300,\"height\":100,\"caption\":\"Weingut Alexander Gysler\"},\"image\":{\"@id\":\"https:\/\/alexander-gysler.de\/en\/#\/schema\/logo\/image\/\"}}]}<\/script>\n<!-- \/ Yoast SEO plugin. -->","yoast_head_json":{"title":"SANDSTEIN - Riesling 2025 trocken - Weingut Alexander Gysler","robots":{"index":"index","follow":"follow","max-snippet":"max-snippet:-1","max-image-preview":"max-image-preview:large","max-video-preview":"max-video-preview:-1"},"canonical":"https:\/\/alexander-gysler.de\/en\/produkt\/sandstein-riesling-2025-trocken\/","og_locale":"en_US","og_type":"article","og_title":"SANDSTEIN - Riesling 2025 trocken - Weingut Alexander Gysler","og_description":"Eleganz und Finesse, fruchtig, frisch, rund und harmonisch","og_url":"https:\/\/alexander-gysler.de\/en\/produkt\/sandstein-riesling-2025-trocken\/","og_site_name":"Weingut Alexander Gysler","article_modified_time":"2026-02-27T14:37:21+00:00","og_image":[{"width":791,"height":1412,"url":"https:\/\/alexander-gysler.de\/wp-content\/uploads\/2023\/03\/T5-RC.png","type":"image\/png"}],"twitter_card":"summary_large_image","twitter_misc":{"Est. reading time":"1 minute"},"schema":{"@context":"https:\/\/schema.org","@graph":[{"@type":"WebPage","@id":"https:\/\/alexander-gysler.de\/en\/produkt\/sandstein-riesling-2025-trocken\/","url":"https:\/\/alexander-gysler.de\/en\/produkt\/sandstein-riesling-2025-trocken\/","name":"SANDSTEIN - Riesling 2025 trocken - Weingut Alexander Gysler","isPartOf":{"@id":"https:\/\/alexander-gysler.de\/en\/#website"},"primaryImageOfPage":{"@id":"https:\/\/alexander-gysler.de\/en\/produkt\/sandstein-riesling-2025-trocken\/#primaryimage"},"image":{"@id":"https:\/\/alexander-gysler.de\/en\/produkt\/sandstein-riesling-2025-trocken\/#primaryimage"},"thumbnailUrl":"https:\/\/alexander-gysler.de\/wp-content\/uploads\/2023\/03\/T5-RC.png","datePublished":"2026-02-11T13:32:57+00:00","dateModified":"2026-02-27T14:37:21+00:00","breadcrumb":{"@id":"https:\/\/alexander-gysler.de\/en\/produkt\/sandstein-riesling-2025-trocken\/#breadcrumb"},"inLanguage":"en-US","potentialAction":[{"@type":"ReadAction","target":["https:\/\/alexander-gysler.de\/en\/produkt\/sandstein-riesling-2025-trocken\/"]}]},{"@type":"ImageObject","inLanguage":"en-US","@id":"https:\/\/alexander-gysler.de\/en\/produkt\/sandstein-riesling-2025-trocken\/#primaryimage","url":"https:\/\/alexander-gysler.de\/wp-content\/uploads\/2023\/03\/T5-RC.png","contentUrl":"https:\/\/alexander-gysler.de\/wp-content\/uploads\/2023\/03\/T5-RC.png","width":791,"height":1412},{"@type":"BreadcrumbList","@id":"https:\/\/alexander-gysler.de\/en\/produkt\/sandstein-riesling-2025-trocken\/#breadcrumb","itemListElement":[{"@type":"ListItem","position":1,"name":"Home","item":"https:\/\/alexander-gysler.de\/en\/"},{"@type":"ListItem","position":2,"name":"Shop","item":"https:\/\/alexander-gysler.de\/en\/shop\/"},{"@type":"ListItem","position":3,"name":"SANDSTEIN &#8211; Riesling 2025 trocken"}]},{"@type":"WebSite","@id":"https:\/\/alexander-gysler.de\/en\/#website","url":"https:\/\/alexander-gysler.de\/en\/","name":"Weingut Alexander Gysler","description":"","publisher":{"@id":"https:\/\/alexander-gysler.de\/en\/#organization"},"potentialAction":[{"@type":"SearchAction","target":{"@type":"EntryPoint","urlTemplate":"https:\/\/alexander-gysler.de\/en\/?s={search_term_string}"},"query-input":{"@type":"PropertyValueSpecification","valueRequired":true,"valueName":"search_term_string"}}],"inLanguage":"en-US"},{"@type":"Organization","@id":"https:\/\/alexander-gysler.de\/en\/#organization","name":"Weingut Alexander Gysler","url":"https:\/\/alexander-gysler.de\/en\/","logo":{"@type":"ImageObject","inLanguage":"en-US","@id":"https:\/\/alexander-gysler.de\/en\/#\/schema\/logo\/image\/","url":"https:\/\/alexander-gysler.de\/wp-content\/uploads\/2020\/01\/WeingutGysler_Logo.png","contentUrl":"https:\/\/alexander-gysler.de\/wp-content\/uploads\/2020\/01\/WeingutGysler_Logo.png","width":300,"height":100,"caption":"Weingut Alexander Gysler"},"image":{"@id":"https:\/\/alexander-gysler.de\/en\/#\/schema\/logo\/image\/"}}]}},"_links":{"self":[{"href":"https:\/\/alexander-gysler.de\/en\/wp-json\/wp\/v2\/product\/4187","targetHints":{"allow":["GET"]}}],"collection":[{"href":"https:\/\/alexander-gysler.de\/en\/wp-json\/wp\/v2\/product"}],"about":[{"href":"https:\/\/alexander-gysler.de\/en\/wp-json\/wp\/v2\/types\/product"}],"replies":[{"embeddable":true,"href":"https:\/\/alexander-gysler.de\/en\/wp-json\/wp\/v2\/comments?post=4187"}],"wp:featuredmedia":[{"embeddable":true,"href":"https:\/\/alexander-gysler.de\/en\/wp-json\/wp\/v2\/media\/3130"}],"wp:attachment":[{"href":"https:\/\/alexander-gysler.de\/en\/wp-json\/wp\/v2\/media?parent=4187"}],"wp:term":[{"taxonomy":"product_brand","embeddable":true,"href":"https:\/\/alexander-gysler.de\/en\/wp-json\/wp\/v2\/product_brand?post=4187"},{"taxonomy":"product_cat","embeddable":true,"href":"https:\/\/alexander-gysler.de\/en\/wp-json\/wp\/v2\/product_cat?post=4187"},{"taxonomy":"product_tag","embeddable":true,"href":"https:\/\/alexander-gysler.de\/en\/wp-json\/wp\/v2\/product_tag?post=4187"}],"curies":[{"name":"wp","href":"https:\/\/api.w.org\/{rel}","templated":true}]}}