{"id":4126,"date":"2025-12-03T16:51:45","date_gmt":"2025-12-03T15:51:45","guid":{"rendered":"https:\/\/alexander-gysler.de\/?post_type=product&#038;p=4126"},"modified":"2025-12-03T16:59:59","modified_gmt":"2025-12-03T15:59:59","slug":"3er-magnum-kombi","status":"publish","type":"product","link":"https:\/\/alexander-gysler.de\/en\/produkt\/3er-magnum-kombi\/","title":{"rendered":"3er Magnum-Kombi"},"content":{"rendered":"<p>Diese 3er Magnum-Kombi<\/p>\n<p>1 Flasche &#8211; Kirchenst\u00fcck Wei\u00dfburgunder trocken 2021 1500ml &#8211; 12,5% vol.<\/p>\n<p>1 Flasche &#8211; H\u00f6lle Riesling trocken 2022 1500ml &#8211; 12,5% vol.<\/p>\n<p>1 Flaschen &#8211; Pinot Brut &#8211; brut nature 1500ml &#8211; 12% vol.<\/p>\n<p>! Abbildung \u00e4hnlich !<\/p>\n<p>Gutsabf\u00fcllung &#8211; Weingut Gysler &#8211; Gro\u00dfer Spitzenberg 8 &#8211; D- 55232 Alzey-Weinheim &#8211; DE \u00d6ko 022 &#8211; Demeter zertifiziert &#8211; \u00d6ko zertifiziert &#8211; Vegan erzeugt &#8211; Deutsche Landwirtschaft &#8211; Allergenhinweis: enth\u00e4lt Sulfite<\/p>\n","protected":false},"excerpt":{"rendered":"<p>Diese 3er Magnum-Kombi 1 Flasche &#8211; Kirchenst\u00fcck Wei\u00dfburgunder trocken 2021 1500ml &#8211; 12,5% vol. 1 Flasche &#8211; H\u00f6lle Riesling trocken 2022 1500ml &#8211; 12,5% vol. 1 Flaschen &#8211; Pinot Brut &#8211; brut nature 1500ml &#8211; 12% vol. ! Abbildung \u00e4hnlich ! Gutsabf\u00fcllung &#8211; Weingut Gysler &#8211; Gro\u00dfer Spitzenberg 8 &#8211; D- 55232 Alzey-Weinheim &#8211; DE [&#8230;]\n","protected":false},"featured_media":4127,"comment_status":"closed","ping_status":"closed","template":"","meta":[],"product_brand":[],"product_cat":[180,106],"product_tag":[115,117],"class_list":{"0":"post-4126","1":"product","2":"type-product","3":"status-publish","4":"has-post-thumbnail","6":"product_cat-magnum","7":"product_cat-weinkisten","8":"product_tag-riesling","9":"product_tag-sekt","10":"product_shipping_class-12-flaschen","12":"first","13":"instock","14":"taxable","15":"shipping-taxable","16":"purchasable","17":"product-type-simple"},"yoast_head":"<!-- This site is optimized with the Yoast SEO plugin v27.1.1 - https:\/\/yoast.com\/product\/yoast-seo-wordpress\/ -->\n<title>3er Magnum-Kombi - Weingut Alexander Gysler<\/title>\n<meta name=\"robots\" content=\"index, follow, max-snippet:-1, max-image-preview:large, max-video-preview:-1\" \/>\n<link rel=\"canonical\" href=\"https:\/\/alexander-gysler.de\/en\/produkt\/3er-magnum-kombi\/\" \/>\n<meta property=\"og:locale\" content=\"en_US\" \/>\n<meta property=\"og:type\" content=\"article\" \/>\n<meta property=\"og:title\" content=\"3er Magnum-Kombi - Weingut Alexander Gysler\" \/>\n<meta property=\"og:description\" content=\"Diese 3er Magnum-Kombi 1 Flasche &#8211; Kirchenst\u00fcck Wei\u00dfburgunder trocken 2021 1500ml &#8211; 12,5% vol. 1 Flasche &#8211; H\u00f6lle Riesling trocken 2022 1500ml &#8211; 12,5% vol. 1 Flaschen &#8211; Pinot Brut &#8211; brut nature 1500ml &#8211; 12% vol. ! Abbildung \u00e4hnlich ! Gutsabf\u00fcllung &#8211; Weingut Gysler &#8211; Gro\u00dfer Spitzenberg 8 &#8211; D- 55232 Alzey-Weinheim &#8211; DE [...]\" \/>\n<meta property=\"og:url\" content=\"https:\/\/alexander-gysler.de\/en\/produkt\/3er-magnum-kombi\/\" \/>\n<meta property=\"og:site_name\" content=\"Weingut Alexander Gysler\" \/>\n<meta property=\"article:modified_time\" content=\"2025-12-03T15:59:59+00:00\" \/>\n<meta property=\"og:image\" content=\"https:\/\/alexander-gysler.de\/wp-content\/uploads\/2025\/12\/3er-Magnum.png\" \/>\n\t<meta property=\"og:image:width\" content=\"791\" \/>\n\t<meta property=\"og:image:height\" content=\"1412\" \/>\n\t<meta property=\"og:image:type\" content=\"image\/png\" \/>\n<meta name=\"twitter:card\" content=\"summary_large_image\" \/>\n<script type=\"application\/ld+json\" class=\"yoast-schema-graph\">{\"@context\":\"https:\/\/schema.org\",\"@graph\":[{\"@type\":\"WebPage\",\"@id\":\"https:\/\/alexander-gysler.de\/en\/produkt\/3er-magnum-kombi\/\",\"url\":\"https:\/\/alexander-gysler.de\/en\/produkt\/3er-magnum-kombi\/\",\"name\":\"3er Magnum-Kombi - Weingut Alexander Gysler\",\"isPartOf\":{\"@id\":\"https:\/\/alexander-gysler.de\/en\/#website\"},\"primaryImageOfPage\":{\"@id\":\"https:\/\/alexander-gysler.de\/en\/produkt\/3er-magnum-kombi\/#primaryimage\"},\"image\":{\"@id\":\"https:\/\/alexander-gysler.de\/en\/produkt\/3er-magnum-kombi\/#primaryimage\"},\"thumbnailUrl\":\"https:\/\/alexander-gysler.de\/wp-content\/uploads\/2025\/12\/3er-Magnum.png\",\"datePublished\":\"2025-12-03T15:51:45+00:00\",\"dateModified\":\"2025-12-03T15:59:59+00:00\",\"breadcrumb\":{\"@id\":\"https:\/\/alexander-gysler.de\/en\/produkt\/3er-magnum-kombi\/#breadcrumb\"},\"inLanguage\":\"en-US\",\"potentialAction\":[{\"@type\":\"ReadAction\",\"target\":[\"https:\/\/alexander-gysler.de\/en\/produkt\/3er-magnum-kombi\/\"]}]},{\"@type\":\"ImageObject\",\"inLanguage\":\"en-US\",\"@id\":\"https:\/\/alexander-gysler.de\/en\/produkt\/3er-magnum-kombi\/#primaryimage\",\"url\":\"https:\/\/alexander-gysler.de\/wp-content\/uploads\/2025\/12\/3er-Magnum.png\",\"contentUrl\":\"https:\/\/alexander-gysler.de\/wp-content\/uploads\/2025\/12\/3er-Magnum.png\",\"width\":791,\"height\":1412},{\"@type\":\"BreadcrumbList\",\"@id\":\"https:\/\/alexander-gysler.de\/en\/produkt\/3er-magnum-kombi\/#breadcrumb\",\"itemListElement\":[{\"@type\":\"ListItem\",\"position\":1,\"name\":\"Home\",\"item\":\"https:\/\/alexander-gysler.de\/en\/\"},{\"@type\":\"ListItem\",\"position\":2,\"name\":\"Shop\",\"item\":\"https:\/\/alexander-gysler.de\/en\/shop\/\"},{\"@type\":\"ListItem\",\"position\":3,\"name\":\"3er Magnum-Kombi\"}]},{\"@type\":\"WebSite\",\"@id\":\"https:\/\/alexander-gysler.de\/en\/#website\",\"url\":\"https:\/\/alexander-gysler.de\/en\/\",\"name\":\"Weingut Alexander Gysler\",\"description\":\"\",\"publisher\":{\"@id\":\"https:\/\/alexander-gysler.de\/en\/#organization\"},\"potentialAction\":[{\"@type\":\"SearchAction\",\"target\":{\"@type\":\"EntryPoint\",\"urlTemplate\":\"https:\/\/alexander-gysler.de\/en\/?s={search_term_string}\"},\"query-input\":{\"@type\":\"PropertyValueSpecification\",\"valueRequired\":true,\"valueName\":\"search_term_string\"}}],\"inLanguage\":\"en-US\"},{\"@type\":\"Organization\",\"@id\":\"https:\/\/alexander-gysler.de\/en\/#organization\",\"name\":\"Weingut Alexander Gysler\",\"url\":\"https:\/\/alexander-gysler.de\/en\/\",\"logo\":{\"@type\":\"ImageObject\",\"inLanguage\":\"en-US\",\"@id\":\"https:\/\/alexander-gysler.de\/en\/#\/schema\/logo\/image\/\",\"url\":\"https:\/\/alexander-gysler.de\/wp-content\/uploads\/2020\/01\/WeingutGysler_Logo.png\",\"contentUrl\":\"https:\/\/alexander-gysler.de\/wp-content\/uploads\/2020\/01\/WeingutGysler_Logo.png\",\"width\":300,\"height\":100,\"caption\":\"Weingut Alexander Gysler\"},\"image\":{\"@id\":\"https:\/\/alexander-gysler.de\/en\/#\/schema\/logo\/image\/\"}}]}<\/script>\n<!-- \/ Yoast SEO plugin. -->","yoast_head_json":{"title":"3er Magnum-Kombi - Weingut Alexander Gysler","robots":{"index":"index","follow":"follow","max-snippet":"max-snippet:-1","max-image-preview":"max-image-preview:large","max-video-preview":"max-video-preview:-1"},"canonical":"https:\/\/alexander-gysler.de\/en\/produkt\/3er-magnum-kombi\/","og_locale":"en_US","og_type":"article","og_title":"3er Magnum-Kombi - Weingut Alexander Gysler","og_description":"Diese 3er Magnum-Kombi 1 Flasche &#8211; Kirchenst\u00fcck Wei\u00dfburgunder trocken 2021 1500ml &#8211; 12,5% vol. 1 Flasche &#8211; H\u00f6lle Riesling trocken 2022 1500ml &#8211; 12,5% vol. 1 Flaschen &#8211; Pinot Brut &#8211; brut nature 1500ml &#8211; 12% vol. ! Abbildung \u00e4hnlich ! Gutsabf\u00fcllung &#8211; Weingut Gysler &#8211; Gro\u00dfer Spitzenberg 8 &#8211; D- 55232 Alzey-Weinheim &#8211; DE [...]","og_url":"https:\/\/alexander-gysler.de\/en\/produkt\/3er-magnum-kombi\/","og_site_name":"Weingut Alexander Gysler","article_modified_time":"2025-12-03T15:59:59+00:00","og_image":[{"width":791,"height":1412,"url":"https:\/\/alexander-gysler.de\/wp-content\/uploads\/2025\/12\/3er-Magnum.png","type":"image\/png"}],"twitter_card":"summary_large_image","schema":{"@context":"https:\/\/schema.org","@graph":[{"@type":"WebPage","@id":"https:\/\/alexander-gysler.de\/en\/produkt\/3er-magnum-kombi\/","url":"https:\/\/alexander-gysler.de\/en\/produkt\/3er-magnum-kombi\/","name":"3er Magnum-Kombi - Weingut Alexander Gysler","isPartOf":{"@id":"https:\/\/alexander-gysler.de\/en\/#website"},"primaryImageOfPage":{"@id":"https:\/\/alexander-gysler.de\/en\/produkt\/3er-magnum-kombi\/#primaryimage"},"image":{"@id":"https:\/\/alexander-gysler.de\/en\/produkt\/3er-magnum-kombi\/#primaryimage"},"thumbnailUrl":"https:\/\/alexander-gysler.de\/wp-content\/uploads\/2025\/12\/3er-Magnum.png","datePublished":"2025-12-03T15:51:45+00:00","dateModified":"2025-12-03T15:59:59+00:00","breadcrumb":{"@id":"https:\/\/alexander-gysler.de\/en\/produkt\/3er-magnum-kombi\/#breadcrumb"},"inLanguage":"en-US","potentialAction":[{"@type":"ReadAction","target":["https:\/\/alexander-gysler.de\/en\/produkt\/3er-magnum-kombi\/"]}]},{"@type":"ImageObject","inLanguage":"en-US","@id":"https:\/\/alexander-gysler.de\/en\/produkt\/3er-magnum-kombi\/#primaryimage","url":"https:\/\/alexander-gysler.de\/wp-content\/uploads\/2025\/12\/3er-Magnum.png","contentUrl":"https:\/\/alexander-gysler.de\/wp-content\/uploads\/2025\/12\/3er-Magnum.png","width":791,"height":1412},{"@type":"BreadcrumbList","@id":"https:\/\/alexander-gysler.de\/en\/produkt\/3er-magnum-kombi\/#breadcrumb","itemListElement":[{"@type":"ListItem","position":1,"name":"Home","item":"https:\/\/alexander-gysler.de\/en\/"},{"@type":"ListItem","position":2,"name":"Shop","item":"https:\/\/alexander-gysler.de\/en\/shop\/"},{"@type":"ListItem","position":3,"name":"3er Magnum-Kombi"}]},{"@type":"WebSite","@id":"https:\/\/alexander-gysler.de\/en\/#website","url":"https:\/\/alexander-gysler.de\/en\/","name":"Weingut Alexander Gysler","description":"","publisher":{"@id":"https:\/\/alexander-gysler.de\/en\/#organization"},"potentialAction":[{"@type":"SearchAction","target":{"@type":"EntryPoint","urlTemplate":"https:\/\/alexander-gysler.de\/en\/?s={search_term_string}"},"query-input":{"@type":"PropertyValueSpecification","valueRequired":true,"valueName":"search_term_string"}}],"inLanguage":"en-US"},{"@type":"Organization","@id":"https:\/\/alexander-gysler.de\/en\/#organization","name":"Weingut Alexander Gysler","url":"https:\/\/alexander-gysler.de\/en\/","logo":{"@type":"ImageObject","inLanguage":"en-US","@id":"https:\/\/alexander-gysler.de\/en\/#\/schema\/logo\/image\/","url":"https:\/\/alexander-gysler.de\/wp-content\/uploads\/2020\/01\/WeingutGysler_Logo.png","contentUrl":"https:\/\/alexander-gysler.de\/wp-content\/uploads\/2020\/01\/WeingutGysler_Logo.png","width":300,"height":100,"caption":"Weingut Alexander Gysler"},"image":{"@id":"https:\/\/alexander-gysler.de\/en\/#\/schema\/logo\/image\/"}}]}},"_links":{"self":[{"href":"https:\/\/alexander-gysler.de\/en\/wp-json\/wp\/v2\/product\/4126","targetHints":{"allow":["GET"]}}],"collection":[{"href":"https:\/\/alexander-gysler.de\/en\/wp-json\/wp\/v2\/product"}],"about":[{"href":"https:\/\/alexander-gysler.de\/en\/wp-json\/wp\/v2\/types\/product"}],"replies":[{"embeddable":true,"href":"https:\/\/alexander-gysler.de\/en\/wp-json\/wp\/v2\/comments?post=4126"}],"wp:featuredmedia":[{"embeddable":true,"href":"https:\/\/alexander-gysler.de\/en\/wp-json\/wp\/v2\/media\/4127"}],"wp:attachment":[{"href":"https:\/\/alexander-gysler.de\/en\/wp-json\/wp\/v2\/media?parent=4126"}],"wp:term":[{"taxonomy":"product_brand","embeddable":true,"href":"https:\/\/alexander-gysler.de\/en\/wp-json\/wp\/v2\/product_brand?post=4126"},{"taxonomy":"product_cat","embeddable":true,"href":"https:\/\/alexander-gysler.de\/en\/wp-json\/wp\/v2\/product_cat?post=4126"},{"taxonomy":"product_tag","embeddable":true,"href":"https:\/\/alexander-gysler.de\/en\/wp-json\/wp\/v2\/product_tag?post=4126"}],"curies":[{"name":"wp","href":"https:\/\/api.w.org\/{rel}","templated":true}]}}