{"id":3839,"date":"2025-03-27T16:46:34","date_gmt":"2025-03-27T15:46:34","guid":{"rendered":"https:\/\/alexander-gysler.de\/?post_type=product&#038;p=3839"},"modified":"2026-03-13T13:18:19","modified_gmt":"2026-03-13T12:18:19","slug":"pinot-brut-blanc-noir-sekt-brut-nature","status":"publish","type":"product","link":"https:\/\/alexander-gysler.de\/en\/produkt\/pinot-brut-blanc-noir-sekt-brut-nature\/","title":{"rendered":"PINOT BRUT &#8211; Blanc &#038; Noir Sekt Brut nature"},"content":{"rendered":"<p>Der Pinot, Duft nach Brioche, feinfruchtig, saftig, sehr lebendig und frisch. Ein herrlicher Sekt!<\/p>\n<p>Seit seinem Deb\u00fct im ersten Jahr unserer Sektproduktion ist der Pinot Sekt brut nature zu einem festen Bestandteil unseres Sortiments geworden \u2013 pr\u00e4zise, puristisch und kompromisslos trocken. Dieser Sekt entsteht im traditionellen Verfahren der Flascheng\u00e4rung und \u00fcberzeugt durch Klarheit, Eleganz und Tiefe.<br \/>\nNach 24 Monaten Hefelager zeigt er sich frisch und lebendig mit feiner Perlage, zarten Hefenoten und einem straffen, mineralischen Charakter. Ganz ohne Zusatz von Schwefel, unfiltriert und frei von Dosage \u2013 ein Sekt, der kompromisslos unserem Anspruch folgt: Weine reinster Seele.<br \/>\nWer es noch feiner mag, entdeckt in unserem Sortiment auch die Pinot Reserve Magnum, mit ganzen 60 Monaten Hefelager \u2013 ein Genuss voller Eleganz und Finesse.<\/p>\n<p>Name: PINOT BRUT<br \/>\nRebsorte: Sp\u00e4tburgunder und Wei\u00dfburgunder<br \/>\nGeschmacksrichtung: brut nature<br \/>\nLese: Handlese<br \/>\nAusbau und Hefelager: je 1\/3 im Barrique, St\u00fcckfass und Edelstahl f\u00fcr 12 Monate und weitere 24 Monate traditionelle Flascheng\u00e4rung<br \/>\nAlc. vol.: 11.5 % vol.<br \/>\nRZ: 1.9 g\/l<br \/>\nS\u00e4ure: 7.3 g\/l<br \/>\n\u00d6kozertifizierung: DE-\u00d6KO-022 &amp; demeter<br \/>\nVegan: ja<br \/>\nAllergenhinweis: enth\u00e4lt Sulfite<br \/>\nSch\u00f6nungen: keine<br \/>\nVerschluss: Naturkork<\/p>\n<p>Gutsabf\u00fcllung &#8211; Weingut Gysler &#8211; Gro\u00dfer Spitzenberg 8 &#8211; D- 55232 Alzey-Weinheim &#8211; DE-\u00d6KO-022 &#8211; Demeter zertifiziert &#8211; \u00d6ko zertifiziert &#8211; Vegan erzeugt &#8211; Deutsche Landwirtschaft &#8211; Allergenhinweis: enth\u00e4lt Sulfite &#8211; Alkoholgehalt: 11,5% vol. &#8211; Inhalt: 750 ml<\/p>\n<h3>N\u00e4hrwerttabelle:<\/h3>\n<p><iframe loading=\"lazy\" src=\"https:\/\/weinlabels.de\/php\/qr-code-iframe.php?qr_id=1712&amp;firmenId=76 width=\" height=\"500px\"><\/iframe><\/p>\n","protected":false},"excerpt":{"rendered":"<p>feinfruchtig, saftig, sehr lebendig<\/p>\n","protected":false},"featured_media":2524,"comment_status":"open","ping_status":"closed","template":"","meta":[],"product_brand":[],"product_cat":[93],"product_tag":[117,95],"class_list":{"0":"post-3839","1":"product","2":"type-product","3":"status-publish","4":"has-post-thumbnail","6":"product_cat-sekt","7":"product_tag-sekt","8":"product_tag-trocken","10":"first","11":"instock","12":"taxable","13":"shipping-taxable","14":"purchasable","15":"product-type-simple"},"yoast_head":"<!-- This site is optimized with the Yoast SEO plugin v27.1.1 - https:\/\/yoast.com\/product\/yoast-seo-wordpress\/ -->\n<title>PINOT BRUT - Blanc &amp; Noir Sekt Brut nature - Weingut Alexander Gysler<\/title>\n<meta name=\"robots\" content=\"index, follow, max-snippet:-1, max-image-preview:large, max-video-preview:-1\" \/>\n<link rel=\"canonical\" href=\"https:\/\/alexander-gysler.de\/en\/produkt\/pinot-brut-blanc-noir-sekt-brut-nature\/\" \/>\n<meta property=\"og:locale\" content=\"en_US\" \/>\n<meta property=\"og:type\" content=\"article\" \/>\n<meta property=\"og:title\" content=\"PINOT BRUT - Blanc &amp; Noir Sekt Brut nature - Weingut Alexander Gysler\" \/>\n<meta property=\"og:description\" content=\"feinfruchtig, saftig, sehr lebendig\" \/>\n<meta property=\"og:url\" content=\"https:\/\/alexander-gysler.de\/en\/produkt\/pinot-brut-blanc-noir-sekt-brut-nature\/\" \/>\n<meta property=\"og:site_name\" content=\"Weingut Alexander Gysler\" \/>\n<meta property=\"article:modified_time\" content=\"2026-03-13T12:18:19+00:00\" \/>\n<meta property=\"og:image\" content=\"https:\/\/alexander-gysler.de\/wp-content\/uploads\/2021\/09\/PB18.png\" \/>\n\t<meta property=\"og:image:width\" content=\"791\" \/>\n\t<meta property=\"og:image:height\" content=\"1412\" \/>\n\t<meta property=\"og:image:type\" content=\"image\/png\" \/>\n<meta name=\"twitter:card\" content=\"summary_large_image\" \/>\n<meta name=\"twitter:label1\" content=\"Est. reading time\" \/>\n\t<meta name=\"twitter:data1\" content=\"1 minute\" \/>\n<script type=\"application\/ld+json\" class=\"yoast-schema-graph\">{\"@context\":\"https:\/\/schema.org\",\"@graph\":[{\"@type\":\"WebPage\",\"@id\":\"https:\/\/alexander-gysler.de\/en\/produkt\/pinot-brut-blanc-noir-sekt-brut-nature\/\",\"url\":\"https:\/\/alexander-gysler.de\/en\/produkt\/pinot-brut-blanc-noir-sekt-brut-nature\/\",\"name\":\"PINOT BRUT - Blanc & Noir Sekt Brut nature - Weingut Alexander Gysler\",\"isPartOf\":{\"@id\":\"https:\/\/alexander-gysler.de\/en\/#website\"},\"primaryImageOfPage\":{\"@id\":\"https:\/\/alexander-gysler.de\/en\/produkt\/pinot-brut-blanc-noir-sekt-brut-nature\/#primaryimage\"},\"image\":{\"@id\":\"https:\/\/alexander-gysler.de\/en\/produkt\/pinot-brut-blanc-noir-sekt-brut-nature\/#primaryimage\"},\"thumbnailUrl\":\"https:\/\/alexander-gysler.de\/wp-content\/uploads\/2021\/09\/PB18.png\",\"datePublished\":\"2025-03-27T15:46:34+00:00\",\"dateModified\":\"2026-03-13T12:18:19+00:00\",\"breadcrumb\":{\"@id\":\"https:\/\/alexander-gysler.de\/en\/produkt\/pinot-brut-blanc-noir-sekt-brut-nature\/#breadcrumb\"},\"inLanguage\":\"en-US\",\"potentialAction\":[{\"@type\":\"ReadAction\",\"target\":[\"https:\/\/alexander-gysler.de\/en\/produkt\/pinot-brut-blanc-noir-sekt-brut-nature\/\"]}]},{\"@type\":\"ImageObject\",\"inLanguage\":\"en-US\",\"@id\":\"https:\/\/alexander-gysler.de\/en\/produkt\/pinot-brut-blanc-noir-sekt-brut-nature\/#primaryimage\",\"url\":\"https:\/\/alexander-gysler.de\/wp-content\/uploads\/2021\/09\/PB18.png\",\"contentUrl\":\"https:\/\/alexander-gysler.de\/wp-content\/uploads\/2021\/09\/PB18.png\",\"width\":791,\"height\":1412},{\"@type\":\"BreadcrumbList\",\"@id\":\"https:\/\/alexander-gysler.de\/en\/produkt\/pinot-brut-blanc-noir-sekt-brut-nature\/#breadcrumb\",\"itemListElement\":[{\"@type\":\"ListItem\",\"position\":1,\"name\":\"Home\",\"item\":\"https:\/\/alexander-gysler.de\/en\/\"},{\"@type\":\"ListItem\",\"position\":2,\"name\":\"Shop\",\"item\":\"https:\/\/alexander-gysler.de\/en\/shop\/\"},{\"@type\":\"ListItem\",\"position\":3,\"name\":\"PINOT BRUT &#8211; Blanc &#038; Noir Sekt Brut nature\"}]},{\"@type\":\"WebSite\",\"@id\":\"https:\/\/alexander-gysler.de\/en\/#website\",\"url\":\"https:\/\/alexander-gysler.de\/en\/\",\"name\":\"Weingut Alexander Gysler\",\"description\":\"\",\"publisher\":{\"@id\":\"https:\/\/alexander-gysler.de\/en\/#organization\"},\"potentialAction\":[{\"@type\":\"SearchAction\",\"target\":{\"@type\":\"EntryPoint\",\"urlTemplate\":\"https:\/\/alexander-gysler.de\/en\/?s={search_term_string}\"},\"query-input\":{\"@type\":\"PropertyValueSpecification\",\"valueRequired\":true,\"valueName\":\"search_term_string\"}}],\"inLanguage\":\"en-US\"},{\"@type\":\"Organization\",\"@id\":\"https:\/\/alexander-gysler.de\/en\/#organization\",\"name\":\"Weingut Alexander Gysler\",\"url\":\"https:\/\/alexander-gysler.de\/en\/\",\"logo\":{\"@type\":\"ImageObject\",\"inLanguage\":\"en-US\",\"@id\":\"https:\/\/alexander-gysler.de\/en\/#\/schema\/logo\/image\/\",\"url\":\"https:\/\/alexander-gysler.de\/wp-content\/uploads\/2020\/01\/WeingutGysler_Logo.png\",\"contentUrl\":\"https:\/\/alexander-gysler.de\/wp-content\/uploads\/2020\/01\/WeingutGysler_Logo.png\",\"width\":300,\"height\":100,\"caption\":\"Weingut Alexander Gysler\"},\"image\":{\"@id\":\"https:\/\/alexander-gysler.de\/en\/#\/schema\/logo\/image\/\"}}]}<\/script>\n<!-- \/ Yoast SEO plugin. -->","yoast_head_json":{"title":"PINOT BRUT - Blanc & Noir Sekt Brut nature - Weingut Alexander Gysler","robots":{"index":"index","follow":"follow","max-snippet":"max-snippet:-1","max-image-preview":"max-image-preview:large","max-video-preview":"max-video-preview:-1"},"canonical":"https:\/\/alexander-gysler.de\/en\/produkt\/pinot-brut-blanc-noir-sekt-brut-nature\/","og_locale":"en_US","og_type":"article","og_title":"PINOT BRUT - Blanc & Noir Sekt Brut nature - Weingut Alexander Gysler","og_description":"feinfruchtig, saftig, sehr lebendig","og_url":"https:\/\/alexander-gysler.de\/en\/produkt\/pinot-brut-blanc-noir-sekt-brut-nature\/","og_site_name":"Weingut Alexander Gysler","article_modified_time":"2026-03-13T12:18:19+00:00","og_image":[{"width":791,"height":1412,"url":"https:\/\/alexander-gysler.de\/wp-content\/uploads\/2021\/09\/PB18.png","type":"image\/png"}],"twitter_card":"summary_large_image","twitter_misc":{"Est. reading time":"1 minute"},"schema":{"@context":"https:\/\/schema.org","@graph":[{"@type":"WebPage","@id":"https:\/\/alexander-gysler.de\/en\/produkt\/pinot-brut-blanc-noir-sekt-brut-nature\/","url":"https:\/\/alexander-gysler.de\/en\/produkt\/pinot-brut-blanc-noir-sekt-brut-nature\/","name":"PINOT BRUT - Blanc & Noir Sekt Brut nature - Weingut Alexander Gysler","isPartOf":{"@id":"https:\/\/alexander-gysler.de\/en\/#website"},"primaryImageOfPage":{"@id":"https:\/\/alexander-gysler.de\/en\/produkt\/pinot-brut-blanc-noir-sekt-brut-nature\/#primaryimage"},"image":{"@id":"https:\/\/alexander-gysler.de\/en\/produkt\/pinot-brut-blanc-noir-sekt-brut-nature\/#primaryimage"},"thumbnailUrl":"https:\/\/alexander-gysler.de\/wp-content\/uploads\/2021\/09\/PB18.png","datePublished":"2025-03-27T15:46:34+00:00","dateModified":"2026-03-13T12:18:19+00:00","breadcrumb":{"@id":"https:\/\/alexander-gysler.de\/en\/produkt\/pinot-brut-blanc-noir-sekt-brut-nature\/#breadcrumb"},"inLanguage":"en-US","potentialAction":[{"@type":"ReadAction","target":["https:\/\/alexander-gysler.de\/en\/produkt\/pinot-brut-blanc-noir-sekt-brut-nature\/"]}]},{"@type":"ImageObject","inLanguage":"en-US","@id":"https:\/\/alexander-gysler.de\/en\/produkt\/pinot-brut-blanc-noir-sekt-brut-nature\/#primaryimage","url":"https:\/\/alexander-gysler.de\/wp-content\/uploads\/2021\/09\/PB18.png","contentUrl":"https:\/\/alexander-gysler.de\/wp-content\/uploads\/2021\/09\/PB18.png","width":791,"height":1412},{"@type":"BreadcrumbList","@id":"https:\/\/alexander-gysler.de\/en\/produkt\/pinot-brut-blanc-noir-sekt-brut-nature\/#breadcrumb","itemListElement":[{"@type":"ListItem","position":1,"name":"Home","item":"https:\/\/alexander-gysler.de\/en\/"},{"@type":"ListItem","position":2,"name":"Shop","item":"https:\/\/alexander-gysler.de\/en\/shop\/"},{"@type":"ListItem","position":3,"name":"PINOT BRUT &#8211; Blanc &#038; Noir Sekt Brut nature"}]},{"@type":"WebSite","@id":"https:\/\/alexander-gysler.de\/en\/#website","url":"https:\/\/alexander-gysler.de\/en\/","name":"Weingut Alexander Gysler","description":"","publisher":{"@id":"https:\/\/alexander-gysler.de\/en\/#organization"},"potentialAction":[{"@type":"SearchAction","target":{"@type":"EntryPoint","urlTemplate":"https:\/\/alexander-gysler.de\/en\/?s={search_term_string}"},"query-input":{"@type":"PropertyValueSpecification","valueRequired":true,"valueName":"search_term_string"}}],"inLanguage":"en-US"},{"@type":"Organization","@id":"https:\/\/alexander-gysler.de\/en\/#organization","name":"Weingut Alexander Gysler","url":"https:\/\/alexander-gysler.de\/en\/","logo":{"@type":"ImageObject","inLanguage":"en-US","@id":"https:\/\/alexander-gysler.de\/en\/#\/schema\/logo\/image\/","url":"https:\/\/alexander-gysler.de\/wp-content\/uploads\/2020\/01\/WeingutGysler_Logo.png","contentUrl":"https:\/\/alexander-gysler.de\/wp-content\/uploads\/2020\/01\/WeingutGysler_Logo.png","width":300,"height":100,"caption":"Weingut Alexander Gysler"},"image":{"@id":"https:\/\/alexander-gysler.de\/en\/#\/schema\/logo\/image\/"}}]}},"_links":{"self":[{"href":"https:\/\/alexander-gysler.de\/en\/wp-json\/wp\/v2\/product\/3839","targetHints":{"allow":["GET"]}}],"collection":[{"href":"https:\/\/alexander-gysler.de\/en\/wp-json\/wp\/v2\/product"}],"about":[{"href":"https:\/\/alexander-gysler.de\/en\/wp-json\/wp\/v2\/types\/product"}],"replies":[{"embeddable":true,"href":"https:\/\/alexander-gysler.de\/en\/wp-json\/wp\/v2\/comments?post=3839"}],"wp:featuredmedia":[{"embeddable":true,"href":"https:\/\/alexander-gysler.de\/en\/wp-json\/wp\/v2\/media\/2524"}],"wp:attachment":[{"href":"https:\/\/alexander-gysler.de\/en\/wp-json\/wp\/v2\/media?parent=3839"}],"wp:term":[{"taxonomy":"product_brand","embeddable":true,"href":"https:\/\/alexander-gysler.de\/en\/wp-json\/wp\/v2\/product_brand?post=3839"},{"taxonomy":"product_cat","embeddable":true,"href":"https:\/\/alexander-gysler.de\/en\/wp-json\/wp\/v2\/product_cat?post=3839"},{"taxonomy":"product_tag","embeddable":true,"href":"https:\/\/alexander-gysler.de\/en\/wp-json\/wp\/v2\/product_tag?post=3839"}],"curies":[{"name":"wp","href":"https:\/\/api.w.org\/{rel}","templated":true}]}}