{"id":3838,"date":"2025-03-26T10:27:46","date_gmt":"2025-03-26T09:27:46","guid":{"rendered":"https:\/\/alexander-gysler.de\/?post_type=product&#038;p=3838"},"modified":"2026-03-13T13:00:47","modified_gmt":"2026-03-13T12:00:47","slug":"sternenglanz-weissburgunder-trocken-2024","status":"publish","type":"product","link":"https:\/\/alexander-gysler.de\/en\/produkt\/sternenglanz-weissburgunder-trocken-2024\/","title":{"rendered":"STERNENGLANZ &#8211; Wei\u00dfburgunder trocken 2024"},"content":{"rendered":"<p>Die Nase setzt mit den spritzigen Noten von Granny Smith-\u00c4pfeln, Zitrone und gr\u00fcnen N\u00fcssen ein, und gleich darunter verbirgt sich florale Frische. Zwei Turmspitzen &#8211; lebhafte Zitronens\u00e4ure auf der einen und reife, saftige Birnen und \u00c4pfel auf der anderen Seite &#8211; steigen aus dem schmiegsamen, kremigen K\u00f6rper auf. Trocken, subtil und von eleganter Finesse. Kann ohne Z\u00f6gern jetzt ge\u00f6ffnet werden oder \u00fcber die n\u00e4chsten drei Jahre heranreifen.<br \/>\nDie trockene, elegante Art bl\u00fcht mit Gerichten von klassischem Risotto \u00fcber Quiche bis hin zu Nudeln oder Huhn mit Sahne noch mehr auf, freut sich aber auch \u00fcber eine Auswahl von Weichk\u00e4sen.<\/p>\n<p>Name: STERNENGLANZ<br \/>\nRebsorte: Wei\u00dfburgunder<br \/>\nGeschmacksrichtung: trocken<br \/>\nBoden: rotliegendes<br \/>\nLese: Handlese<br \/>\nAusbau und Hefelager: spontane Verg\u00e4rung und 6 Monate auf der Vollhefe im Edelstahl<br \/>\nJahrgang: 2024<br \/>\nAlc. vol.: 12.5 % vol.<br \/>\nRZ: 0.6 g\/l<br \/>\nS\u00e4ure: 5.3 g\/l<br \/>\nFreie schweflige S\u00e4ure: 42.0 mg\/l<br \/>\nGesamte schweflige S\u00e4ure: 81.0 mg\/l<br \/>\n\u00d6kozertifizierung: DE-\u00d6KO-022 &amp; demeter<br \/>\ntrinkreife: ab sofort &#8211; 2031<br \/>\nVegan: ja<br \/>\nAllergenhinweis: enth\u00e4lt Sulfite<br \/>\nSch\u00f6nungen: keine<br \/>\nVerschluss: Schraubverschluss<\/p>\n<p>Gutsabf\u00fcllung &#8211; Weingut Gysler &#8211; Gro\u00dfer Spitzenberg 8 &#8211; D- 55232 Alzey-Weinheim &#8211; DE-\u00d6KO-022 &#8211; Demeter zertifiziert &#8211; \u00d6ko zertifiziert &#8211; Vegan erzeugt &#8211; Deutsche Landwirtschaft &#8211; Deutscher Qualit\u00e4tswein &#8211; Allergenhinweis: enth\u00e4lt Sulfite &#8211; 750ml &#8211; 12,5 % vol.<\/p>\n<h3>N\u00e4hrwerttabelle:<\/h3>\n<p><iframe loading=\"lazy\" src=\"https:\/\/weinlabels.de\/php\/qr-code-iframe.php?qr_id=1708&amp;firmenId=76 width=\" height=\"400px\"><\/iframe><\/p>\n","protected":false},"excerpt":{"rendered":"<p>Harmonisch, feinsaftig mit einem guten Grip, dezente Zitrusnoten im Nachklang<\/p>\n","protected":false},"featured_media":742,"comment_status":"open","ping_status":"closed","template":"","meta":[],"product_brand":[],"product_cat":[90],"product_tag":[186,95,128],"class_list":{"0":"post-3838","1":"product","2":"type-product","3":"status-publish","4":"has-post-thumbnail","6":"product_cat-gutsweine","7":"product_tag-186","8":"product_tag-trocken","9":"product_tag-weissburgunder","11":"first","12":"instock","13":"taxable","14":"shipping-taxable","15":"purchasable","16":"product-type-simple"},"yoast_head":"<!-- This site is optimized with the Yoast SEO plugin v27.1.1 - https:\/\/yoast.com\/product\/yoast-seo-wordpress\/ -->\n<title>STERNENGLANZ - Wei\u00dfburgunder trocken 2024 - Weingut Alexander Gysler<\/title>\n<meta name=\"robots\" content=\"index, follow, max-snippet:-1, max-image-preview:large, max-video-preview:-1\" \/>\n<link rel=\"canonical\" href=\"https:\/\/alexander-gysler.de\/en\/produkt\/sternenglanz-weissburgunder-trocken-2024\/\" \/>\n<meta property=\"og:locale\" content=\"en_US\" \/>\n<meta property=\"og:type\" content=\"article\" \/>\n<meta property=\"og:title\" content=\"STERNENGLANZ - Wei\u00dfburgunder trocken 2024 - Weingut Alexander Gysler\" \/>\n<meta property=\"og:description\" content=\"Harmonisch, feinsaftig mit einem guten Grip, dezente Zitrusnoten im Nachklang\" \/>\n<meta property=\"og:url\" content=\"https:\/\/alexander-gysler.de\/en\/produkt\/sternenglanz-weissburgunder-trocken-2024\/\" \/>\n<meta property=\"og:site_name\" content=\"Weingut Alexander Gysler\" \/>\n<meta property=\"article:modified_time\" content=\"2026-03-13T12:00:47+00:00\" \/>\n<meta property=\"og:image\" content=\"https:\/\/alexander-gysler.de\/wp-content\/uploads\/2020\/02\/Sternenglanz-1.png\" \/>\n\t<meta property=\"og:image:width\" content=\"791\" \/>\n\t<meta property=\"og:image:height\" content=\"1412\" \/>\n\t<meta property=\"og:image:type\" content=\"image\/png\" \/>\n<meta name=\"twitter:card\" content=\"summary_large_image\" \/>\n<meta name=\"twitter:label1\" content=\"Est. reading time\" \/>\n\t<meta name=\"twitter:data1\" content=\"1 minute\" \/>\n<script type=\"application\/ld+json\" class=\"yoast-schema-graph\">{\"@context\":\"https:\/\/schema.org\",\"@graph\":[{\"@type\":\"WebPage\",\"@id\":\"https:\/\/alexander-gysler.de\/en\/produkt\/sternenglanz-weissburgunder-trocken-2024\/\",\"url\":\"https:\/\/alexander-gysler.de\/en\/produkt\/sternenglanz-weissburgunder-trocken-2024\/\",\"name\":\"STERNENGLANZ - Wei\u00dfburgunder trocken 2024 - Weingut Alexander Gysler\",\"isPartOf\":{\"@id\":\"https:\/\/alexander-gysler.de\/en\/#website\"},\"primaryImageOfPage\":{\"@id\":\"https:\/\/alexander-gysler.de\/en\/produkt\/sternenglanz-weissburgunder-trocken-2024\/#primaryimage\"},\"image\":{\"@id\":\"https:\/\/alexander-gysler.de\/en\/produkt\/sternenglanz-weissburgunder-trocken-2024\/#primaryimage\"},\"thumbnailUrl\":\"https:\/\/alexander-gysler.de\/wp-content\/uploads\/2020\/02\/Sternenglanz-1.png\",\"datePublished\":\"2025-03-26T09:27:46+00:00\",\"dateModified\":\"2026-03-13T12:00:47+00:00\",\"breadcrumb\":{\"@id\":\"https:\/\/alexander-gysler.de\/en\/produkt\/sternenglanz-weissburgunder-trocken-2024\/#breadcrumb\"},\"inLanguage\":\"en-US\",\"potentialAction\":[{\"@type\":\"ReadAction\",\"target\":[\"https:\/\/alexander-gysler.de\/en\/produkt\/sternenglanz-weissburgunder-trocken-2024\/\"]}]},{\"@type\":\"ImageObject\",\"inLanguage\":\"en-US\",\"@id\":\"https:\/\/alexander-gysler.de\/en\/produkt\/sternenglanz-weissburgunder-trocken-2024\/#primaryimage\",\"url\":\"https:\/\/alexander-gysler.de\/wp-content\/uploads\/2020\/02\/Sternenglanz-1.png\",\"contentUrl\":\"https:\/\/alexander-gysler.de\/wp-content\/uploads\/2020\/02\/Sternenglanz-1.png\",\"width\":791,\"height\":1412},{\"@type\":\"BreadcrumbList\",\"@id\":\"https:\/\/alexander-gysler.de\/en\/produkt\/sternenglanz-weissburgunder-trocken-2024\/#breadcrumb\",\"itemListElement\":[{\"@type\":\"ListItem\",\"position\":1,\"name\":\"Home\",\"item\":\"https:\/\/alexander-gysler.de\/en\/\"},{\"@type\":\"ListItem\",\"position\":2,\"name\":\"Shop\",\"item\":\"https:\/\/alexander-gysler.de\/en\/shop\/\"},{\"@type\":\"ListItem\",\"position\":3,\"name\":\"STERNENGLANZ &#8211; Wei\u00dfburgunder trocken 2024\"}]},{\"@type\":\"WebSite\",\"@id\":\"https:\/\/alexander-gysler.de\/en\/#website\",\"url\":\"https:\/\/alexander-gysler.de\/en\/\",\"name\":\"Weingut Alexander Gysler\",\"description\":\"\",\"publisher\":{\"@id\":\"https:\/\/alexander-gysler.de\/en\/#organization\"},\"potentialAction\":[{\"@type\":\"SearchAction\",\"target\":{\"@type\":\"EntryPoint\",\"urlTemplate\":\"https:\/\/alexander-gysler.de\/en\/?s={search_term_string}\"},\"query-input\":{\"@type\":\"PropertyValueSpecification\",\"valueRequired\":true,\"valueName\":\"search_term_string\"}}],\"inLanguage\":\"en-US\"},{\"@type\":\"Organization\",\"@id\":\"https:\/\/alexander-gysler.de\/en\/#organization\",\"name\":\"Weingut Alexander Gysler\",\"url\":\"https:\/\/alexander-gysler.de\/en\/\",\"logo\":{\"@type\":\"ImageObject\",\"inLanguage\":\"en-US\",\"@id\":\"https:\/\/alexander-gysler.de\/en\/#\/schema\/logo\/image\/\",\"url\":\"https:\/\/alexander-gysler.de\/wp-content\/uploads\/2020\/01\/WeingutGysler_Logo.png\",\"contentUrl\":\"https:\/\/alexander-gysler.de\/wp-content\/uploads\/2020\/01\/WeingutGysler_Logo.png\",\"width\":300,\"height\":100,\"caption\":\"Weingut Alexander Gysler\"},\"image\":{\"@id\":\"https:\/\/alexander-gysler.de\/en\/#\/schema\/logo\/image\/\"}}]}<\/script>\n<!-- \/ Yoast SEO plugin. -->","yoast_head_json":{"title":"STERNENGLANZ - Wei\u00dfburgunder trocken 2024 - Weingut Alexander Gysler","robots":{"index":"index","follow":"follow","max-snippet":"max-snippet:-1","max-image-preview":"max-image-preview:large","max-video-preview":"max-video-preview:-1"},"canonical":"https:\/\/alexander-gysler.de\/en\/produkt\/sternenglanz-weissburgunder-trocken-2024\/","og_locale":"en_US","og_type":"article","og_title":"STERNENGLANZ - Wei\u00dfburgunder trocken 2024 - Weingut Alexander Gysler","og_description":"Harmonisch, feinsaftig mit einem guten Grip, dezente Zitrusnoten im Nachklang","og_url":"https:\/\/alexander-gysler.de\/en\/produkt\/sternenglanz-weissburgunder-trocken-2024\/","og_site_name":"Weingut Alexander Gysler","article_modified_time":"2026-03-13T12:00:47+00:00","og_image":[{"width":791,"height":1412,"url":"https:\/\/alexander-gysler.de\/wp-content\/uploads\/2020\/02\/Sternenglanz-1.png","type":"image\/png"}],"twitter_card":"summary_large_image","twitter_misc":{"Est. reading time":"1 minute"},"schema":{"@context":"https:\/\/schema.org","@graph":[{"@type":"WebPage","@id":"https:\/\/alexander-gysler.de\/en\/produkt\/sternenglanz-weissburgunder-trocken-2024\/","url":"https:\/\/alexander-gysler.de\/en\/produkt\/sternenglanz-weissburgunder-trocken-2024\/","name":"STERNENGLANZ - Wei\u00dfburgunder trocken 2024 - Weingut Alexander Gysler","isPartOf":{"@id":"https:\/\/alexander-gysler.de\/en\/#website"},"primaryImageOfPage":{"@id":"https:\/\/alexander-gysler.de\/en\/produkt\/sternenglanz-weissburgunder-trocken-2024\/#primaryimage"},"image":{"@id":"https:\/\/alexander-gysler.de\/en\/produkt\/sternenglanz-weissburgunder-trocken-2024\/#primaryimage"},"thumbnailUrl":"https:\/\/alexander-gysler.de\/wp-content\/uploads\/2020\/02\/Sternenglanz-1.png","datePublished":"2025-03-26T09:27:46+00:00","dateModified":"2026-03-13T12:00:47+00:00","breadcrumb":{"@id":"https:\/\/alexander-gysler.de\/en\/produkt\/sternenglanz-weissburgunder-trocken-2024\/#breadcrumb"},"inLanguage":"en-US","potentialAction":[{"@type":"ReadAction","target":["https:\/\/alexander-gysler.de\/en\/produkt\/sternenglanz-weissburgunder-trocken-2024\/"]}]},{"@type":"ImageObject","inLanguage":"en-US","@id":"https:\/\/alexander-gysler.de\/en\/produkt\/sternenglanz-weissburgunder-trocken-2024\/#primaryimage","url":"https:\/\/alexander-gysler.de\/wp-content\/uploads\/2020\/02\/Sternenglanz-1.png","contentUrl":"https:\/\/alexander-gysler.de\/wp-content\/uploads\/2020\/02\/Sternenglanz-1.png","width":791,"height":1412},{"@type":"BreadcrumbList","@id":"https:\/\/alexander-gysler.de\/en\/produkt\/sternenglanz-weissburgunder-trocken-2024\/#breadcrumb","itemListElement":[{"@type":"ListItem","position":1,"name":"Home","item":"https:\/\/alexander-gysler.de\/en\/"},{"@type":"ListItem","position":2,"name":"Shop","item":"https:\/\/alexander-gysler.de\/en\/shop\/"},{"@type":"ListItem","position":3,"name":"STERNENGLANZ &#8211; Wei\u00dfburgunder trocken 2024"}]},{"@type":"WebSite","@id":"https:\/\/alexander-gysler.de\/en\/#website","url":"https:\/\/alexander-gysler.de\/en\/","name":"Weingut Alexander Gysler","description":"","publisher":{"@id":"https:\/\/alexander-gysler.de\/en\/#organization"},"potentialAction":[{"@type":"SearchAction","target":{"@type":"EntryPoint","urlTemplate":"https:\/\/alexander-gysler.de\/en\/?s={search_term_string}"},"query-input":{"@type":"PropertyValueSpecification","valueRequired":true,"valueName":"search_term_string"}}],"inLanguage":"en-US"},{"@type":"Organization","@id":"https:\/\/alexander-gysler.de\/en\/#organization","name":"Weingut Alexander Gysler","url":"https:\/\/alexander-gysler.de\/en\/","logo":{"@type":"ImageObject","inLanguage":"en-US","@id":"https:\/\/alexander-gysler.de\/en\/#\/schema\/logo\/image\/","url":"https:\/\/alexander-gysler.de\/wp-content\/uploads\/2020\/01\/WeingutGysler_Logo.png","contentUrl":"https:\/\/alexander-gysler.de\/wp-content\/uploads\/2020\/01\/WeingutGysler_Logo.png","width":300,"height":100,"caption":"Weingut Alexander Gysler"},"image":{"@id":"https:\/\/alexander-gysler.de\/en\/#\/schema\/logo\/image\/"}}]}},"_links":{"self":[{"href":"https:\/\/alexander-gysler.de\/en\/wp-json\/wp\/v2\/product\/3838","targetHints":{"allow":["GET"]}}],"collection":[{"href":"https:\/\/alexander-gysler.de\/en\/wp-json\/wp\/v2\/product"}],"about":[{"href":"https:\/\/alexander-gysler.de\/en\/wp-json\/wp\/v2\/types\/product"}],"replies":[{"embeddable":true,"href":"https:\/\/alexander-gysler.de\/en\/wp-json\/wp\/v2\/comments?post=3838"}],"wp:featuredmedia":[{"embeddable":true,"href":"https:\/\/alexander-gysler.de\/en\/wp-json\/wp\/v2\/media\/742"}],"wp:attachment":[{"href":"https:\/\/alexander-gysler.de\/en\/wp-json\/wp\/v2\/media?parent=3838"}],"wp:term":[{"taxonomy":"product_brand","embeddable":true,"href":"https:\/\/alexander-gysler.de\/en\/wp-json\/wp\/v2\/product_brand?post=3838"},{"taxonomy":"product_cat","embeddable":true,"href":"https:\/\/alexander-gysler.de\/en\/wp-json\/wp\/v2\/product_cat?post=3838"},{"taxonomy":"product_tag","embeddable":true,"href":"https:\/\/alexander-gysler.de\/en\/wp-json\/wp\/v2\/product_tag?post=3838"}],"curies":[{"name":"wp","href":"https:\/\/api.w.org\/{rel}","templated":true}]}}