{"id":3104,"date":"2023-06-26T16:57:23","date_gmt":"2023-06-26T14:57:23","guid":{"rendered":"https:\/\/alexander-gysler.de\/?post_type=product&#038;p=3104"},"modified":"2026-03-13T15:36:55","modified_gmt":"2026-03-13T14:36:55","slug":"lichtspiel-weinheimer-hoelle-huxelrebe-auslese-2019","status":"publish","type":"product","link":"https:\/\/alexander-gysler.de\/en\/produkt\/lichtspiel-weinheimer-hoelle-huxelrebe-auslese-2019\/","title":{"rendered":"LICHTSPIEL &#8211; Weinheimer H\u00f6lle Huxelrebe Auslese 2019"},"content":{"rendered":"<p class=\"a-b-r-La\"><span style=\"font-weight: 400;\">W\u00e4rme durchstr\u00f6mt das Herz, wenn sich diese Auslese \u00f6ffnet. Die Huxelrebe ist hier seit jeher beheimatet, sie f\u00fchlt sich wohl und schenkt uns ihre ganze F\u00fclle an goldgelben Reflexen, einem feinen S\u00fc\u00df-S\u00e4ure-Spiel und einer bet\u00f6renden Frucht.<\/span><\/p>\n<p>Name: LICHTSPIEL<br \/>\nLage: Weinheimer H\u00f6lle<br \/>\nRebsorte: Huxelrebe<br \/>\nGeschmacksrichtung: Auslese<br \/>\nBoden: rotliegendes<br \/>\nLese: Handlese<br \/>\nAusbau und Hefelager: Imdelstahl Hefelager 12 Monate<br \/>\nJahrgang: 2019<br \/>\nAlc. vol.: 9.5 % vol.<br \/>\nRZ: 116,5 g\/l<br \/>\nS\u00e4ure: 7,0 g\/l<br \/>\nFreie schweflige S\u00e4ure: 53.0 mg\/l<br \/>\nGesamte schweflige S\u00e4ure: 171.0 mg\/l<br \/>\ntrinkreife: ab sofort &#8211; 2038<br \/>\n\u00d6kozertifizierung: DE-\u00d6KO-022 &amp; demeter<br \/>\nVegan: ja<br \/>\nAllergenhinweis: enth\u00e4lt Sulfite<br \/>\nSch\u00f6nungen: keine<br \/>\nVerschluss: Schraubverschluss<\/p>\n<p>&nbsp;<\/p>\n<p>Gutsabf\u00fcllung &#8211; Weingut Gysler &#8211; Gro\u00dfer Spitzenberg 8 &#8211; D- 55232 Alzey-Weinheim &#8211; DE-\u00d6KO-022 &#8211; Demeter zertifiziert &#8211; \u00d6ko zertifiziert &#8211; Vegan erzeugt &#8211; Deutsche Landwirtschaft &#8211; Deutscher Pr\u00e4dikatswein &#8211; Allergenhinweis: enth\u00e4lt Sulfite &#8211; 375ml &#8211; 9,5 % vol.<\/p>\n","protected":false},"excerpt":{"rendered":"<p>W\u00e4rme durchstr\u00f6mt das Herz, wenn sich diese Auslese \u00f6ffnet. Die Huxelrebe ist hier seit jeher beheimatet, sie f\u00fchlt sich wohl und schenkt uns ihre ganze F\u00fclle an goldgelben Reflexen, einem feinen S\u00fc\u00df-S\u00e4ure-Spiel und einer bet\u00f6renden Frucht. Name: LICHTSPIEL Lage: Weinheimer H\u00f6lle Rebsorte: Huxelrebe Geschmacksrichtung: Auslese Boden: rotliegendes Lese: Handlese Ausbau und Hefelager: Imdelstahl Hefelager 12 [&#8230;]\n","protected":false},"featured_media":3105,"comment_status":"open","ping_status":"closed","template":"","meta":[],"product_brand":[],"product_cat":[185,92],"product_tag":[],"class_list":{"0":"post-3104","1":"product","2":"type-product","3":"status-publish","4":"has-post-thumbnail","6":"product_cat-edelsuess","7":"product_cat-lagenweine","9":"first","10":"instock","11":"taxable","12":"shipping-taxable","13":"purchasable","14":"product-type-simple"},"yoast_head":"<!-- This site is optimized with the Yoast SEO plugin v27.1.1 - https:\/\/yoast.com\/product\/yoast-seo-wordpress\/ -->\n<title>LICHTSPIEL - Weinheimer H\u00f6lle Huxelrebe Auslese 2019 - Weingut Alexander Gysler<\/title>\n<meta name=\"robots\" content=\"index, follow, max-snippet:-1, max-image-preview:large, max-video-preview:-1\" \/>\n<link rel=\"canonical\" href=\"https:\/\/alexander-gysler.de\/en\/produkt\/lichtspiel-weinheimer-hoelle-huxelrebe-auslese-2019\/\" \/>\n<meta property=\"og:locale\" content=\"en_US\" \/>\n<meta property=\"og:type\" content=\"article\" \/>\n<meta property=\"og:title\" content=\"LICHTSPIEL - Weinheimer H\u00f6lle Huxelrebe Auslese 2019 - Weingut Alexander Gysler\" \/>\n<meta property=\"og:description\" content=\"W\u00e4rme durchstr\u00f6mt das Herz, wenn sich diese Auslese \u00f6ffnet. Die Huxelrebe ist hier seit jeher beheimatet, sie f\u00fchlt sich wohl und schenkt uns ihre ganze F\u00fclle an goldgelben Reflexen, einem feinen S\u00fc\u00df-S\u00e4ure-Spiel und einer bet\u00f6renden Frucht. Name: LICHTSPIEL Lage: Weinheimer H\u00f6lle Rebsorte: Huxelrebe Geschmacksrichtung: Auslese Boden: rotliegendes Lese: Handlese Ausbau und Hefelager: Imdelstahl Hefelager 12 [...]\" \/>\n<meta property=\"og:url\" content=\"https:\/\/alexander-gysler.de\/en\/produkt\/lichtspiel-weinheimer-hoelle-huxelrebe-auslese-2019\/\" \/>\n<meta property=\"og:site_name\" content=\"Weingut Alexander Gysler\" \/>\n<meta property=\"article:modified_time\" content=\"2026-03-13T14:36:55+00:00\" \/>\n<meta property=\"og:image\" content=\"https:\/\/alexander-gysler.de\/wp-content\/uploads\/2023\/06\/1704-Lichtspiel.png\" \/>\n\t<meta property=\"og:image:width\" content=\"791\" \/>\n\t<meta property=\"og:image:height\" content=\"1412\" \/>\n\t<meta property=\"og:image:type\" content=\"image\/png\" \/>\n<meta name=\"twitter:card\" content=\"summary_large_image\" \/>\n<meta name=\"twitter:label1\" content=\"Est. reading time\" \/>\n\t<meta name=\"twitter:data1\" content=\"1 minute\" \/>\n<script type=\"application\/ld+json\" class=\"yoast-schema-graph\">{\"@context\":\"https:\/\/schema.org\",\"@graph\":[{\"@type\":\"WebPage\",\"@id\":\"https:\/\/alexander-gysler.de\/en\/produkt\/lichtspiel-weinheimer-hoelle-huxelrebe-auslese-2019\/\",\"url\":\"https:\/\/alexander-gysler.de\/en\/produkt\/lichtspiel-weinheimer-hoelle-huxelrebe-auslese-2019\/\",\"name\":\"LICHTSPIEL - Weinheimer H\u00f6lle Huxelrebe Auslese 2019 - Weingut Alexander Gysler\",\"isPartOf\":{\"@id\":\"https:\/\/alexander-gysler.de\/en\/#website\"},\"primaryImageOfPage\":{\"@id\":\"https:\/\/alexander-gysler.de\/en\/produkt\/lichtspiel-weinheimer-hoelle-huxelrebe-auslese-2019\/#primaryimage\"},\"image\":{\"@id\":\"https:\/\/alexander-gysler.de\/en\/produkt\/lichtspiel-weinheimer-hoelle-huxelrebe-auslese-2019\/#primaryimage\"},\"thumbnailUrl\":\"https:\/\/alexander-gysler.de\/wp-content\/uploads\/2023\/06\/1704-Lichtspiel.png\",\"datePublished\":\"2023-06-26T14:57:23+00:00\",\"dateModified\":\"2026-03-13T14:36:55+00:00\",\"breadcrumb\":{\"@id\":\"https:\/\/alexander-gysler.de\/en\/produkt\/lichtspiel-weinheimer-hoelle-huxelrebe-auslese-2019\/#breadcrumb\"},\"inLanguage\":\"en-US\",\"potentialAction\":[{\"@type\":\"ReadAction\",\"target\":[\"https:\/\/alexander-gysler.de\/en\/produkt\/lichtspiel-weinheimer-hoelle-huxelrebe-auslese-2019\/\"]}]},{\"@type\":\"ImageObject\",\"inLanguage\":\"en-US\",\"@id\":\"https:\/\/alexander-gysler.de\/en\/produkt\/lichtspiel-weinheimer-hoelle-huxelrebe-auslese-2019\/#primaryimage\",\"url\":\"https:\/\/alexander-gysler.de\/wp-content\/uploads\/2023\/06\/1704-Lichtspiel.png\",\"contentUrl\":\"https:\/\/alexander-gysler.de\/wp-content\/uploads\/2023\/06\/1704-Lichtspiel.png\",\"width\":791,\"height\":1412},{\"@type\":\"BreadcrumbList\",\"@id\":\"https:\/\/alexander-gysler.de\/en\/produkt\/lichtspiel-weinheimer-hoelle-huxelrebe-auslese-2019\/#breadcrumb\",\"itemListElement\":[{\"@type\":\"ListItem\",\"position\":1,\"name\":\"Home\",\"item\":\"https:\/\/alexander-gysler.de\/en\/\"},{\"@type\":\"ListItem\",\"position\":2,\"name\":\"Shop\",\"item\":\"https:\/\/alexander-gysler.de\/en\/shop\/\"},{\"@type\":\"ListItem\",\"position\":3,\"name\":\"LICHTSPIEL &#8211; Weinheimer H\u00f6lle Huxelrebe Auslese 2019\"}]},{\"@type\":\"WebSite\",\"@id\":\"https:\/\/alexander-gysler.de\/en\/#website\",\"url\":\"https:\/\/alexander-gysler.de\/en\/\",\"name\":\"Weingut Alexander Gysler\",\"description\":\"\",\"publisher\":{\"@id\":\"https:\/\/alexander-gysler.de\/en\/#organization\"},\"potentialAction\":[{\"@type\":\"SearchAction\",\"target\":{\"@type\":\"EntryPoint\",\"urlTemplate\":\"https:\/\/alexander-gysler.de\/en\/?s={search_term_string}\"},\"query-input\":{\"@type\":\"PropertyValueSpecification\",\"valueRequired\":true,\"valueName\":\"search_term_string\"}}],\"inLanguage\":\"en-US\"},{\"@type\":\"Organization\",\"@id\":\"https:\/\/alexander-gysler.de\/en\/#organization\",\"name\":\"Weingut Alexander Gysler\",\"url\":\"https:\/\/alexander-gysler.de\/en\/\",\"logo\":{\"@type\":\"ImageObject\",\"inLanguage\":\"en-US\",\"@id\":\"https:\/\/alexander-gysler.de\/en\/#\/schema\/logo\/image\/\",\"url\":\"https:\/\/alexander-gysler.de\/wp-content\/uploads\/2020\/01\/WeingutGysler_Logo.png\",\"contentUrl\":\"https:\/\/alexander-gysler.de\/wp-content\/uploads\/2020\/01\/WeingutGysler_Logo.png\",\"width\":300,\"height\":100,\"caption\":\"Weingut Alexander Gysler\"},\"image\":{\"@id\":\"https:\/\/alexander-gysler.de\/en\/#\/schema\/logo\/image\/\"}}]}<\/script>\n<!-- \/ Yoast SEO plugin. -->","yoast_head_json":{"title":"LICHTSPIEL - Weinheimer H\u00f6lle Huxelrebe Auslese 2019 - Weingut Alexander Gysler","robots":{"index":"index","follow":"follow","max-snippet":"max-snippet:-1","max-image-preview":"max-image-preview:large","max-video-preview":"max-video-preview:-1"},"canonical":"https:\/\/alexander-gysler.de\/en\/produkt\/lichtspiel-weinheimer-hoelle-huxelrebe-auslese-2019\/","og_locale":"en_US","og_type":"article","og_title":"LICHTSPIEL - Weinheimer H\u00f6lle Huxelrebe Auslese 2019 - Weingut Alexander Gysler","og_description":"W\u00e4rme durchstr\u00f6mt das Herz, wenn sich diese Auslese \u00f6ffnet. Die Huxelrebe ist hier seit jeher beheimatet, sie f\u00fchlt sich wohl und schenkt uns ihre ganze F\u00fclle an goldgelben Reflexen, einem feinen S\u00fc\u00df-S\u00e4ure-Spiel und einer bet\u00f6renden Frucht. Name: LICHTSPIEL Lage: Weinheimer H\u00f6lle Rebsorte: Huxelrebe Geschmacksrichtung: Auslese Boden: rotliegendes Lese: Handlese Ausbau und Hefelager: Imdelstahl Hefelager 12 [...]","og_url":"https:\/\/alexander-gysler.de\/en\/produkt\/lichtspiel-weinheimer-hoelle-huxelrebe-auslese-2019\/","og_site_name":"Weingut Alexander Gysler","article_modified_time":"2026-03-13T14:36:55+00:00","og_image":[{"width":791,"height":1412,"url":"https:\/\/alexander-gysler.de\/wp-content\/uploads\/2023\/06\/1704-Lichtspiel.png","type":"image\/png"}],"twitter_card":"summary_large_image","twitter_misc":{"Est. reading time":"1 minute"},"schema":{"@context":"https:\/\/schema.org","@graph":[{"@type":"WebPage","@id":"https:\/\/alexander-gysler.de\/en\/produkt\/lichtspiel-weinheimer-hoelle-huxelrebe-auslese-2019\/","url":"https:\/\/alexander-gysler.de\/en\/produkt\/lichtspiel-weinheimer-hoelle-huxelrebe-auslese-2019\/","name":"LICHTSPIEL - Weinheimer H\u00f6lle Huxelrebe Auslese 2019 - Weingut Alexander Gysler","isPartOf":{"@id":"https:\/\/alexander-gysler.de\/en\/#website"},"primaryImageOfPage":{"@id":"https:\/\/alexander-gysler.de\/en\/produkt\/lichtspiel-weinheimer-hoelle-huxelrebe-auslese-2019\/#primaryimage"},"image":{"@id":"https:\/\/alexander-gysler.de\/en\/produkt\/lichtspiel-weinheimer-hoelle-huxelrebe-auslese-2019\/#primaryimage"},"thumbnailUrl":"https:\/\/alexander-gysler.de\/wp-content\/uploads\/2023\/06\/1704-Lichtspiel.png","datePublished":"2023-06-26T14:57:23+00:00","dateModified":"2026-03-13T14:36:55+00:00","breadcrumb":{"@id":"https:\/\/alexander-gysler.de\/en\/produkt\/lichtspiel-weinheimer-hoelle-huxelrebe-auslese-2019\/#breadcrumb"},"inLanguage":"en-US","potentialAction":[{"@type":"ReadAction","target":["https:\/\/alexander-gysler.de\/en\/produkt\/lichtspiel-weinheimer-hoelle-huxelrebe-auslese-2019\/"]}]},{"@type":"ImageObject","inLanguage":"en-US","@id":"https:\/\/alexander-gysler.de\/en\/produkt\/lichtspiel-weinheimer-hoelle-huxelrebe-auslese-2019\/#primaryimage","url":"https:\/\/alexander-gysler.de\/wp-content\/uploads\/2023\/06\/1704-Lichtspiel.png","contentUrl":"https:\/\/alexander-gysler.de\/wp-content\/uploads\/2023\/06\/1704-Lichtspiel.png","width":791,"height":1412},{"@type":"BreadcrumbList","@id":"https:\/\/alexander-gysler.de\/en\/produkt\/lichtspiel-weinheimer-hoelle-huxelrebe-auslese-2019\/#breadcrumb","itemListElement":[{"@type":"ListItem","position":1,"name":"Home","item":"https:\/\/alexander-gysler.de\/en\/"},{"@type":"ListItem","position":2,"name":"Shop","item":"https:\/\/alexander-gysler.de\/en\/shop\/"},{"@type":"ListItem","position":3,"name":"LICHTSPIEL &#8211; Weinheimer H\u00f6lle Huxelrebe Auslese 2019"}]},{"@type":"WebSite","@id":"https:\/\/alexander-gysler.de\/en\/#website","url":"https:\/\/alexander-gysler.de\/en\/","name":"Weingut Alexander Gysler","description":"","publisher":{"@id":"https:\/\/alexander-gysler.de\/en\/#organization"},"potentialAction":[{"@type":"SearchAction","target":{"@type":"EntryPoint","urlTemplate":"https:\/\/alexander-gysler.de\/en\/?s={search_term_string}"},"query-input":{"@type":"PropertyValueSpecification","valueRequired":true,"valueName":"search_term_string"}}],"inLanguage":"en-US"},{"@type":"Organization","@id":"https:\/\/alexander-gysler.de\/en\/#organization","name":"Weingut Alexander Gysler","url":"https:\/\/alexander-gysler.de\/en\/","logo":{"@type":"ImageObject","inLanguage":"en-US","@id":"https:\/\/alexander-gysler.de\/en\/#\/schema\/logo\/image\/","url":"https:\/\/alexander-gysler.de\/wp-content\/uploads\/2020\/01\/WeingutGysler_Logo.png","contentUrl":"https:\/\/alexander-gysler.de\/wp-content\/uploads\/2020\/01\/WeingutGysler_Logo.png","width":300,"height":100,"caption":"Weingut Alexander Gysler"},"image":{"@id":"https:\/\/alexander-gysler.de\/en\/#\/schema\/logo\/image\/"}}]}},"_links":{"self":[{"href":"https:\/\/alexander-gysler.de\/en\/wp-json\/wp\/v2\/product\/3104","targetHints":{"allow":["GET"]}}],"collection":[{"href":"https:\/\/alexander-gysler.de\/en\/wp-json\/wp\/v2\/product"}],"about":[{"href":"https:\/\/alexander-gysler.de\/en\/wp-json\/wp\/v2\/types\/product"}],"replies":[{"embeddable":true,"href":"https:\/\/alexander-gysler.de\/en\/wp-json\/wp\/v2\/comments?post=3104"}],"wp:featuredmedia":[{"embeddable":true,"href":"https:\/\/alexander-gysler.de\/en\/wp-json\/wp\/v2\/media\/3105"}],"wp:attachment":[{"href":"https:\/\/alexander-gysler.de\/en\/wp-json\/wp\/v2\/media?parent=3104"}],"wp:term":[{"taxonomy":"product_brand","embeddable":true,"href":"https:\/\/alexander-gysler.de\/en\/wp-json\/wp\/v2\/product_brand?post=3104"},{"taxonomy":"product_cat","embeddable":true,"href":"https:\/\/alexander-gysler.de\/en\/wp-json\/wp\/v2\/product_cat?post=3104"},{"taxonomy":"product_tag","embeddable":true,"href":"https:\/\/alexander-gysler.de\/en\/wp-json\/wp\/v2\/product_tag?post=3104"}],"curies":[{"name":"wp","href":"https:\/\/api.w.org\/{rel}","templated":true}]}}