{"id":3087,"date":"2023-06-02T16:44:04","date_gmt":"2023-06-02T14:44:04","guid":{"rendered":"https:\/\/alexander-gysler.de\/?post_type=product&#038;p=3087"},"modified":"2026-03-13T15:47:10","modified_gmt":"2026-03-13T14:47:10","slug":"hoelle-grauburgunder-2021-trocken","status":"publish","type":"product","link":"https:\/\/alexander-gysler.de\/en\/produkt\/hoelle-grauburgunder-2021-trocken\/","title":{"rendered":"H\u00f6lle Grauburgunder 2021 trocken"},"content":{"rendered":"<div>Der Grauburgunder stammt aus dem steilsten St\u00fcck der Weinheimer H\u00f6lle. Die<\/div>\n<div>Reben wurzeln dort in einer warmen und windoffenen Lage im<\/div>\n<div>Sandsteinverwitterungsboden aus dem Rotliegenden. Ausgebaut wurde der<\/div>\n<div>Grauburgunder im St\u00fcckfass mit einem zw\u00f6lfmonatigen Vollhefelager und einer<\/div>\n<div>weiteren Reifezeit von 12 Monaten auf der Feinhefe im Edelstahl.<\/div>\n<div>Dem Grauburgunder sieht man an, dass er eine etwas verl\u00e4ngerte<\/div>\n<div>Maischestandzeit erhalten hat, so wirkt er goldgelb bis kupferfarben. Der Wein<\/div>\n<div>wirkt im Duft klar und fest mit Noten von reifen und m\u00fcrben \u00c4pfeln, Quitten und<\/div>\n<div>Birnen, sowie reifer Grapefruit samt Schalen. Dazu kommen Ankl\u00e4nge von<\/div>\n<div>Hagebutten, N\u00fcssen, etwas blondem Tabak und Kr\u00e4utern.\u00a0 Am Gaumen wirkt<\/div>\n<div>der\u00a0 2021er H\u00f6lle Grauburgunder zun\u00e4chst rund und saftig. Aber nach wenigen<\/div>\n<div>Sekunden erwacht die S\u00e4ure zum Leben und wird immer klarer. Von der F\u00fclle<\/div>\n<div>der Aromen wirkt der Grauburgunder fast els\u00e4ssisch. Der g\u00e4nzlich trockene<\/div>\n<div>Ausbau und die dr\u00e4ngende S\u00e4ure sorgen allerdings f\u00fcr eine klare und pr\u00e4zise<\/div>\n<div>Struktur, begleitet von einem leichten Extrakt und feinen Gerbstoffen.<\/div>\n<div>\n<div><\/div>\n<div>Lage: Weinheimer H\u00f6lle<br \/>\nRebsorte: Grauburgunder<br \/>\nGeschmacksrichtung: trocken<br \/>\nBoden: rotliegendes<br \/>\nLese: Handlese<br \/>\nAusbau und Hefelager: spontane Verg\u00e4rung und 12 Monate auf der Vollhefe im St\u00fcckfass und weitere 12 Monate im Edelstahl<br \/>\nJahrgang: 2021<br \/>\nAlc. vol.: 12.5 % vol.<br \/>\nRZ: 0,4 g\/l<br \/>\nS\u00e4ure: 6,6 g\/l<br \/>\nFreie schweflige S\u00e4ure: 31 mg\/l<br \/>\nGesamte schweflige S\u00e4ure: 77 mg\/l<br \/>\ntrinkreife: ab sofort &#8211; 2031<br \/>\n\u00d6kozertifizierung: DE-\u00d6KO-025 &amp; demeter<br \/>\nVegan: ja<br \/>\nAllergenhinweis: enth\u00e4lt Sulfite<br \/>\nSch\u00f6nungen: keine<br \/>\nVerschluss: Naturkork<\/div>\n<\/div>\n<p>Gutsabf\u00fcllung &#8211; Weingut Gysler &#8211; Gro\u00dfer Spitzenberg 8 &#8211; D- 55232 Alzey-Weinheim &#8211; DE-\u00d6KO-022 &#8211; Demeter zertifiziert &#8211; \u00d6ko zertifiziert &#8211; Vegan erzeugt &#8211; Deutsche Landwirtschaft &#8211; Deutscher Qualit\u00e4tswein &#8211; Allergenhinweis: enth\u00e4lt Sulfite &#8211; 750ml &#8211; 12,5% vol.<\/p>\n","protected":false},"excerpt":{"rendered":"<p>Der Grauburgunder stammt aus dem steilsten St\u00fcck der Weinheimer H\u00f6lle. Die Reben wurzeln dort in einer warmen und windoffenen Lage im Sandsteinverwitterungsboden aus dem Rotliegenden. Ausgebaut wurde der Grauburgunder im St\u00fcckfass mit einem zw\u00f6lfmonatigen Vollhefelager und einer weiteren Reifezeit von 12 Monaten auf der Feinhefe im Edelstahl. Dem Grauburgunder sieht man an, dass er eine [&#8230;]\n","protected":false},"featured_media":3088,"comment_status":"open","ping_status":"closed","template":"","meta":[],"product_brand":[],"product_cat":[92],"product_tag":[114,95],"class_list":{"0":"post-3087","1":"product","2":"type-product","3":"status-publish","4":"has-post-thumbnail","6":"product_cat-lagenweine","7":"product_tag-grauburgunder","8":"product_tag-trocken","10":"first","11":"instock","12":"taxable","13":"shipping-taxable","14":"purchasable","15":"product-type-simple"},"yoast_head":"<!-- This site is optimized with the Yoast SEO plugin v27.1.1 - https:\/\/yoast.com\/product\/yoast-seo-wordpress\/ -->\n<title>H\u00f6lle Grauburgunder 2021 trocken - Weingut Alexander Gysler<\/title>\n<meta name=\"robots\" content=\"index, follow, max-snippet:-1, max-image-preview:large, max-video-preview:-1\" \/>\n<link rel=\"canonical\" href=\"https:\/\/alexander-gysler.de\/en\/produkt\/hoelle-grauburgunder-2021-trocken\/\" \/>\n<meta property=\"og:locale\" content=\"en_US\" \/>\n<meta property=\"og:type\" content=\"article\" \/>\n<meta property=\"og:title\" content=\"H\u00f6lle Grauburgunder 2021 trocken - Weingut Alexander Gysler\" \/>\n<meta property=\"og:description\" content=\"Der Grauburgunder stammt aus dem steilsten St\u00fcck der Weinheimer H\u00f6lle. Die Reben wurzeln dort in einer warmen und windoffenen Lage im Sandsteinverwitterungsboden aus dem Rotliegenden. Ausgebaut wurde der Grauburgunder im St\u00fcckfass mit einem zw\u00f6lfmonatigen Vollhefelager und einer weiteren Reifezeit von 12 Monaten auf der Feinhefe im Edelstahl. Dem Grauburgunder sieht man an, dass er eine [...]\" \/>\n<meta property=\"og:url\" content=\"https:\/\/alexander-gysler.de\/en\/produkt\/hoelle-grauburgunder-2021-trocken\/\" \/>\n<meta property=\"og:site_name\" content=\"Weingut Alexander Gysler\" \/>\n<meta property=\"article:modified_time\" content=\"2026-03-13T14:47:10+00:00\" \/>\n<meta property=\"og:image\" content=\"https:\/\/alexander-gysler.de\/wp-content\/uploads\/2023\/06\/S121.png\" \/>\n\t<meta property=\"og:image:width\" content=\"791\" \/>\n\t<meta property=\"og:image:height\" content=\"1412\" \/>\n\t<meta property=\"og:image:type\" content=\"image\/png\" \/>\n<meta name=\"twitter:card\" content=\"summary_large_image\" \/>\n<meta name=\"twitter:label1\" content=\"Est. reading time\" \/>\n\t<meta name=\"twitter:data1\" content=\"1 minute\" \/>\n<script type=\"application\/ld+json\" class=\"yoast-schema-graph\">{\"@context\":\"https:\/\/schema.org\",\"@graph\":[{\"@type\":\"WebPage\",\"@id\":\"https:\/\/alexander-gysler.de\/en\/produkt\/hoelle-grauburgunder-2021-trocken\/\",\"url\":\"https:\/\/alexander-gysler.de\/en\/produkt\/hoelle-grauburgunder-2021-trocken\/\",\"name\":\"H\u00f6lle Grauburgunder 2021 trocken - Weingut Alexander Gysler\",\"isPartOf\":{\"@id\":\"https:\/\/alexander-gysler.de\/en\/#website\"},\"primaryImageOfPage\":{\"@id\":\"https:\/\/alexander-gysler.de\/en\/produkt\/hoelle-grauburgunder-2021-trocken\/#primaryimage\"},\"image\":{\"@id\":\"https:\/\/alexander-gysler.de\/en\/produkt\/hoelle-grauburgunder-2021-trocken\/#primaryimage\"},\"thumbnailUrl\":\"https:\/\/alexander-gysler.de\/wp-content\/uploads\/2023\/06\/S121.png\",\"datePublished\":\"2023-06-02T14:44:04+00:00\",\"dateModified\":\"2026-03-13T14:47:10+00:00\",\"breadcrumb\":{\"@id\":\"https:\/\/alexander-gysler.de\/en\/produkt\/hoelle-grauburgunder-2021-trocken\/#breadcrumb\"},\"inLanguage\":\"en-US\",\"potentialAction\":[{\"@type\":\"ReadAction\",\"target\":[\"https:\/\/alexander-gysler.de\/en\/produkt\/hoelle-grauburgunder-2021-trocken\/\"]}]},{\"@type\":\"ImageObject\",\"inLanguage\":\"en-US\",\"@id\":\"https:\/\/alexander-gysler.de\/en\/produkt\/hoelle-grauburgunder-2021-trocken\/#primaryimage\",\"url\":\"https:\/\/alexander-gysler.de\/wp-content\/uploads\/2023\/06\/S121.png\",\"contentUrl\":\"https:\/\/alexander-gysler.de\/wp-content\/uploads\/2023\/06\/S121.png\",\"width\":791,\"height\":1412},{\"@type\":\"BreadcrumbList\",\"@id\":\"https:\/\/alexander-gysler.de\/en\/produkt\/hoelle-grauburgunder-2021-trocken\/#breadcrumb\",\"itemListElement\":[{\"@type\":\"ListItem\",\"position\":1,\"name\":\"Home\",\"item\":\"https:\/\/alexander-gysler.de\/en\/\"},{\"@type\":\"ListItem\",\"position\":2,\"name\":\"Shop\",\"item\":\"https:\/\/alexander-gysler.de\/en\/shop\/\"},{\"@type\":\"ListItem\",\"position\":3,\"name\":\"H\u00f6lle Grauburgunder 2021 trocken\"}]},{\"@type\":\"WebSite\",\"@id\":\"https:\/\/alexander-gysler.de\/en\/#website\",\"url\":\"https:\/\/alexander-gysler.de\/en\/\",\"name\":\"Weingut Alexander Gysler\",\"description\":\"\",\"publisher\":{\"@id\":\"https:\/\/alexander-gysler.de\/en\/#organization\"},\"potentialAction\":[{\"@type\":\"SearchAction\",\"target\":{\"@type\":\"EntryPoint\",\"urlTemplate\":\"https:\/\/alexander-gysler.de\/en\/?s={search_term_string}\"},\"query-input\":{\"@type\":\"PropertyValueSpecification\",\"valueRequired\":true,\"valueName\":\"search_term_string\"}}],\"inLanguage\":\"en-US\"},{\"@type\":\"Organization\",\"@id\":\"https:\/\/alexander-gysler.de\/en\/#organization\",\"name\":\"Weingut Alexander Gysler\",\"url\":\"https:\/\/alexander-gysler.de\/en\/\",\"logo\":{\"@type\":\"ImageObject\",\"inLanguage\":\"en-US\",\"@id\":\"https:\/\/alexander-gysler.de\/en\/#\/schema\/logo\/image\/\",\"url\":\"https:\/\/alexander-gysler.de\/wp-content\/uploads\/2020\/01\/WeingutGysler_Logo.png\",\"contentUrl\":\"https:\/\/alexander-gysler.de\/wp-content\/uploads\/2020\/01\/WeingutGysler_Logo.png\",\"width\":300,\"height\":100,\"caption\":\"Weingut Alexander Gysler\"},\"image\":{\"@id\":\"https:\/\/alexander-gysler.de\/en\/#\/schema\/logo\/image\/\"}}]}<\/script>\n<!-- \/ Yoast SEO plugin. -->","yoast_head_json":{"title":"H\u00f6lle Grauburgunder 2021 trocken - Weingut Alexander Gysler","robots":{"index":"index","follow":"follow","max-snippet":"max-snippet:-1","max-image-preview":"max-image-preview:large","max-video-preview":"max-video-preview:-1"},"canonical":"https:\/\/alexander-gysler.de\/en\/produkt\/hoelle-grauburgunder-2021-trocken\/","og_locale":"en_US","og_type":"article","og_title":"H\u00f6lle Grauburgunder 2021 trocken - Weingut Alexander Gysler","og_description":"Der Grauburgunder stammt aus dem steilsten St\u00fcck der Weinheimer H\u00f6lle. Die Reben wurzeln dort in einer warmen und windoffenen Lage im Sandsteinverwitterungsboden aus dem Rotliegenden. Ausgebaut wurde der Grauburgunder im St\u00fcckfass mit einem zw\u00f6lfmonatigen Vollhefelager und einer weiteren Reifezeit von 12 Monaten auf der Feinhefe im Edelstahl. Dem Grauburgunder sieht man an, dass er eine [...]","og_url":"https:\/\/alexander-gysler.de\/en\/produkt\/hoelle-grauburgunder-2021-trocken\/","og_site_name":"Weingut Alexander Gysler","article_modified_time":"2026-03-13T14:47:10+00:00","og_image":[{"width":791,"height":1412,"url":"https:\/\/alexander-gysler.de\/wp-content\/uploads\/2023\/06\/S121.png","type":"image\/png"}],"twitter_card":"summary_large_image","twitter_misc":{"Est. reading time":"1 minute"},"schema":{"@context":"https:\/\/schema.org","@graph":[{"@type":"WebPage","@id":"https:\/\/alexander-gysler.de\/en\/produkt\/hoelle-grauburgunder-2021-trocken\/","url":"https:\/\/alexander-gysler.de\/en\/produkt\/hoelle-grauburgunder-2021-trocken\/","name":"H\u00f6lle Grauburgunder 2021 trocken - Weingut Alexander Gysler","isPartOf":{"@id":"https:\/\/alexander-gysler.de\/en\/#website"},"primaryImageOfPage":{"@id":"https:\/\/alexander-gysler.de\/en\/produkt\/hoelle-grauburgunder-2021-trocken\/#primaryimage"},"image":{"@id":"https:\/\/alexander-gysler.de\/en\/produkt\/hoelle-grauburgunder-2021-trocken\/#primaryimage"},"thumbnailUrl":"https:\/\/alexander-gysler.de\/wp-content\/uploads\/2023\/06\/S121.png","datePublished":"2023-06-02T14:44:04+00:00","dateModified":"2026-03-13T14:47:10+00:00","breadcrumb":{"@id":"https:\/\/alexander-gysler.de\/en\/produkt\/hoelle-grauburgunder-2021-trocken\/#breadcrumb"},"inLanguage":"en-US","potentialAction":[{"@type":"ReadAction","target":["https:\/\/alexander-gysler.de\/en\/produkt\/hoelle-grauburgunder-2021-trocken\/"]}]},{"@type":"ImageObject","inLanguage":"en-US","@id":"https:\/\/alexander-gysler.de\/en\/produkt\/hoelle-grauburgunder-2021-trocken\/#primaryimage","url":"https:\/\/alexander-gysler.de\/wp-content\/uploads\/2023\/06\/S121.png","contentUrl":"https:\/\/alexander-gysler.de\/wp-content\/uploads\/2023\/06\/S121.png","width":791,"height":1412},{"@type":"BreadcrumbList","@id":"https:\/\/alexander-gysler.de\/en\/produkt\/hoelle-grauburgunder-2021-trocken\/#breadcrumb","itemListElement":[{"@type":"ListItem","position":1,"name":"Home","item":"https:\/\/alexander-gysler.de\/en\/"},{"@type":"ListItem","position":2,"name":"Shop","item":"https:\/\/alexander-gysler.de\/en\/shop\/"},{"@type":"ListItem","position":3,"name":"H\u00f6lle Grauburgunder 2021 trocken"}]},{"@type":"WebSite","@id":"https:\/\/alexander-gysler.de\/en\/#website","url":"https:\/\/alexander-gysler.de\/en\/","name":"Weingut Alexander Gysler","description":"","publisher":{"@id":"https:\/\/alexander-gysler.de\/en\/#organization"},"potentialAction":[{"@type":"SearchAction","target":{"@type":"EntryPoint","urlTemplate":"https:\/\/alexander-gysler.de\/en\/?s={search_term_string}"},"query-input":{"@type":"PropertyValueSpecification","valueRequired":true,"valueName":"search_term_string"}}],"inLanguage":"en-US"},{"@type":"Organization","@id":"https:\/\/alexander-gysler.de\/en\/#organization","name":"Weingut Alexander Gysler","url":"https:\/\/alexander-gysler.de\/en\/","logo":{"@type":"ImageObject","inLanguage":"en-US","@id":"https:\/\/alexander-gysler.de\/en\/#\/schema\/logo\/image\/","url":"https:\/\/alexander-gysler.de\/wp-content\/uploads\/2020\/01\/WeingutGysler_Logo.png","contentUrl":"https:\/\/alexander-gysler.de\/wp-content\/uploads\/2020\/01\/WeingutGysler_Logo.png","width":300,"height":100,"caption":"Weingut Alexander Gysler"},"image":{"@id":"https:\/\/alexander-gysler.de\/en\/#\/schema\/logo\/image\/"}}]}},"_links":{"self":[{"href":"https:\/\/alexander-gysler.de\/en\/wp-json\/wp\/v2\/product\/3087","targetHints":{"allow":["GET"]}}],"collection":[{"href":"https:\/\/alexander-gysler.de\/en\/wp-json\/wp\/v2\/product"}],"about":[{"href":"https:\/\/alexander-gysler.de\/en\/wp-json\/wp\/v2\/types\/product"}],"replies":[{"embeddable":true,"href":"https:\/\/alexander-gysler.de\/en\/wp-json\/wp\/v2\/comments?post=3087"}],"wp:featuredmedia":[{"embeddable":true,"href":"https:\/\/alexander-gysler.de\/en\/wp-json\/wp\/v2\/media\/3088"}],"wp:attachment":[{"href":"https:\/\/alexander-gysler.de\/en\/wp-json\/wp\/v2\/media?parent=3087"}],"wp:term":[{"taxonomy":"product_brand","embeddable":true,"href":"https:\/\/alexander-gysler.de\/en\/wp-json\/wp\/v2\/product_brand?post=3087"},{"taxonomy":"product_cat","embeddable":true,"href":"https:\/\/alexander-gysler.de\/en\/wp-json\/wp\/v2\/product_cat?post=3087"},{"taxonomy":"product_tag","embeddable":true,"href":"https:\/\/alexander-gysler.de\/en\/wp-json\/wp\/v2\/product_tag?post=3087"}],"curies":[{"name":"wp","href":"https:\/\/api.w.org\/{rel}","templated":true}]}}