{"id":2932,"date":"2023-03-31T11:24:47","date_gmt":"2023-03-31T09:24:47","guid":{"rendered":"https:\/\/alexander-gysler.de\/?post_type=product&#038;p=2932"},"modified":"2026-02-27T10:14:36","modified_gmt":"2026-02-27T09:14:36","slug":"fine-wine-fine-beats-fine-food","status":"publish","type":"product","link":"https:\/\/alexander-gysler.de\/en\/produkt\/fine-wine-fine-beats-fine-food\/","title":{"rendered":"Fine Wine, Fine Beats, Fine Food"},"content":{"rendered":"<p>Fine Wine, Fine Beats &amp; Fine Food<\/p>\n<p>Samstag 9. Mai, 14:00-22:00<br \/>\nDaydrinking par excellence im Innenhof unter dem Motto: Fine Wine, Beats &amp; Food.<br \/>\n4 DJs geben uns ordentlich was auf die Ohren.<\/p>\n<p>Sie k\u00f6nnen unser gesamtes Sortiment drinnen in Ruhe verkosten oder im Hof unter Partybedingungen genie\u00dfen.<br \/>\nPatrick Spemann, unser Mann am Herd, bringt dieses Mal seinen Feuerring mit.<\/p>\n<p>Angedacht sind Thunfisch, Gambas und scharfe, eingelegte Fleischspie\u00dfe &#8211; frisch vom Grill und auf den Punkt gegart, zudem wieder Austern, wie auch sch\u00f6ne Alternativen f\u00fcr unsere vegetarischen G\u00e4ste.<br \/>\nDer Weinverkauf ist bis in die Nacht ge\u00f6ffnet.<\/p>\n<p>Wir freuen uns hier schon wieder alle auf die Party \u2013 wie siehts bei euch aus?<\/p>\n<p>D\u00fcrfen wir Euch\/Dich\/Sie hier begr\u00fc\u00dfen?<\/p>\n","protected":false},"excerpt":{"rendered":"<p>Fine Wine, Fine Beats &amp; Fine Food Samstag 9. Mai, 14:00-22:00 Daydrinking par excellence im Innenhof unter dem Motto: Fine Wine, Beats &amp; Food. 4 DJs geben uns ordentlich was auf die Ohren. Sie k\u00f6nnen unser gesamtes Sortiment drinnen in Ruhe verkosten oder im Hof unter Partybedingungen genie\u00dfen. Patrick Spemann, unser Mann am Herd, bringt [&#8230;]\n","protected":false},"featured_media":4195,"comment_status":"closed","ping_status":"closed","template":"","meta":[],"product_brand":[],"product_cat":[15],"product_tag":[],"class_list":{"0":"post-2932","1":"product","2":"type-product","3":"status-publish","4":"has-post-thumbnail","6":"product_cat-uncategorized","7":"product_shipping_class-12-flaschen","9":"first","10":"instock","11":"virtual","12":"taxable","13":"purchasable","14":"product-type-simple"},"yoast_head":"<!-- This site is optimized with the Yoast SEO plugin v27.1.1 - https:\/\/yoast.com\/product\/yoast-seo-wordpress\/ -->\n<title>Fine Wine, Fine Beats, Fine Food - Weingut Alexander Gysler<\/title>\n<meta name=\"robots\" content=\"index, follow, max-snippet:-1, max-image-preview:large, max-video-preview:-1\" \/>\n<link rel=\"canonical\" href=\"https:\/\/alexander-gysler.de\/en\/produkt\/fine-wine-fine-beats-fine-food\/\" \/>\n<meta property=\"og:locale\" content=\"en_US\" \/>\n<meta property=\"og:type\" content=\"article\" \/>\n<meta property=\"og:title\" content=\"Fine Wine, Fine Beats, Fine Food - Weingut Alexander Gysler\" \/>\n<meta property=\"og:description\" content=\"Fine Wine, Fine Beats &amp; Fine Food Samstag 9. Mai, 14:00-22:00 Daydrinking par excellence im Innenhof unter dem Motto: Fine Wine, Beats &amp; Food. 4 DJs geben uns ordentlich was auf die Ohren. Sie k\u00f6nnen unser gesamtes Sortiment drinnen in Ruhe verkosten oder im Hof unter Partybedingungen genie\u00dfen. Patrick Spemann, unser Mann am Herd, bringt [...]\" \/>\n<meta property=\"og:url\" content=\"https:\/\/alexander-gysler.de\/en\/produkt\/fine-wine-fine-beats-fine-food\/\" \/>\n<meta property=\"og:site_name\" content=\"Weingut Alexander Gysler\" \/>\n<meta property=\"article:modified_time\" content=\"2026-02-27T09:14:36+00:00\" \/>\n<meta property=\"og:image\" content=\"https:\/\/alexander-gysler.de\/wp-content\/uploads\/2023\/03\/STD-0905.png\" \/>\n\t<meta property=\"og:image:width\" content=\"600\" \/>\n\t<meta property=\"og:image:height\" content=\"600\" \/>\n\t<meta property=\"og:image:type\" content=\"image\/png\" \/>\n<meta name=\"twitter:card\" content=\"summary_large_image\" \/>\n<meta name=\"twitter:label1\" content=\"Est. reading time\" \/>\n\t<meta name=\"twitter:data1\" content=\"1 minute\" \/>\n<script type=\"application\/ld+json\" class=\"yoast-schema-graph\">{\"@context\":\"https:\/\/schema.org\",\"@graph\":[{\"@type\":\"WebPage\",\"@id\":\"https:\/\/alexander-gysler.de\/en\/produkt\/fine-wine-fine-beats-fine-food\/\",\"url\":\"https:\/\/alexander-gysler.de\/en\/produkt\/fine-wine-fine-beats-fine-food\/\",\"name\":\"Fine Wine, Fine Beats, Fine Food - Weingut Alexander Gysler\",\"isPartOf\":{\"@id\":\"https:\/\/alexander-gysler.de\/en\/#website\"},\"primaryImageOfPage\":{\"@id\":\"https:\/\/alexander-gysler.de\/en\/produkt\/fine-wine-fine-beats-fine-food\/#primaryimage\"},\"image\":{\"@id\":\"https:\/\/alexander-gysler.de\/en\/produkt\/fine-wine-fine-beats-fine-food\/#primaryimage\"},\"thumbnailUrl\":\"https:\/\/alexander-gysler.de\/wp-content\/uploads\/2023\/03\/STD-0905.png\",\"datePublished\":\"2023-03-31T09:24:47+00:00\",\"dateModified\":\"2026-02-27T09:14:36+00:00\",\"breadcrumb\":{\"@id\":\"https:\/\/alexander-gysler.de\/en\/produkt\/fine-wine-fine-beats-fine-food\/#breadcrumb\"},\"inLanguage\":\"en-US\",\"potentialAction\":[{\"@type\":\"ReadAction\",\"target\":[\"https:\/\/alexander-gysler.de\/en\/produkt\/fine-wine-fine-beats-fine-food\/\"]}]},{\"@type\":\"ImageObject\",\"inLanguage\":\"en-US\",\"@id\":\"https:\/\/alexander-gysler.de\/en\/produkt\/fine-wine-fine-beats-fine-food\/#primaryimage\",\"url\":\"https:\/\/alexander-gysler.de\/wp-content\/uploads\/2023\/03\/STD-0905.png\",\"contentUrl\":\"https:\/\/alexander-gysler.de\/wp-content\/uploads\/2023\/03\/STD-0905.png\",\"width\":600,\"height\":600},{\"@type\":\"BreadcrumbList\",\"@id\":\"https:\/\/alexander-gysler.de\/en\/produkt\/fine-wine-fine-beats-fine-food\/#breadcrumb\",\"itemListElement\":[{\"@type\":\"ListItem\",\"position\":1,\"name\":\"Home\",\"item\":\"https:\/\/alexander-gysler.de\/en\/\"},{\"@type\":\"ListItem\",\"position\":2,\"name\":\"Shop\",\"item\":\"https:\/\/alexander-gysler.de\/en\/shop\/\"},{\"@type\":\"ListItem\",\"position\":3,\"name\":\"Fine Wine, Fine Beats, Fine Food\"}]},{\"@type\":\"WebSite\",\"@id\":\"https:\/\/alexander-gysler.de\/en\/#website\",\"url\":\"https:\/\/alexander-gysler.de\/en\/\",\"name\":\"Weingut Alexander Gysler\",\"description\":\"\",\"publisher\":{\"@id\":\"https:\/\/alexander-gysler.de\/en\/#organization\"},\"potentialAction\":[{\"@type\":\"SearchAction\",\"target\":{\"@type\":\"EntryPoint\",\"urlTemplate\":\"https:\/\/alexander-gysler.de\/en\/?s={search_term_string}\"},\"query-input\":{\"@type\":\"PropertyValueSpecification\",\"valueRequired\":true,\"valueName\":\"search_term_string\"}}],\"inLanguage\":\"en-US\"},{\"@type\":\"Organization\",\"@id\":\"https:\/\/alexander-gysler.de\/en\/#organization\",\"name\":\"Weingut Alexander Gysler\",\"url\":\"https:\/\/alexander-gysler.de\/en\/\",\"logo\":{\"@type\":\"ImageObject\",\"inLanguage\":\"en-US\",\"@id\":\"https:\/\/alexander-gysler.de\/en\/#\/schema\/logo\/image\/\",\"url\":\"https:\/\/alexander-gysler.de\/wp-content\/uploads\/2020\/01\/WeingutGysler_Logo.png\",\"contentUrl\":\"https:\/\/alexander-gysler.de\/wp-content\/uploads\/2020\/01\/WeingutGysler_Logo.png\",\"width\":300,\"height\":100,\"caption\":\"Weingut Alexander Gysler\"},\"image\":{\"@id\":\"https:\/\/alexander-gysler.de\/en\/#\/schema\/logo\/image\/\"}}]}<\/script>\n<!-- \/ Yoast SEO plugin. -->","yoast_head_json":{"title":"Fine Wine, Fine Beats, Fine Food - Weingut Alexander Gysler","robots":{"index":"index","follow":"follow","max-snippet":"max-snippet:-1","max-image-preview":"max-image-preview:large","max-video-preview":"max-video-preview:-1"},"canonical":"https:\/\/alexander-gysler.de\/en\/produkt\/fine-wine-fine-beats-fine-food\/","og_locale":"en_US","og_type":"article","og_title":"Fine Wine, Fine Beats, Fine Food - Weingut Alexander Gysler","og_description":"Fine Wine, Fine Beats &amp; Fine Food Samstag 9. Mai, 14:00-22:00 Daydrinking par excellence im Innenhof unter dem Motto: Fine Wine, Beats &amp; Food. 4 DJs geben uns ordentlich was auf die Ohren. Sie k\u00f6nnen unser gesamtes Sortiment drinnen in Ruhe verkosten oder im Hof unter Partybedingungen genie\u00dfen. Patrick Spemann, unser Mann am Herd, bringt [...]","og_url":"https:\/\/alexander-gysler.de\/en\/produkt\/fine-wine-fine-beats-fine-food\/","og_site_name":"Weingut Alexander Gysler","article_modified_time":"2026-02-27T09:14:36+00:00","og_image":[{"width":600,"height":600,"url":"https:\/\/alexander-gysler.de\/wp-content\/uploads\/2023\/03\/STD-0905.png","type":"image\/png"}],"twitter_card":"summary_large_image","twitter_misc":{"Est. reading time":"1 minute"},"schema":{"@context":"https:\/\/schema.org","@graph":[{"@type":"WebPage","@id":"https:\/\/alexander-gysler.de\/en\/produkt\/fine-wine-fine-beats-fine-food\/","url":"https:\/\/alexander-gysler.de\/en\/produkt\/fine-wine-fine-beats-fine-food\/","name":"Fine Wine, Fine Beats, Fine Food - Weingut Alexander Gysler","isPartOf":{"@id":"https:\/\/alexander-gysler.de\/en\/#website"},"primaryImageOfPage":{"@id":"https:\/\/alexander-gysler.de\/en\/produkt\/fine-wine-fine-beats-fine-food\/#primaryimage"},"image":{"@id":"https:\/\/alexander-gysler.de\/en\/produkt\/fine-wine-fine-beats-fine-food\/#primaryimage"},"thumbnailUrl":"https:\/\/alexander-gysler.de\/wp-content\/uploads\/2023\/03\/STD-0905.png","datePublished":"2023-03-31T09:24:47+00:00","dateModified":"2026-02-27T09:14:36+00:00","breadcrumb":{"@id":"https:\/\/alexander-gysler.de\/en\/produkt\/fine-wine-fine-beats-fine-food\/#breadcrumb"},"inLanguage":"en-US","potentialAction":[{"@type":"ReadAction","target":["https:\/\/alexander-gysler.de\/en\/produkt\/fine-wine-fine-beats-fine-food\/"]}]},{"@type":"ImageObject","inLanguage":"en-US","@id":"https:\/\/alexander-gysler.de\/en\/produkt\/fine-wine-fine-beats-fine-food\/#primaryimage","url":"https:\/\/alexander-gysler.de\/wp-content\/uploads\/2023\/03\/STD-0905.png","contentUrl":"https:\/\/alexander-gysler.de\/wp-content\/uploads\/2023\/03\/STD-0905.png","width":600,"height":600},{"@type":"BreadcrumbList","@id":"https:\/\/alexander-gysler.de\/en\/produkt\/fine-wine-fine-beats-fine-food\/#breadcrumb","itemListElement":[{"@type":"ListItem","position":1,"name":"Home","item":"https:\/\/alexander-gysler.de\/en\/"},{"@type":"ListItem","position":2,"name":"Shop","item":"https:\/\/alexander-gysler.de\/en\/shop\/"},{"@type":"ListItem","position":3,"name":"Fine Wine, Fine Beats, Fine Food"}]},{"@type":"WebSite","@id":"https:\/\/alexander-gysler.de\/en\/#website","url":"https:\/\/alexander-gysler.de\/en\/","name":"Weingut Alexander Gysler","description":"","publisher":{"@id":"https:\/\/alexander-gysler.de\/en\/#organization"},"potentialAction":[{"@type":"SearchAction","target":{"@type":"EntryPoint","urlTemplate":"https:\/\/alexander-gysler.de\/en\/?s={search_term_string}"},"query-input":{"@type":"PropertyValueSpecification","valueRequired":true,"valueName":"search_term_string"}}],"inLanguage":"en-US"},{"@type":"Organization","@id":"https:\/\/alexander-gysler.de\/en\/#organization","name":"Weingut Alexander Gysler","url":"https:\/\/alexander-gysler.de\/en\/","logo":{"@type":"ImageObject","inLanguage":"en-US","@id":"https:\/\/alexander-gysler.de\/en\/#\/schema\/logo\/image\/","url":"https:\/\/alexander-gysler.de\/wp-content\/uploads\/2020\/01\/WeingutGysler_Logo.png","contentUrl":"https:\/\/alexander-gysler.de\/wp-content\/uploads\/2020\/01\/WeingutGysler_Logo.png","width":300,"height":100,"caption":"Weingut Alexander Gysler"},"image":{"@id":"https:\/\/alexander-gysler.de\/en\/#\/schema\/logo\/image\/"}}]}},"_links":{"self":[{"href":"https:\/\/alexander-gysler.de\/en\/wp-json\/wp\/v2\/product\/2932","targetHints":{"allow":["GET"]}}],"collection":[{"href":"https:\/\/alexander-gysler.de\/en\/wp-json\/wp\/v2\/product"}],"about":[{"href":"https:\/\/alexander-gysler.de\/en\/wp-json\/wp\/v2\/types\/product"}],"replies":[{"embeddable":true,"href":"https:\/\/alexander-gysler.de\/en\/wp-json\/wp\/v2\/comments?post=2932"}],"wp:featuredmedia":[{"embeddable":true,"href":"https:\/\/alexander-gysler.de\/en\/wp-json\/wp\/v2\/media\/4195"}],"wp:attachment":[{"href":"https:\/\/alexander-gysler.de\/en\/wp-json\/wp\/v2\/media?parent=2932"}],"wp:term":[{"taxonomy":"product_brand","embeddable":true,"href":"https:\/\/alexander-gysler.de\/en\/wp-json\/wp\/v2\/product_brand?post=2932"},{"taxonomy":"product_cat","embeddable":true,"href":"https:\/\/alexander-gysler.de\/en\/wp-json\/wp\/v2\/product_cat?post=2932"},{"taxonomy":"product_tag","embeddable":true,"href":"https:\/\/alexander-gysler.de\/en\/wp-json\/wp\/v2\/product_tag?post=2932"}],"curies":[{"name":"wp","href":"https:\/\/api.w.org\/{rel}","templated":true}]}}