{"id":2928,"date":"2023-03-28T16:46:20","date_gmt":"2023-03-28T14:46:20","guid":{"rendered":"https:\/\/alexander-gysler.de\/?post_type=product&#038;p=2928"},"modified":"2026-03-25T11:12:24","modified_gmt":"2026-03-25T10:12:24","slug":"12er-jungweinkiste","status":"publish","type":"product","link":"https:\/\/alexander-gysler.de\/en\/produkt\/12er-jungweinkiste\/","title":{"rendered":"12er Jungweinkiste 2026 &#8211; frei Haus Deutschland"},"content":{"rendered":"<p>Diese 12er Jungweinkiste enth\u00e4lt je 4 Flaschen der folgenden Weine<\/p>\n<p>SANDSTEIN &#8211; Riesling trocken 2025 750ml &#8211; 12,5% vol<\/p>\n<p>STERNENGLANZ &#8211; Wei\u00dfburgunder trocken 2025 750ml &#8211; 13% vol<\/p>\n<p>FELDST\u00c4RKE &#8211; Grauburgunder trocken 2025 750ml &#8211; 13% vol<\/p>\n<p>! Abbildung \u00e4hnlich !<\/p>\n<p>Gutsabf\u00fcllung &#8211; Weingut Gysler &#8211; Gro\u00dfer Spitzenberg 8 &#8211; D- 55232 Alzey-Weinheim &#8211; DE-\u00d6ko-022 &#8211; Demeter zertifiziert &#8211; \u00d6ko zertifiziert &#8211; Vegan erzeugt &#8211; Deutsche Landwirtschaft &#8211; Allergenhinweis: enth\u00e4lt Sulfite<\/p>\n","protected":false},"excerpt":{"rendered":"<p>Diese 12er Jungweinkiste enth\u00e4lt je 4 Flaschen der folgenden Weine SANDSTEIN &#8211; Riesling trocken 2025 750ml &#8211; 12,5% vol STERNENGLANZ &#8211; Wei\u00dfburgunder trocken 2025 750ml &#8211; 13% vol FELDST\u00c4RKE &#8211; Grauburgunder trocken 2025 750ml &#8211; 13% vol ! Abbildung \u00e4hnlich ! Gutsabf\u00fcllung &#8211; Weingut Gysler &#8211; Gro\u00dfer Spitzenberg 8 &#8211; D- 55232 Alzey-Weinheim &#8211; DE-\u00d6ko-022 [&#8230;]\n","protected":false},"featured_media":4250,"comment_status":"closed","ping_status":"closed","template":"","meta":[],"product_brand":[],"product_cat":[106],"product_tag":[184,115,183],"class_list":{"0":"post-2928","1":"product","2":"type-product","3":"status-publish","4":"has-post-thumbnail","6":"product_cat-weinkisten","7":"product_tag-neuer-jahrgang","8":"product_tag-riesling","9":"product_tag-weinkisten","10":"product_shipping_class-12-flaschen","12":"first","13":"instock","14":"taxable","15":"shipping-taxable","16":"purchasable","17":"product-type-simple"},"yoast_head":"<!-- This site is optimized with the Yoast SEO plugin v27.1.1 - https:\/\/yoast.com\/product\/yoast-seo-wordpress\/ -->\n<title>12er Jungweinkiste 2026 - frei Haus Deutschland - Weingut Alexander Gysler<\/title>\n<meta name=\"robots\" content=\"index, follow, max-snippet:-1, max-image-preview:large, max-video-preview:-1\" \/>\n<link rel=\"canonical\" href=\"https:\/\/alexander-gysler.de\/en\/produkt\/12er-jungweinkiste\/\" \/>\n<meta property=\"og:locale\" content=\"en_US\" \/>\n<meta property=\"og:type\" content=\"article\" \/>\n<meta property=\"og:title\" content=\"12er Jungweinkiste 2026 - frei Haus Deutschland - Weingut Alexander Gysler\" \/>\n<meta property=\"og:description\" content=\"Diese 12er Jungweinkiste enth\u00e4lt je 4 Flaschen der folgenden Weine SANDSTEIN &#8211; Riesling trocken 2025 750ml &#8211; 12,5% vol STERNENGLANZ &#8211; Wei\u00dfburgunder trocken 2025 750ml &#8211; 13% vol FELDST\u00c4RKE &#8211; Grauburgunder trocken 2025 750ml &#8211; 13% vol ! Abbildung \u00e4hnlich ! Gutsabf\u00fcllung &#8211; Weingut Gysler &#8211; Gro\u00dfer Spitzenberg 8 &#8211; D- 55232 Alzey-Weinheim &#8211; DE-\u00d6ko-022 [...]\" \/>\n<meta property=\"og:url\" content=\"https:\/\/alexander-gysler.de\/en\/produkt\/12er-jungweinkiste\/\" \/>\n<meta property=\"og:site_name\" content=\"Weingut Alexander Gysler\" \/>\n<meta property=\"article:modified_time\" content=\"2026-03-25T10:12:24+00:00\" \/>\n<meta property=\"og:image\" content=\"https:\/\/alexander-gysler.de\/wp-content\/uploads\/2023\/03\/12er-JWK-2026.png\" \/>\n\t<meta property=\"og:image:width\" content=\"791\" \/>\n\t<meta property=\"og:image:height\" content=\"1412\" \/>\n\t<meta property=\"og:image:type\" content=\"image\/png\" \/>\n<meta name=\"twitter:card\" content=\"summary_large_image\" \/>\n<script type=\"application\/ld+json\" class=\"yoast-schema-graph\">{\"@context\":\"https:\/\/schema.org\",\"@graph\":[{\"@type\":\"WebPage\",\"@id\":\"https:\/\/alexander-gysler.de\/en\/produkt\/12er-jungweinkiste\/\",\"url\":\"https:\/\/alexander-gysler.de\/en\/produkt\/12er-jungweinkiste\/\",\"name\":\"12er Jungweinkiste 2026 - frei Haus Deutschland - Weingut Alexander Gysler\",\"isPartOf\":{\"@id\":\"https:\/\/alexander-gysler.de\/en\/#website\"},\"primaryImageOfPage\":{\"@id\":\"https:\/\/alexander-gysler.de\/en\/produkt\/12er-jungweinkiste\/#primaryimage\"},\"image\":{\"@id\":\"https:\/\/alexander-gysler.de\/en\/produkt\/12er-jungweinkiste\/#primaryimage\"},\"thumbnailUrl\":\"https:\/\/alexander-gysler.de\/wp-content\/uploads\/2023\/03\/12er-JWK-2026.png\",\"datePublished\":\"2023-03-28T14:46:20+00:00\",\"dateModified\":\"2026-03-25T10:12:24+00:00\",\"breadcrumb\":{\"@id\":\"https:\/\/alexander-gysler.de\/en\/produkt\/12er-jungweinkiste\/#breadcrumb\"},\"inLanguage\":\"en-US\",\"potentialAction\":[{\"@type\":\"ReadAction\",\"target\":[\"https:\/\/alexander-gysler.de\/en\/produkt\/12er-jungweinkiste\/\"]}]},{\"@type\":\"ImageObject\",\"inLanguage\":\"en-US\",\"@id\":\"https:\/\/alexander-gysler.de\/en\/produkt\/12er-jungweinkiste\/#primaryimage\",\"url\":\"https:\/\/alexander-gysler.de\/wp-content\/uploads\/2023\/03\/12er-JWK-2026.png\",\"contentUrl\":\"https:\/\/alexander-gysler.de\/wp-content\/uploads\/2023\/03\/12er-JWK-2026.png\",\"width\":791,\"height\":1412},{\"@type\":\"BreadcrumbList\",\"@id\":\"https:\/\/alexander-gysler.de\/en\/produkt\/12er-jungweinkiste\/#breadcrumb\",\"itemListElement\":[{\"@type\":\"ListItem\",\"position\":1,\"name\":\"Home\",\"item\":\"https:\/\/alexander-gysler.de\/en\/\"},{\"@type\":\"ListItem\",\"position\":2,\"name\":\"Shop\",\"item\":\"https:\/\/alexander-gysler.de\/en\/shop\/\"},{\"@type\":\"ListItem\",\"position\":3,\"name\":\"12er Jungweinkiste 2026 &#8211; frei Haus Deutschland\"}]},{\"@type\":\"WebSite\",\"@id\":\"https:\/\/alexander-gysler.de\/en\/#website\",\"url\":\"https:\/\/alexander-gysler.de\/en\/\",\"name\":\"Weingut Alexander Gysler\",\"description\":\"\",\"publisher\":{\"@id\":\"https:\/\/alexander-gysler.de\/en\/#organization\"},\"potentialAction\":[{\"@type\":\"SearchAction\",\"target\":{\"@type\":\"EntryPoint\",\"urlTemplate\":\"https:\/\/alexander-gysler.de\/en\/?s={search_term_string}\"},\"query-input\":{\"@type\":\"PropertyValueSpecification\",\"valueRequired\":true,\"valueName\":\"search_term_string\"}}],\"inLanguage\":\"en-US\"},{\"@type\":\"Organization\",\"@id\":\"https:\/\/alexander-gysler.de\/en\/#organization\",\"name\":\"Weingut Alexander Gysler\",\"url\":\"https:\/\/alexander-gysler.de\/en\/\",\"logo\":{\"@type\":\"ImageObject\",\"inLanguage\":\"en-US\",\"@id\":\"https:\/\/alexander-gysler.de\/en\/#\/schema\/logo\/image\/\",\"url\":\"https:\/\/alexander-gysler.de\/wp-content\/uploads\/2020\/01\/WeingutGysler_Logo.png\",\"contentUrl\":\"https:\/\/alexander-gysler.de\/wp-content\/uploads\/2020\/01\/WeingutGysler_Logo.png\",\"width\":300,\"height\":100,\"caption\":\"Weingut Alexander Gysler\"},\"image\":{\"@id\":\"https:\/\/alexander-gysler.de\/en\/#\/schema\/logo\/image\/\"}}]}<\/script>\n<!-- \/ Yoast SEO plugin. -->","yoast_head_json":{"title":"12er Jungweinkiste 2026 - frei Haus Deutschland - Weingut Alexander Gysler","robots":{"index":"index","follow":"follow","max-snippet":"max-snippet:-1","max-image-preview":"max-image-preview:large","max-video-preview":"max-video-preview:-1"},"canonical":"https:\/\/alexander-gysler.de\/en\/produkt\/12er-jungweinkiste\/","og_locale":"en_US","og_type":"article","og_title":"12er Jungweinkiste 2026 - frei Haus Deutschland - Weingut Alexander Gysler","og_description":"Diese 12er Jungweinkiste enth\u00e4lt je 4 Flaschen der folgenden Weine SANDSTEIN &#8211; Riesling trocken 2025 750ml &#8211; 12,5% vol STERNENGLANZ &#8211; Wei\u00dfburgunder trocken 2025 750ml &#8211; 13% vol FELDST\u00c4RKE &#8211; Grauburgunder trocken 2025 750ml &#8211; 13% vol ! Abbildung \u00e4hnlich ! Gutsabf\u00fcllung &#8211; Weingut Gysler &#8211; Gro\u00dfer Spitzenberg 8 &#8211; D- 55232 Alzey-Weinheim &#8211; DE-\u00d6ko-022 [...]","og_url":"https:\/\/alexander-gysler.de\/en\/produkt\/12er-jungweinkiste\/","og_site_name":"Weingut Alexander Gysler","article_modified_time":"2026-03-25T10:12:24+00:00","og_image":[{"width":791,"height":1412,"url":"https:\/\/alexander-gysler.de\/wp-content\/uploads\/2023\/03\/12er-JWK-2026.png","type":"image\/png"}],"twitter_card":"summary_large_image","schema":{"@context":"https:\/\/schema.org","@graph":[{"@type":"WebPage","@id":"https:\/\/alexander-gysler.de\/en\/produkt\/12er-jungweinkiste\/","url":"https:\/\/alexander-gysler.de\/en\/produkt\/12er-jungweinkiste\/","name":"12er Jungweinkiste 2026 - frei Haus Deutschland - Weingut Alexander Gysler","isPartOf":{"@id":"https:\/\/alexander-gysler.de\/en\/#website"},"primaryImageOfPage":{"@id":"https:\/\/alexander-gysler.de\/en\/produkt\/12er-jungweinkiste\/#primaryimage"},"image":{"@id":"https:\/\/alexander-gysler.de\/en\/produkt\/12er-jungweinkiste\/#primaryimage"},"thumbnailUrl":"https:\/\/alexander-gysler.de\/wp-content\/uploads\/2023\/03\/12er-JWK-2026.png","datePublished":"2023-03-28T14:46:20+00:00","dateModified":"2026-03-25T10:12:24+00:00","breadcrumb":{"@id":"https:\/\/alexander-gysler.de\/en\/produkt\/12er-jungweinkiste\/#breadcrumb"},"inLanguage":"en-US","potentialAction":[{"@type":"ReadAction","target":["https:\/\/alexander-gysler.de\/en\/produkt\/12er-jungweinkiste\/"]}]},{"@type":"ImageObject","inLanguage":"en-US","@id":"https:\/\/alexander-gysler.de\/en\/produkt\/12er-jungweinkiste\/#primaryimage","url":"https:\/\/alexander-gysler.de\/wp-content\/uploads\/2023\/03\/12er-JWK-2026.png","contentUrl":"https:\/\/alexander-gysler.de\/wp-content\/uploads\/2023\/03\/12er-JWK-2026.png","width":791,"height":1412},{"@type":"BreadcrumbList","@id":"https:\/\/alexander-gysler.de\/en\/produkt\/12er-jungweinkiste\/#breadcrumb","itemListElement":[{"@type":"ListItem","position":1,"name":"Home","item":"https:\/\/alexander-gysler.de\/en\/"},{"@type":"ListItem","position":2,"name":"Shop","item":"https:\/\/alexander-gysler.de\/en\/shop\/"},{"@type":"ListItem","position":3,"name":"12er Jungweinkiste 2026 &#8211; frei Haus Deutschland"}]},{"@type":"WebSite","@id":"https:\/\/alexander-gysler.de\/en\/#website","url":"https:\/\/alexander-gysler.de\/en\/","name":"Weingut Alexander Gysler","description":"","publisher":{"@id":"https:\/\/alexander-gysler.de\/en\/#organization"},"potentialAction":[{"@type":"SearchAction","target":{"@type":"EntryPoint","urlTemplate":"https:\/\/alexander-gysler.de\/en\/?s={search_term_string}"},"query-input":{"@type":"PropertyValueSpecification","valueRequired":true,"valueName":"search_term_string"}}],"inLanguage":"en-US"},{"@type":"Organization","@id":"https:\/\/alexander-gysler.de\/en\/#organization","name":"Weingut Alexander Gysler","url":"https:\/\/alexander-gysler.de\/en\/","logo":{"@type":"ImageObject","inLanguage":"en-US","@id":"https:\/\/alexander-gysler.de\/en\/#\/schema\/logo\/image\/","url":"https:\/\/alexander-gysler.de\/wp-content\/uploads\/2020\/01\/WeingutGysler_Logo.png","contentUrl":"https:\/\/alexander-gysler.de\/wp-content\/uploads\/2020\/01\/WeingutGysler_Logo.png","width":300,"height":100,"caption":"Weingut Alexander Gysler"},"image":{"@id":"https:\/\/alexander-gysler.de\/en\/#\/schema\/logo\/image\/"}}]}},"_links":{"self":[{"href":"https:\/\/alexander-gysler.de\/en\/wp-json\/wp\/v2\/product\/2928","targetHints":{"allow":["GET"]}}],"collection":[{"href":"https:\/\/alexander-gysler.de\/en\/wp-json\/wp\/v2\/product"}],"about":[{"href":"https:\/\/alexander-gysler.de\/en\/wp-json\/wp\/v2\/types\/product"}],"replies":[{"embeddable":true,"href":"https:\/\/alexander-gysler.de\/en\/wp-json\/wp\/v2\/comments?post=2928"}],"wp:featuredmedia":[{"embeddable":true,"href":"https:\/\/alexander-gysler.de\/en\/wp-json\/wp\/v2\/media\/4250"}],"wp:attachment":[{"href":"https:\/\/alexander-gysler.de\/en\/wp-json\/wp\/v2\/media?parent=2928"}],"wp:term":[{"taxonomy":"product_brand","embeddable":true,"href":"https:\/\/alexander-gysler.de\/en\/wp-json\/wp\/v2\/product_brand?post=2928"},{"taxonomy":"product_cat","embeddable":true,"href":"https:\/\/alexander-gysler.de\/en\/wp-json\/wp\/v2\/product_cat?post=2928"},{"taxonomy":"product_tag","embeddable":true,"href":"https:\/\/alexander-gysler.de\/en\/wp-json\/wp\/v2\/product_tag?post=2928"}],"curies":[{"name":"wp","href":"https:\/\/api.w.org\/{rel}","templated":true}]}}