{"id":2925,"date":"2023-03-28T13:18:38","date_gmt":"2023-03-28T11:18:38","guid":{"rendered":"https:\/\/alexander-gysler.de\/?post_type=product&#038;p=2925"},"modified":"2023-03-28T15:09:19","modified_gmt":"2023-03-28T13:09:19","slug":"pet-nat-spaetburgunder-2022","status":"publish","type":"product","link":"https:\/\/alexander-gysler.de\/en\/produkt\/pet-nat-spaetburgunder-2022\/","title":{"rendered":"PET NAT &#8211; Sp\u00e4tburgunder 2022"},"content":{"rendered":"<p><span style=\"font-weight: 400;\">Der unfiltrierte PET NAT zeigt eine Farbe von frisch zersto\u00dfenen Walderdbeeren und duftet auch danach. Diese Walderdbeer-Aromatik wird begleitet von einem Hauch Hefe, von s\u00fc\u00dfen Kirschen und Kirschbl\u00fcten und von ein wenig Pfeffer. Am Gaumen ist der PET NAT saftig und frisch. Die Perlage sorgt f\u00fcr ordentlich Wirbel, ist aber erstaunlich fein. Neben der von reifer S\u00e4ure gepr\u00e4gten Frucht \u2013 pl\u00f6tzlich sind es keine S\u00fc\u00dfkirschen mehr, sondern Sauerkirschen \u2013 wird die tiefe Mineralik dieses Schaumweins deutlich. Der Sp\u00e4tburgunder zeigt sich hier mit einer kalkig wirkenden Note und einer gro\u00dfen Energie. Das ist ein rotfruchtiger Sch\u00e4umer von purer Vitalit\u00e4t.<\/span><\/p>\n<p>Deutscher Landwein Rhein &#8211; Weingut Gysler &#8211; Gro\u00dfer Spitzenberg 8 &#8211; D- 55232 Alzey-Weinheim &#8211; DE-\u00d6KO-022 &#8211; Demeter zertifiziert &#8211; \u00d6ko zertifiziert &#8211; Vegan erzeugt &#8211; Deutsche Landwirtschaft &#8211; Allergenhinweis: enth\u00e4lt Sulfite &#8211; Alkoholgehalt: 12% vol. &#8211; Inhalt: 750 ml<\/p>\n","protected":false},"excerpt":{"rendered":"<p>feinfruchtig, saftig, sehr lebendig<\/p>\n","protected":false},"featured_media":2926,"comment_status":"open","ping_status":"closed","template":"","meta":[],"product_brand":[],"product_cat":[105],"product_tag":[95],"class_list":{"0":"post-2925","1":"product","2":"type-product","3":"status-publish","4":"has-post-thumbnail","6":"product_cat-vinvivant-petnat","7":"product_tag-trocken","9":"first","10":"instock","11":"taxable","12":"shipping-taxable","13":"purchasable","14":"product-type-simple"},"yoast_head":"<!-- This site is optimized with the Yoast SEO plugin v27.1.1 - https:\/\/yoast.com\/product\/yoast-seo-wordpress\/ -->\n<title>PET NAT - Sp\u00e4tburgunder 2022 - Weingut Alexander Gysler<\/title>\n<meta name=\"robots\" content=\"index, follow, max-snippet:-1, max-image-preview:large, max-video-preview:-1\" \/>\n<link rel=\"canonical\" href=\"https:\/\/alexander-gysler.de\/en\/produkt\/pet-nat-spaetburgunder-2022\/\" \/>\n<meta property=\"og:locale\" content=\"en_US\" \/>\n<meta property=\"og:type\" content=\"article\" \/>\n<meta property=\"og:title\" content=\"PET NAT - Sp\u00e4tburgunder 2022 - Weingut Alexander Gysler\" \/>\n<meta property=\"og:description\" content=\"feinfruchtig, saftig, sehr lebendig\" \/>\n<meta property=\"og:url\" content=\"https:\/\/alexander-gysler.de\/en\/produkt\/pet-nat-spaetburgunder-2022\/\" \/>\n<meta property=\"og:site_name\" content=\"Weingut Alexander Gysler\" \/>\n<meta property=\"article:modified_time\" content=\"2023-03-28T13:09:19+00:00\" \/>\n<meta property=\"og:image\" content=\"https:\/\/alexander-gysler.de\/wp-content\/uploads\/2023\/03\/PN.png\" \/>\n\t<meta property=\"og:image:width\" content=\"791\" \/>\n\t<meta property=\"og:image:height\" content=\"1412\" \/>\n\t<meta property=\"og:image:type\" content=\"image\/png\" \/>\n<meta name=\"twitter:card\" content=\"summary_large_image\" \/>\n<meta name=\"twitter:label1\" content=\"Est. reading time\" \/>\n\t<meta name=\"twitter:data1\" content=\"1 minute\" \/>\n<script type=\"application\/ld+json\" class=\"yoast-schema-graph\">{\"@context\":\"https:\/\/schema.org\",\"@graph\":[{\"@type\":\"WebPage\",\"@id\":\"https:\/\/alexander-gysler.de\/en\/produkt\/pet-nat-spaetburgunder-2022\/\",\"url\":\"https:\/\/alexander-gysler.de\/en\/produkt\/pet-nat-spaetburgunder-2022\/\",\"name\":\"PET NAT - Sp\u00e4tburgunder 2022 - Weingut Alexander Gysler\",\"isPartOf\":{\"@id\":\"https:\/\/alexander-gysler.de\/en\/#website\"},\"primaryImageOfPage\":{\"@id\":\"https:\/\/alexander-gysler.de\/en\/produkt\/pet-nat-spaetburgunder-2022\/#primaryimage\"},\"image\":{\"@id\":\"https:\/\/alexander-gysler.de\/en\/produkt\/pet-nat-spaetburgunder-2022\/#primaryimage\"},\"thumbnailUrl\":\"https:\/\/alexander-gysler.de\/wp-content\/uploads\/2023\/03\/PN.png\",\"datePublished\":\"2023-03-28T11:18:38+00:00\",\"dateModified\":\"2023-03-28T13:09:19+00:00\",\"breadcrumb\":{\"@id\":\"https:\/\/alexander-gysler.de\/en\/produkt\/pet-nat-spaetburgunder-2022\/#breadcrumb\"},\"inLanguage\":\"en-US\",\"potentialAction\":[{\"@type\":\"ReadAction\",\"target\":[\"https:\/\/alexander-gysler.de\/en\/produkt\/pet-nat-spaetburgunder-2022\/\"]}]},{\"@type\":\"ImageObject\",\"inLanguage\":\"en-US\",\"@id\":\"https:\/\/alexander-gysler.de\/en\/produkt\/pet-nat-spaetburgunder-2022\/#primaryimage\",\"url\":\"https:\/\/alexander-gysler.de\/wp-content\/uploads\/2023\/03\/PN.png\",\"contentUrl\":\"https:\/\/alexander-gysler.de\/wp-content\/uploads\/2023\/03\/PN.png\",\"width\":791,\"height\":1412},{\"@type\":\"BreadcrumbList\",\"@id\":\"https:\/\/alexander-gysler.de\/en\/produkt\/pet-nat-spaetburgunder-2022\/#breadcrumb\",\"itemListElement\":[{\"@type\":\"ListItem\",\"position\":1,\"name\":\"Home\",\"item\":\"https:\/\/alexander-gysler.de\/en\/\"},{\"@type\":\"ListItem\",\"position\":2,\"name\":\"Shop\",\"item\":\"https:\/\/alexander-gysler.de\/en\/shop\/\"},{\"@type\":\"ListItem\",\"position\":3,\"name\":\"PET NAT &#8211; Sp\u00e4tburgunder 2022\"}]},{\"@type\":\"WebSite\",\"@id\":\"https:\/\/alexander-gysler.de\/en\/#website\",\"url\":\"https:\/\/alexander-gysler.de\/en\/\",\"name\":\"Weingut Alexander Gysler\",\"description\":\"\",\"publisher\":{\"@id\":\"https:\/\/alexander-gysler.de\/en\/#organization\"},\"potentialAction\":[{\"@type\":\"SearchAction\",\"target\":{\"@type\":\"EntryPoint\",\"urlTemplate\":\"https:\/\/alexander-gysler.de\/en\/?s={search_term_string}\"},\"query-input\":{\"@type\":\"PropertyValueSpecification\",\"valueRequired\":true,\"valueName\":\"search_term_string\"}}],\"inLanguage\":\"en-US\"},{\"@type\":\"Organization\",\"@id\":\"https:\/\/alexander-gysler.de\/en\/#organization\",\"name\":\"Weingut Alexander Gysler\",\"url\":\"https:\/\/alexander-gysler.de\/en\/\",\"logo\":{\"@type\":\"ImageObject\",\"inLanguage\":\"en-US\",\"@id\":\"https:\/\/alexander-gysler.de\/en\/#\/schema\/logo\/image\/\",\"url\":\"https:\/\/alexander-gysler.de\/wp-content\/uploads\/2020\/01\/WeingutGysler_Logo.png\",\"contentUrl\":\"https:\/\/alexander-gysler.de\/wp-content\/uploads\/2020\/01\/WeingutGysler_Logo.png\",\"width\":300,\"height\":100,\"caption\":\"Weingut Alexander Gysler\"},\"image\":{\"@id\":\"https:\/\/alexander-gysler.de\/en\/#\/schema\/logo\/image\/\"}}]}<\/script>\n<!-- \/ Yoast SEO plugin. -->","yoast_head_json":{"title":"PET NAT - Sp\u00e4tburgunder 2022 - Weingut Alexander Gysler","robots":{"index":"index","follow":"follow","max-snippet":"max-snippet:-1","max-image-preview":"max-image-preview:large","max-video-preview":"max-video-preview:-1"},"canonical":"https:\/\/alexander-gysler.de\/en\/produkt\/pet-nat-spaetburgunder-2022\/","og_locale":"en_US","og_type":"article","og_title":"PET NAT - Sp\u00e4tburgunder 2022 - Weingut Alexander Gysler","og_description":"feinfruchtig, saftig, sehr lebendig","og_url":"https:\/\/alexander-gysler.de\/en\/produkt\/pet-nat-spaetburgunder-2022\/","og_site_name":"Weingut Alexander Gysler","article_modified_time":"2023-03-28T13:09:19+00:00","og_image":[{"width":791,"height":1412,"url":"https:\/\/alexander-gysler.de\/wp-content\/uploads\/2023\/03\/PN.png","type":"image\/png"}],"twitter_card":"summary_large_image","twitter_misc":{"Est. reading time":"1 minute"},"schema":{"@context":"https:\/\/schema.org","@graph":[{"@type":"WebPage","@id":"https:\/\/alexander-gysler.de\/en\/produkt\/pet-nat-spaetburgunder-2022\/","url":"https:\/\/alexander-gysler.de\/en\/produkt\/pet-nat-spaetburgunder-2022\/","name":"PET NAT - Sp\u00e4tburgunder 2022 - Weingut Alexander Gysler","isPartOf":{"@id":"https:\/\/alexander-gysler.de\/en\/#website"},"primaryImageOfPage":{"@id":"https:\/\/alexander-gysler.de\/en\/produkt\/pet-nat-spaetburgunder-2022\/#primaryimage"},"image":{"@id":"https:\/\/alexander-gysler.de\/en\/produkt\/pet-nat-spaetburgunder-2022\/#primaryimage"},"thumbnailUrl":"https:\/\/alexander-gysler.de\/wp-content\/uploads\/2023\/03\/PN.png","datePublished":"2023-03-28T11:18:38+00:00","dateModified":"2023-03-28T13:09:19+00:00","breadcrumb":{"@id":"https:\/\/alexander-gysler.de\/en\/produkt\/pet-nat-spaetburgunder-2022\/#breadcrumb"},"inLanguage":"en-US","potentialAction":[{"@type":"ReadAction","target":["https:\/\/alexander-gysler.de\/en\/produkt\/pet-nat-spaetburgunder-2022\/"]}]},{"@type":"ImageObject","inLanguage":"en-US","@id":"https:\/\/alexander-gysler.de\/en\/produkt\/pet-nat-spaetburgunder-2022\/#primaryimage","url":"https:\/\/alexander-gysler.de\/wp-content\/uploads\/2023\/03\/PN.png","contentUrl":"https:\/\/alexander-gysler.de\/wp-content\/uploads\/2023\/03\/PN.png","width":791,"height":1412},{"@type":"BreadcrumbList","@id":"https:\/\/alexander-gysler.de\/en\/produkt\/pet-nat-spaetburgunder-2022\/#breadcrumb","itemListElement":[{"@type":"ListItem","position":1,"name":"Home","item":"https:\/\/alexander-gysler.de\/en\/"},{"@type":"ListItem","position":2,"name":"Shop","item":"https:\/\/alexander-gysler.de\/en\/shop\/"},{"@type":"ListItem","position":3,"name":"PET NAT &#8211; Sp\u00e4tburgunder 2022"}]},{"@type":"WebSite","@id":"https:\/\/alexander-gysler.de\/en\/#website","url":"https:\/\/alexander-gysler.de\/en\/","name":"Weingut Alexander Gysler","description":"","publisher":{"@id":"https:\/\/alexander-gysler.de\/en\/#organization"},"potentialAction":[{"@type":"SearchAction","target":{"@type":"EntryPoint","urlTemplate":"https:\/\/alexander-gysler.de\/en\/?s={search_term_string}"},"query-input":{"@type":"PropertyValueSpecification","valueRequired":true,"valueName":"search_term_string"}}],"inLanguage":"en-US"},{"@type":"Organization","@id":"https:\/\/alexander-gysler.de\/en\/#organization","name":"Weingut Alexander Gysler","url":"https:\/\/alexander-gysler.de\/en\/","logo":{"@type":"ImageObject","inLanguage":"en-US","@id":"https:\/\/alexander-gysler.de\/en\/#\/schema\/logo\/image\/","url":"https:\/\/alexander-gysler.de\/wp-content\/uploads\/2020\/01\/WeingutGysler_Logo.png","contentUrl":"https:\/\/alexander-gysler.de\/wp-content\/uploads\/2020\/01\/WeingutGysler_Logo.png","width":300,"height":100,"caption":"Weingut Alexander Gysler"},"image":{"@id":"https:\/\/alexander-gysler.de\/en\/#\/schema\/logo\/image\/"}}]}},"_links":{"self":[{"href":"https:\/\/alexander-gysler.de\/en\/wp-json\/wp\/v2\/product\/2925","targetHints":{"allow":["GET"]}}],"collection":[{"href":"https:\/\/alexander-gysler.de\/en\/wp-json\/wp\/v2\/product"}],"about":[{"href":"https:\/\/alexander-gysler.de\/en\/wp-json\/wp\/v2\/types\/product"}],"replies":[{"embeddable":true,"href":"https:\/\/alexander-gysler.de\/en\/wp-json\/wp\/v2\/comments?post=2925"}],"wp:featuredmedia":[{"embeddable":true,"href":"https:\/\/alexander-gysler.de\/en\/wp-json\/wp\/v2\/media\/2926"}],"wp:attachment":[{"href":"https:\/\/alexander-gysler.de\/en\/wp-json\/wp\/v2\/media?parent=2925"}],"wp:term":[{"taxonomy":"product_brand","embeddable":true,"href":"https:\/\/alexander-gysler.de\/en\/wp-json\/wp\/v2\/product_brand?post=2925"},{"taxonomy":"product_cat","embeddable":true,"href":"https:\/\/alexander-gysler.de\/en\/wp-json\/wp\/v2\/product_cat?post=2925"},{"taxonomy":"product_tag","embeddable":true,"href":"https:\/\/alexander-gysler.de\/en\/wp-json\/wp\/v2\/product_tag?post=2925"}],"curies":[{"name":"wp","href":"https:\/\/api.w.org\/{rel}","templated":true}]}}