{"id":2819,"date":"2022-11-24T16:38:56","date_gmt":"2022-11-24T15:38:56","guid":{"rendered":"https:\/\/alexander-gysler.de\/?post_type=product&#038;p=2819"},"modified":"2026-03-13T15:42:53","modified_gmt":"2026-03-13T14:42:53","slug":"kirchenstueck-weissburgunder-2020-trocken","status":"publish","type":"product","link":"https:\/\/alexander-gysler.de\/en\/produkt\/kirchenstueck-weissburgunder-2020-trocken\/","title":{"rendered":"Kirchenst\u00fcck Wei\u00dfburgunder 2021 trocken"},"content":{"rendered":"<div>Der Wei\u00dfburgunder stammt aus einer windgesch\u00fctzten Hangfu\u00dflage im<\/div>\n<div>Weinheimer Kirchenst\u00fcck. Obwohl dies die w\u00e4rmste Lage des Weinguts ist,<\/div>\n<div>merkt man das dem Wei\u00dfburgunder nicht an. Ausgebaut wurde er im St\u00fcckfass<\/div>\n<div>mit einem zw\u00f6lfmonatigen Vollhefelager und einer weiteren Reifezeit von 12<\/div>\n<div>Monaten auf der Feinhefe im Edelstahl.<\/div>\n<div>Der ins Hellgoldene tendierende 2021er Kirchenst\u00fcck Wei\u00dfburgunder zeigt sich<\/div>\n<div>reif und gereift in der Nase mit Noten von Wachs und einer W\u00fcrze, die an reife<\/div>\n<div>Sancerre erinnert. Am Gaumen ist das ein fokussierter, geradliniger Wein mit<\/div>\n<div>einer pointierten S\u00e4ure, wie man sie selten so klar im Wei\u00dfburgunder findet. Die<\/div>\n<div>Frucht wirkt k\u00fchl und zitrisch, die Textur aber sinnlich und cremig dank des<\/div>\n<div>langen Vollhefelagers. So ist hier ein beeindruckend spannungsvoller und<\/div>\n<div>druckvoller Wei\u00dfburgunder entstanden, der eine ganz klare Kante zeigt.<\/div>\n<div><\/div>\n<div>Lage: Weinheimer Kirchenst\u00fcck<br \/>\nRebsorte: Wei\u00dfburgunder<br \/>\nGeschmacksrichtung: trocken<br \/>\nBoden: rotliegendes<br \/>\nLese: Handlese<br \/>\nAusbau und Hefelager: spontane Verg\u00e4rung und 12 Monate auf der Vollhefe im St\u00fcckfass und weitere 12 Monate im Edelstahl<br \/>\nJahrgang: 2021<br \/>\nAlc. vol.: 12.5 % vol.<br \/>\nRZ: 1,5 g\/l<br \/>\nS\u00e4ure: 6,7 g\/l<br \/>\nFreie schweflige S\u00e4ure: 19 mg\/l<br \/>\nGesamte schweflige S\u00e4ure: 56 mg\/l<br \/>\ntrinkreife: ab sofort &#8211; 2031<br \/>\n\u00d6kozertifizierung: DE-\u00d6KO-025 &amp; demeter<br \/>\nVegan: ja<br \/>\nAllergenhinweis: enth\u00e4lt Sulfite<br \/>\nSch\u00f6nungen: keine<br \/>\nVerschluss: Naturkork<\/div>\n<p>Gutsabf\u00fcllung &#8211; Weingut Gysler &#8211; Gro\u00dfer Spitzenberg 8 &#8211; D- 55232 Alzey-Weinheim &#8211; DE-\u00d6KO-022 &#8211; Demeter zertifiziert &#8211; \u00d6ko zertifiziert &#8211; Vegan erzeugt &#8211; Deutsche Landwirtschaft &#8211; Deutscher Qualit\u00e4tswein &#8211; Allergenhinweis: enth\u00e4lt Sulfite &#8211; 750ml &#8211; 12,5% vol.<\/p>\n","protected":false},"excerpt":{"rendered":"<p>Der Wei\u00dfburgunder stammt aus einer windgesch\u00fctzten Hangfu\u00dflage im Weinheimer Kirchenst\u00fcck. Obwohl dies die w\u00e4rmste Lage des Weinguts ist, merkt man das dem Wei\u00dfburgunder nicht an. Ausgebaut wurde er im St\u00fcckfass mit einem zw\u00f6lfmonatigen Vollhefelager und einer weiteren Reifezeit von 12 Monaten auf der Feinhefe im Edelstahl. Der ins Hellgoldene tendierende 2021er Kirchenst\u00fcck Wei\u00dfburgunder zeigt sich [&#8230;]\n","protected":false},"featured_media":2825,"comment_status":"open","ping_status":"closed","template":"","meta":[],"product_brand":[],"product_cat":[92],"product_tag":[95],"class_list":{"0":"post-2819","1":"product","2":"type-product","3":"status-publish","4":"has-post-thumbnail","6":"product_cat-lagenweine","7":"product_tag-trocken","9":"first","10":"instock","11":"taxable","12":"shipping-taxable","13":"purchasable","14":"product-type-simple"},"yoast_head":"<!-- This site is optimized with the Yoast SEO plugin v27.1.1 - https:\/\/yoast.com\/product\/yoast-seo-wordpress\/ -->\n<title>Kirchenst\u00fcck Wei\u00dfburgunder 2021 trocken - Weingut Alexander Gysler<\/title>\n<meta name=\"robots\" content=\"index, follow, max-snippet:-1, max-image-preview:large, max-video-preview:-1\" \/>\n<link rel=\"canonical\" href=\"https:\/\/alexander-gysler.de\/en\/produkt\/kirchenstueck-weissburgunder-2020-trocken\/\" \/>\n<meta property=\"og:locale\" content=\"en_US\" \/>\n<meta property=\"og:type\" content=\"article\" \/>\n<meta property=\"og:title\" content=\"Kirchenst\u00fcck Wei\u00dfburgunder 2021 trocken - Weingut Alexander Gysler\" \/>\n<meta property=\"og:description\" content=\"Der Wei\u00dfburgunder stammt aus einer windgesch\u00fctzten Hangfu\u00dflage im Weinheimer Kirchenst\u00fcck. Obwohl dies die w\u00e4rmste Lage des Weinguts ist, merkt man das dem Wei\u00dfburgunder nicht an. Ausgebaut wurde er im St\u00fcckfass mit einem zw\u00f6lfmonatigen Vollhefelager und einer weiteren Reifezeit von 12 Monaten auf der Feinhefe im Edelstahl. Der ins Hellgoldene tendierende 2021er Kirchenst\u00fcck Wei\u00dfburgunder zeigt sich [...]\" \/>\n<meta property=\"og:url\" content=\"https:\/\/alexander-gysler.de\/en\/produkt\/kirchenstueck-weissburgunder-2020-trocken\/\" \/>\n<meta property=\"og:site_name\" content=\"Weingut Alexander Gysler\" \/>\n<meta property=\"article:modified_time\" content=\"2026-03-13T14:42:53+00:00\" \/>\n<meta property=\"og:image\" content=\"https:\/\/alexander-gysler.de\/wp-content\/uploads\/2022\/11\/S1.png\" \/>\n\t<meta property=\"og:image:width\" content=\"791\" \/>\n\t<meta property=\"og:image:height\" content=\"1412\" \/>\n\t<meta property=\"og:image:type\" content=\"image\/png\" \/>\n<meta name=\"twitter:card\" content=\"summary_large_image\" \/>\n<meta name=\"twitter:label1\" content=\"Est. reading time\" \/>\n\t<meta name=\"twitter:data1\" content=\"1 minute\" \/>\n<script type=\"application\/ld+json\" class=\"yoast-schema-graph\">{\"@context\":\"https:\/\/schema.org\",\"@graph\":[{\"@type\":\"WebPage\",\"@id\":\"https:\/\/alexander-gysler.de\/en\/produkt\/kirchenstueck-weissburgunder-2020-trocken\/\",\"url\":\"https:\/\/alexander-gysler.de\/en\/produkt\/kirchenstueck-weissburgunder-2020-trocken\/\",\"name\":\"Kirchenst\u00fcck Wei\u00dfburgunder 2021 trocken - Weingut Alexander Gysler\",\"isPartOf\":{\"@id\":\"https:\/\/alexander-gysler.de\/en\/#website\"},\"primaryImageOfPage\":{\"@id\":\"https:\/\/alexander-gysler.de\/en\/produkt\/kirchenstueck-weissburgunder-2020-trocken\/#primaryimage\"},\"image\":{\"@id\":\"https:\/\/alexander-gysler.de\/en\/produkt\/kirchenstueck-weissburgunder-2020-trocken\/#primaryimage\"},\"thumbnailUrl\":\"https:\/\/alexander-gysler.de\/wp-content\/uploads\/2022\/11\/S1.png\",\"datePublished\":\"2022-11-24T15:38:56+00:00\",\"dateModified\":\"2026-03-13T14:42:53+00:00\",\"breadcrumb\":{\"@id\":\"https:\/\/alexander-gysler.de\/en\/produkt\/kirchenstueck-weissburgunder-2020-trocken\/#breadcrumb\"},\"inLanguage\":\"en-US\",\"potentialAction\":[{\"@type\":\"ReadAction\",\"target\":[\"https:\/\/alexander-gysler.de\/en\/produkt\/kirchenstueck-weissburgunder-2020-trocken\/\"]}]},{\"@type\":\"ImageObject\",\"inLanguage\":\"en-US\",\"@id\":\"https:\/\/alexander-gysler.de\/en\/produkt\/kirchenstueck-weissburgunder-2020-trocken\/#primaryimage\",\"url\":\"https:\/\/alexander-gysler.de\/wp-content\/uploads\/2022\/11\/S1.png\",\"contentUrl\":\"https:\/\/alexander-gysler.de\/wp-content\/uploads\/2022\/11\/S1.png\",\"width\":791,\"height\":1412},{\"@type\":\"BreadcrumbList\",\"@id\":\"https:\/\/alexander-gysler.de\/en\/produkt\/kirchenstueck-weissburgunder-2020-trocken\/#breadcrumb\",\"itemListElement\":[{\"@type\":\"ListItem\",\"position\":1,\"name\":\"Home\",\"item\":\"https:\/\/alexander-gysler.de\/en\/\"},{\"@type\":\"ListItem\",\"position\":2,\"name\":\"Shop\",\"item\":\"https:\/\/alexander-gysler.de\/en\/shop\/\"},{\"@type\":\"ListItem\",\"position\":3,\"name\":\"Kirchenst\u00fcck Wei\u00dfburgunder 2021 trocken\"}]},{\"@type\":\"WebSite\",\"@id\":\"https:\/\/alexander-gysler.de\/en\/#website\",\"url\":\"https:\/\/alexander-gysler.de\/en\/\",\"name\":\"Weingut Alexander Gysler\",\"description\":\"\",\"publisher\":{\"@id\":\"https:\/\/alexander-gysler.de\/en\/#organization\"},\"potentialAction\":[{\"@type\":\"SearchAction\",\"target\":{\"@type\":\"EntryPoint\",\"urlTemplate\":\"https:\/\/alexander-gysler.de\/en\/?s={search_term_string}\"},\"query-input\":{\"@type\":\"PropertyValueSpecification\",\"valueRequired\":true,\"valueName\":\"search_term_string\"}}],\"inLanguage\":\"en-US\"},{\"@type\":\"Organization\",\"@id\":\"https:\/\/alexander-gysler.de\/en\/#organization\",\"name\":\"Weingut Alexander Gysler\",\"url\":\"https:\/\/alexander-gysler.de\/en\/\",\"logo\":{\"@type\":\"ImageObject\",\"inLanguage\":\"en-US\",\"@id\":\"https:\/\/alexander-gysler.de\/en\/#\/schema\/logo\/image\/\",\"url\":\"https:\/\/alexander-gysler.de\/wp-content\/uploads\/2020\/01\/WeingutGysler_Logo.png\",\"contentUrl\":\"https:\/\/alexander-gysler.de\/wp-content\/uploads\/2020\/01\/WeingutGysler_Logo.png\",\"width\":300,\"height\":100,\"caption\":\"Weingut Alexander Gysler\"},\"image\":{\"@id\":\"https:\/\/alexander-gysler.de\/en\/#\/schema\/logo\/image\/\"}}]}<\/script>\n<!-- \/ Yoast SEO plugin. -->","yoast_head_json":{"title":"Kirchenst\u00fcck Wei\u00dfburgunder 2021 trocken - Weingut Alexander Gysler","robots":{"index":"index","follow":"follow","max-snippet":"max-snippet:-1","max-image-preview":"max-image-preview:large","max-video-preview":"max-video-preview:-1"},"canonical":"https:\/\/alexander-gysler.de\/en\/produkt\/kirchenstueck-weissburgunder-2020-trocken\/","og_locale":"en_US","og_type":"article","og_title":"Kirchenst\u00fcck Wei\u00dfburgunder 2021 trocken - Weingut Alexander Gysler","og_description":"Der Wei\u00dfburgunder stammt aus einer windgesch\u00fctzten Hangfu\u00dflage im Weinheimer Kirchenst\u00fcck. Obwohl dies die w\u00e4rmste Lage des Weinguts ist, merkt man das dem Wei\u00dfburgunder nicht an. Ausgebaut wurde er im St\u00fcckfass mit einem zw\u00f6lfmonatigen Vollhefelager und einer weiteren Reifezeit von 12 Monaten auf der Feinhefe im Edelstahl. Der ins Hellgoldene tendierende 2021er Kirchenst\u00fcck Wei\u00dfburgunder zeigt sich [...]","og_url":"https:\/\/alexander-gysler.de\/en\/produkt\/kirchenstueck-weissburgunder-2020-trocken\/","og_site_name":"Weingut Alexander Gysler","article_modified_time":"2026-03-13T14:42:53+00:00","og_image":[{"width":791,"height":1412,"url":"https:\/\/alexander-gysler.de\/wp-content\/uploads\/2022\/11\/S1.png","type":"image\/png"}],"twitter_card":"summary_large_image","twitter_misc":{"Est. reading time":"1 minute"},"schema":{"@context":"https:\/\/schema.org","@graph":[{"@type":"WebPage","@id":"https:\/\/alexander-gysler.de\/en\/produkt\/kirchenstueck-weissburgunder-2020-trocken\/","url":"https:\/\/alexander-gysler.de\/en\/produkt\/kirchenstueck-weissburgunder-2020-trocken\/","name":"Kirchenst\u00fcck Wei\u00dfburgunder 2021 trocken - Weingut Alexander Gysler","isPartOf":{"@id":"https:\/\/alexander-gysler.de\/en\/#website"},"primaryImageOfPage":{"@id":"https:\/\/alexander-gysler.de\/en\/produkt\/kirchenstueck-weissburgunder-2020-trocken\/#primaryimage"},"image":{"@id":"https:\/\/alexander-gysler.de\/en\/produkt\/kirchenstueck-weissburgunder-2020-trocken\/#primaryimage"},"thumbnailUrl":"https:\/\/alexander-gysler.de\/wp-content\/uploads\/2022\/11\/S1.png","datePublished":"2022-11-24T15:38:56+00:00","dateModified":"2026-03-13T14:42:53+00:00","breadcrumb":{"@id":"https:\/\/alexander-gysler.de\/en\/produkt\/kirchenstueck-weissburgunder-2020-trocken\/#breadcrumb"},"inLanguage":"en-US","potentialAction":[{"@type":"ReadAction","target":["https:\/\/alexander-gysler.de\/en\/produkt\/kirchenstueck-weissburgunder-2020-trocken\/"]}]},{"@type":"ImageObject","inLanguage":"en-US","@id":"https:\/\/alexander-gysler.de\/en\/produkt\/kirchenstueck-weissburgunder-2020-trocken\/#primaryimage","url":"https:\/\/alexander-gysler.de\/wp-content\/uploads\/2022\/11\/S1.png","contentUrl":"https:\/\/alexander-gysler.de\/wp-content\/uploads\/2022\/11\/S1.png","width":791,"height":1412},{"@type":"BreadcrumbList","@id":"https:\/\/alexander-gysler.de\/en\/produkt\/kirchenstueck-weissburgunder-2020-trocken\/#breadcrumb","itemListElement":[{"@type":"ListItem","position":1,"name":"Home","item":"https:\/\/alexander-gysler.de\/en\/"},{"@type":"ListItem","position":2,"name":"Shop","item":"https:\/\/alexander-gysler.de\/en\/shop\/"},{"@type":"ListItem","position":3,"name":"Kirchenst\u00fcck Wei\u00dfburgunder 2021 trocken"}]},{"@type":"WebSite","@id":"https:\/\/alexander-gysler.de\/en\/#website","url":"https:\/\/alexander-gysler.de\/en\/","name":"Weingut Alexander Gysler","description":"","publisher":{"@id":"https:\/\/alexander-gysler.de\/en\/#organization"},"potentialAction":[{"@type":"SearchAction","target":{"@type":"EntryPoint","urlTemplate":"https:\/\/alexander-gysler.de\/en\/?s={search_term_string}"},"query-input":{"@type":"PropertyValueSpecification","valueRequired":true,"valueName":"search_term_string"}}],"inLanguage":"en-US"},{"@type":"Organization","@id":"https:\/\/alexander-gysler.de\/en\/#organization","name":"Weingut Alexander Gysler","url":"https:\/\/alexander-gysler.de\/en\/","logo":{"@type":"ImageObject","inLanguage":"en-US","@id":"https:\/\/alexander-gysler.de\/en\/#\/schema\/logo\/image\/","url":"https:\/\/alexander-gysler.de\/wp-content\/uploads\/2020\/01\/WeingutGysler_Logo.png","contentUrl":"https:\/\/alexander-gysler.de\/wp-content\/uploads\/2020\/01\/WeingutGysler_Logo.png","width":300,"height":100,"caption":"Weingut Alexander Gysler"},"image":{"@id":"https:\/\/alexander-gysler.de\/en\/#\/schema\/logo\/image\/"}}]}},"_links":{"self":[{"href":"https:\/\/alexander-gysler.de\/en\/wp-json\/wp\/v2\/product\/2819","targetHints":{"allow":["GET"]}}],"collection":[{"href":"https:\/\/alexander-gysler.de\/en\/wp-json\/wp\/v2\/product"}],"about":[{"href":"https:\/\/alexander-gysler.de\/en\/wp-json\/wp\/v2\/types\/product"}],"replies":[{"embeddable":true,"href":"https:\/\/alexander-gysler.de\/en\/wp-json\/wp\/v2\/comments?post=2819"}],"wp:featuredmedia":[{"embeddable":true,"href":"https:\/\/alexander-gysler.de\/en\/wp-json\/wp\/v2\/media\/2825"}],"wp:attachment":[{"href":"https:\/\/alexander-gysler.de\/en\/wp-json\/wp\/v2\/media?parent=2819"}],"wp:term":[{"taxonomy":"product_brand","embeddable":true,"href":"https:\/\/alexander-gysler.de\/en\/wp-json\/wp\/v2\/product_brand?post=2819"},{"taxonomy":"product_cat","embeddable":true,"href":"https:\/\/alexander-gysler.de\/en\/wp-json\/wp\/v2\/product_cat?post=2819"},{"taxonomy":"product_tag","embeddable":true,"href":"https:\/\/alexander-gysler.de\/en\/wp-json\/wp\/v2\/product_tag?post=2819"}],"curies":[{"name":"wp","href":"https:\/\/api.w.org\/{rel}","templated":true}]}}