{"id":2698,"date":"2022-05-19T15:05:38","date_gmt":"2022-05-19T13:05:38","guid":{"rendered":"https:\/\/alexander-gysler.de\/?post_type=product&#038;p=2698"},"modified":"2026-03-13T15:24:48","modified_gmt":"2026-03-13T14:24:48","slug":"riesling-gg-weinheimer-hoelle-2022","status":"publish","type":"product","link":"https:\/\/alexander-gysler.de\/en\/produkt\/riesling-gg-weinheimer-hoelle-2022\/","title":{"rendered":"Riesling Weinheimer H\u00f6lle  GG 2022 trocken Magnum"},"content":{"rendered":"<div>Der Riesling stammt aus dem warmen Mittelst\u00fcck der Weinheimer H\u00f6lle. Die<\/div>\n<div>Reben sind hier 40 Jahre alt und wurzeln im Sandsteinverwitterungsboden aus<\/div>\n<div>der Zeit des Rotliegenden. Die Lage ist nach S\u00fcden hin exponiert und windoffen.<\/div>\n<div>Ausgebaut wurde der Riesling zun\u00e4chst \u00fcber 12 Monate hinweg im St\u00fcckfass<\/div>\n<div>auf der Vollhefe, danach noch ein halbes Jahr auf der Feinhefe im Edelstahl.<\/div>\n<div>Der\u00a0 2022er H\u00f6lle Riesling leuchtet in hellem Goldgelb. Er wirkt reif und saftig<\/div>\n<div>mit einer Menge Steinobst, reifem Kernobst sowie etwas Orange samt Schale.<\/div>\n<div>Dazu gibt es eine gute Portion Gartenkr\u00e4uter, eine Spur von Salzkaramell und<\/div>\n<div>einem Hauch Bienenwachs. Das wirkt komplex und gro\u00dfz\u00fcgig. Am Gaumen<\/div>\n<div>pr\u00e4sentiert sich der Riesling aus der H\u00f6lle als tiefer und komplexer Cru . Die<\/div>\n<div>gelbe Frucht ist saftig und reif, die S\u00e4ure und Mineralit\u00e4t im Hintergrund sind<\/div>\n<div>jedoch so aktiv, dass sie die Frucht in eine beeindruckende Spannung versetzen.<\/div>\n<div>Zum langen Finale hin wird der Wein immer k\u00fchler, steiniger, salziger und herb<\/div>\n<div>mit pikanten Noten von Zitruszesten. Der Riesling hat Kraft und sorgt f\u00fcr viel<\/div>\n<div>Druck am Gaumen.\u200b<\/div>\n<div><\/div>\n<div>Lage: Weinheimer H\u00f6lle GG<br \/>\nRebsorte: Riesling<br \/>\nGeschmacksrichtung: trocken<br \/>\nBoden: rotliegendes<br \/>\nLese: streng selektive Handlese<br \/>\nAusbau und Hefelager: spontane Verg\u00e4rung und 12 Monate auf der Vollhefe im St\u00fcckfass und weitere 12 Monate im Edelstahl<br \/>\nJahrgang: 2022<br \/>\nAlc. vol.: 12.0 % vol.<br \/>\nRZ: 4,4 g\/l<br \/>\nS\u00e4ure: 7,1 g\/l<br \/>\nFreie schweflige S\u00e4ure: 23 mg\/l<br \/>\nGesamte schweflige S\u00e4ure: 61 mg\/l<br \/>\ntrinkreife: ab sofort &#8211; 2038<br \/>\n\u00d6kozertifizierung: DE-\u00d6KO-025 &amp; demeter<br \/>\nVegan: ja<br \/>\nAllergenhinweis: enth\u00e4lt Sulfite<br \/>\nSch\u00f6nungen: keine<br \/>\nVerschluss: Naturkork<\/div>\n<p>Gutsabf\u00fcllung &#8211; Weingut Gysler &#8211; Gro\u00dfer Spitzenberg 8 &#8211; D- 55232 Alzey-Weinheim &#8211; DE-\u00d6KO-022 &#8211; Demeter zertifiziert &#8211; \u00d6ko zertifiziert &#8211; Vegan erzeugt &#8211; Deutsche Landwirtschaft &#8211; Deutscher Qualit\u00e4tswein &#8211; Allergenhinweis: enth\u00e4lt Sulfite &#8211; 1500ml &#8211; 12,0% vol.<\/p>\n","protected":false},"excerpt":{"rendered":"<p>Kraft und Saft \u2013 gepaart mit purer Eleganz<\/p>\n","protected":false},"featured_media":2828,"comment_status":"open","ping_status":"closed","template":"","meta":[],"product_brand":[],"product_cat":[180,92],"product_tag":[115,95],"class_list":{"0":"post-2698","1":"product","2":"type-product","3":"status-publish","4":"has-post-thumbnail","6":"product_cat-magnum","7":"product_cat-lagenweine","8":"product_tag-riesling","9":"product_tag-trocken","11":"first","12":"instock","13":"taxable","14":"shipping-taxable","15":"purchasable","16":"product-type-simple"},"yoast_head":"<!-- This site is optimized with the Yoast SEO plugin v27.1.1 - https:\/\/yoast.com\/product\/yoast-seo-wordpress\/ -->\n<title>Riesling Weinheimer H\u00f6lle GG 2022 trocken Magnum - Weingut Alexander Gysler<\/title>\n<meta name=\"robots\" content=\"index, follow, max-snippet:-1, max-image-preview:large, max-video-preview:-1\" \/>\n<link rel=\"canonical\" href=\"https:\/\/alexander-gysler.de\/en\/produkt\/riesling-gg-weinheimer-hoelle-2022\/\" \/>\n<meta property=\"og:locale\" content=\"en_US\" \/>\n<meta property=\"og:type\" content=\"article\" \/>\n<meta property=\"og:title\" content=\"Riesling Weinheimer H\u00f6lle GG 2022 trocken Magnum - Weingut Alexander Gysler\" \/>\n<meta property=\"og:description\" content=\"Kraft und Saft \u2013 gepaart mit purer Eleganz\" \/>\n<meta property=\"og:url\" content=\"https:\/\/alexander-gysler.de\/en\/produkt\/riesling-gg-weinheimer-hoelle-2022\/\" \/>\n<meta property=\"og:site_name\" content=\"Weingut Alexander Gysler\" \/>\n<meta property=\"article:modified_time\" content=\"2026-03-13T14:24:48+00:00\" \/>\n<meta property=\"og:image\" content=\"https:\/\/alexander-gysler.de\/wp-content\/uploads\/2022\/05\/GGMagnum.png\" \/>\n\t<meta property=\"og:image:width\" content=\"791\" \/>\n\t<meta property=\"og:image:height\" content=\"1412\" \/>\n\t<meta property=\"og:image:type\" content=\"image\/png\" \/>\n<meta name=\"twitter:card\" content=\"summary_large_image\" \/>\n<meta name=\"twitter:label1\" content=\"Est. reading time\" \/>\n\t<meta name=\"twitter:data1\" content=\"1 minute\" \/>\n<script type=\"application\/ld+json\" class=\"yoast-schema-graph\">{\"@context\":\"https:\/\/schema.org\",\"@graph\":[{\"@type\":\"WebPage\",\"@id\":\"https:\/\/alexander-gysler.de\/en\/produkt\/riesling-gg-weinheimer-hoelle-2022\/\",\"url\":\"https:\/\/alexander-gysler.de\/en\/produkt\/riesling-gg-weinheimer-hoelle-2022\/\",\"name\":\"Riesling Weinheimer H\u00f6lle GG 2022 trocken Magnum - Weingut Alexander Gysler\",\"isPartOf\":{\"@id\":\"https:\/\/alexander-gysler.de\/en\/#website\"},\"primaryImageOfPage\":{\"@id\":\"https:\/\/alexander-gysler.de\/en\/produkt\/riesling-gg-weinheimer-hoelle-2022\/#primaryimage\"},\"image\":{\"@id\":\"https:\/\/alexander-gysler.de\/en\/produkt\/riesling-gg-weinheimer-hoelle-2022\/#primaryimage\"},\"thumbnailUrl\":\"https:\/\/alexander-gysler.de\/wp-content\/uploads\/2022\/05\/GGMagnum.png\",\"datePublished\":\"2022-05-19T13:05:38+00:00\",\"dateModified\":\"2026-03-13T14:24:48+00:00\",\"breadcrumb\":{\"@id\":\"https:\/\/alexander-gysler.de\/en\/produkt\/riesling-gg-weinheimer-hoelle-2022\/#breadcrumb\"},\"inLanguage\":\"en-US\",\"potentialAction\":[{\"@type\":\"ReadAction\",\"target\":[\"https:\/\/alexander-gysler.de\/en\/produkt\/riesling-gg-weinheimer-hoelle-2022\/\"]}]},{\"@type\":\"ImageObject\",\"inLanguage\":\"en-US\",\"@id\":\"https:\/\/alexander-gysler.de\/en\/produkt\/riesling-gg-weinheimer-hoelle-2022\/#primaryimage\",\"url\":\"https:\/\/alexander-gysler.de\/wp-content\/uploads\/2022\/05\/GGMagnum.png\",\"contentUrl\":\"https:\/\/alexander-gysler.de\/wp-content\/uploads\/2022\/05\/GGMagnum.png\",\"width\":791,\"height\":1412},{\"@type\":\"BreadcrumbList\",\"@id\":\"https:\/\/alexander-gysler.de\/en\/produkt\/riesling-gg-weinheimer-hoelle-2022\/#breadcrumb\",\"itemListElement\":[{\"@type\":\"ListItem\",\"position\":1,\"name\":\"Home\",\"item\":\"https:\/\/alexander-gysler.de\/en\/\"},{\"@type\":\"ListItem\",\"position\":2,\"name\":\"Shop\",\"item\":\"https:\/\/alexander-gysler.de\/en\/shop\/\"},{\"@type\":\"ListItem\",\"position\":3,\"name\":\"Riesling Weinheimer H\u00f6lle GG 2022 trocken Magnum\"}]},{\"@type\":\"WebSite\",\"@id\":\"https:\/\/alexander-gysler.de\/en\/#website\",\"url\":\"https:\/\/alexander-gysler.de\/en\/\",\"name\":\"Weingut Alexander Gysler\",\"description\":\"\",\"publisher\":{\"@id\":\"https:\/\/alexander-gysler.de\/en\/#organization\"},\"potentialAction\":[{\"@type\":\"SearchAction\",\"target\":{\"@type\":\"EntryPoint\",\"urlTemplate\":\"https:\/\/alexander-gysler.de\/en\/?s={search_term_string}\"},\"query-input\":{\"@type\":\"PropertyValueSpecification\",\"valueRequired\":true,\"valueName\":\"search_term_string\"}}],\"inLanguage\":\"en-US\"},{\"@type\":\"Organization\",\"@id\":\"https:\/\/alexander-gysler.de\/en\/#organization\",\"name\":\"Weingut Alexander Gysler\",\"url\":\"https:\/\/alexander-gysler.de\/en\/\",\"logo\":{\"@type\":\"ImageObject\",\"inLanguage\":\"en-US\",\"@id\":\"https:\/\/alexander-gysler.de\/en\/#\/schema\/logo\/image\/\",\"url\":\"https:\/\/alexander-gysler.de\/wp-content\/uploads\/2020\/01\/WeingutGysler_Logo.png\",\"contentUrl\":\"https:\/\/alexander-gysler.de\/wp-content\/uploads\/2020\/01\/WeingutGysler_Logo.png\",\"width\":300,\"height\":100,\"caption\":\"Weingut Alexander Gysler\"},\"image\":{\"@id\":\"https:\/\/alexander-gysler.de\/en\/#\/schema\/logo\/image\/\"}}]}<\/script>\n<!-- \/ Yoast SEO plugin. -->","yoast_head_json":{"title":"Riesling Weinheimer H\u00f6lle GG 2022 trocken Magnum - Weingut Alexander Gysler","robots":{"index":"index","follow":"follow","max-snippet":"max-snippet:-1","max-image-preview":"max-image-preview:large","max-video-preview":"max-video-preview:-1"},"canonical":"https:\/\/alexander-gysler.de\/en\/produkt\/riesling-gg-weinheimer-hoelle-2022\/","og_locale":"en_US","og_type":"article","og_title":"Riesling Weinheimer H\u00f6lle GG 2022 trocken Magnum - Weingut Alexander Gysler","og_description":"Kraft und Saft \u2013 gepaart mit purer Eleganz","og_url":"https:\/\/alexander-gysler.de\/en\/produkt\/riesling-gg-weinheimer-hoelle-2022\/","og_site_name":"Weingut Alexander Gysler","article_modified_time":"2026-03-13T14:24:48+00:00","og_image":[{"width":791,"height":1412,"url":"https:\/\/alexander-gysler.de\/wp-content\/uploads\/2022\/05\/GGMagnum.png","type":"image\/png"}],"twitter_card":"summary_large_image","twitter_misc":{"Est. reading time":"1 minute"},"schema":{"@context":"https:\/\/schema.org","@graph":[{"@type":"WebPage","@id":"https:\/\/alexander-gysler.de\/en\/produkt\/riesling-gg-weinheimer-hoelle-2022\/","url":"https:\/\/alexander-gysler.de\/en\/produkt\/riesling-gg-weinheimer-hoelle-2022\/","name":"Riesling Weinheimer H\u00f6lle GG 2022 trocken Magnum - Weingut Alexander Gysler","isPartOf":{"@id":"https:\/\/alexander-gysler.de\/en\/#website"},"primaryImageOfPage":{"@id":"https:\/\/alexander-gysler.de\/en\/produkt\/riesling-gg-weinheimer-hoelle-2022\/#primaryimage"},"image":{"@id":"https:\/\/alexander-gysler.de\/en\/produkt\/riesling-gg-weinheimer-hoelle-2022\/#primaryimage"},"thumbnailUrl":"https:\/\/alexander-gysler.de\/wp-content\/uploads\/2022\/05\/GGMagnum.png","datePublished":"2022-05-19T13:05:38+00:00","dateModified":"2026-03-13T14:24:48+00:00","breadcrumb":{"@id":"https:\/\/alexander-gysler.de\/en\/produkt\/riesling-gg-weinheimer-hoelle-2022\/#breadcrumb"},"inLanguage":"en-US","potentialAction":[{"@type":"ReadAction","target":["https:\/\/alexander-gysler.de\/en\/produkt\/riesling-gg-weinheimer-hoelle-2022\/"]}]},{"@type":"ImageObject","inLanguage":"en-US","@id":"https:\/\/alexander-gysler.de\/en\/produkt\/riesling-gg-weinheimer-hoelle-2022\/#primaryimage","url":"https:\/\/alexander-gysler.de\/wp-content\/uploads\/2022\/05\/GGMagnum.png","contentUrl":"https:\/\/alexander-gysler.de\/wp-content\/uploads\/2022\/05\/GGMagnum.png","width":791,"height":1412},{"@type":"BreadcrumbList","@id":"https:\/\/alexander-gysler.de\/en\/produkt\/riesling-gg-weinheimer-hoelle-2022\/#breadcrumb","itemListElement":[{"@type":"ListItem","position":1,"name":"Home","item":"https:\/\/alexander-gysler.de\/en\/"},{"@type":"ListItem","position":2,"name":"Shop","item":"https:\/\/alexander-gysler.de\/en\/shop\/"},{"@type":"ListItem","position":3,"name":"Riesling Weinheimer H\u00f6lle GG 2022 trocken Magnum"}]},{"@type":"WebSite","@id":"https:\/\/alexander-gysler.de\/en\/#website","url":"https:\/\/alexander-gysler.de\/en\/","name":"Weingut Alexander Gysler","description":"","publisher":{"@id":"https:\/\/alexander-gysler.de\/en\/#organization"},"potentialAction":[{"@type":"SearchAction","target":{"@type":"EntryPoint","urlTemplate":"https:\/\/alexander-gysler.de\/en\/?s={search_term_string}"},"query-input":{"@type":"PropertyValueSpecification","valueRequired":true,"valueName":"search_term_string"}}],"inLanguage":"en-US"},{"@type":"Organization","@id":"https:\/\/alexander-gysler.de\/en\/#organization","name":"Weingut Alexander Gysler","url":"https:\/\/alexander-gysler.de\/en\/","logo":{"@type":"ImageObject","inLanguage":"en-US","@id":"https:\/\/alexander-gysler.de\/en\/#\/schema\/logo\/image\/","url":"https:\/\/alexander-gysler.de\/wp-content\/uploads\/2020\/01\/WeingutGysler_Logo.png","contentUrl":"https:\/\/alexander-gysler.de\/wp-content\/uploads\/2020\/01\/WeingutGysler_Logo.png","width":300,"height":100,"caption":"Weingut Alexander Gysler"},"image":{"@id":"https:\/\/alexander-gysler.de\/en\/#\/schema\/logo\/image\/"}}]}},"_links":{"self":[{"href":"https:\/\/alexander-gysler.de\/en\/wp-json\/wp\/v2\/product\/2698","targetHints":{"allow":["GET"]}}],"collection":[{"href":"https:\/\/alexander-gysler.de\/en\/wp-json\/wp\/v2\/product"}],"about":[{"href":"https:\/\/alexander-gysler.de\/en\/wp-json\/wp\/v2\/types\/product"}],"replies":[{"embeddable":true,"href":"https:\/\/alexander-gysler.de\/en\/wp-json\/wp\/v2\/comments?post=2698"}],"wp:featuredmedia":[{"embeddable":true,"href":"https:\/\/alexander-gysler.de\/en\/wp-json\/wp\/v2\/media\/2828"}],"wp:attachment":[{"href":"https:\/\/alexander-gysler.de\/en\/wp-json\/wp\/v2\/media?parent=2698"}],"wp:term":[{"taxonomy":"product_brand","embeddable":true,"href":"https:\/\/alexander-gysler.de\/en\/wp-json\/wp\/v2\/product_brand?post=2698"},{"taxonomy":"product_cat","embeddable":true,"href":"https:\/\/alexander-gysler.de\/en\/wp-json\/wp\/v2\/product_cat?post=2698"},{"taxonomy":"product_tag","embeddable":true,"href":"https:\/\/alexander-gysler.de\/en\/wp-json\/wp\/v2\/product_tag?post=2698"}],"curies":[{"name":"wp","href":"https:\/\/api.w.org\/{rel}","templated":true}]}}