{"id":788,"date":"2019-06-24T09:43:11","date_gmt":"2019-06-24T07:43:11","guid":{"rendered":"https:\/\/gysler.wp.factory.blim-dev.com\/agb\/"},"modified":"2020-02-12T17:24:56","modified_gmt":"2020-02-12T16:24:56","slug":"agb","status":"publish","type":"page","link":"https:\/\/alexander-gysler.de\/en\/agb\/","title":{"rendered":"Terms of use"},"content":{"rendered":"<p>\u00dcbersicht \u00fcber die Allgemeinen Gesch\u00e4ftsbedingungen&lt;br \/&gt;<br \/>\n1. Geltungsbereich&lt;br \/&gt;<br \/>\n2. Vertragspartner&lt;br \/&gt;<br \/>\n3. Angebot und Vertragsschluss&lt;br \/&gt;<br \/>\n4. Widerrufsrecht&lt;br \/&gt;<br \/>\n5. Preise und Versandkosten&lt;br \/&gt;<br \/>\n6. Lieferung&lt;br \/&gt;<br \/>\n7. Zahlung&lt;br \/&gt;<br \/>\n8. Eigentumsvorbehalt&lt;br \/&gt;<br \/>\nWeitere Informationen&lt;br \/&gt;<br \/>\nBestellvorgang&lt;br \/&gt;<br \/>\nVertragstext&lt;br \/&gt;<br \/>\n&lt;br \/&gt;<br \/>\nAllgemeine Gesch\u00e4ftsbedingungen&lt;br \/&gt;<br \/>\n(Die nachstehenden AGB enthalten zugleich gesetzliche Informationen zu Ihren Rechten nach den Vorschriften \u00fcber Vertr\u00e4ge im Fernabsatz und im elektronischen Gesch\u00e4ftsverkehr.)&lt;br \/&gt;&lt;br \/&gt;<br \/>\n1. Geltungsbereich&lt;br \/&gt;<br \/>\nF\u00fcr alle Lieferungen von Weingut Gysler an Verbraucher (\u00a7 13 BGB) gelten diese Allgemeinen Gesch\u00e4ftsbedingungen (AGB).&lt;br \/&gt;<br \/>\nVerbraucher ist jede nat\u00fcrliche Person, die ein Rechtsgesch\u00e4ft zu einem Zwecke abschlie\u00dft, der weder ihrer gewerblichen noch ihrer selbstst\u00e4ndigen beruflichen T\u00e4tigkeit zugerechnet werden kann. &lt;br \/&gt;&lt;br \/&gt;<br \/>\n2. Vertragspartner&lt;br \/&gt;<br \/>\nDer Kaufvertrag kommt zustande mit:&lt;br \/&gt;<br \/>\nWeingut Gysler&lt;br \/&gt;<br \/>\nAlexander Gysler&lt;br \/&gt;<br \/>\nGro\u00dfer Spitzenberg 8&lt;br \/&gt;<br \/>\n55232 Alzey-Weinheim&lt;br \/&gt;<br \/>\nUSt ID Nr: DE 2166 38 152&lt;br \/&gt;<br \/>\nSt. Nr.: 03\/231\/0406\/5&lt;br \/&gt;<br \/>\nTelefon: +49 (0)6731 41266&lt;br \/&gt;<br \/>\nTelefax: +49 (0)6731 44027&lt;br \/&gt;<br \/>\nE-Mail: info@weingut-gysler.de&lt;br \/&gt;<br \/>\nSie erreichen uns f\u00fcr Fragen, Reklamationen und Beanstandungen werktags von 13.00-17.00 Uhr unter der Telefonnummer +49 (0)6731 41266 sowie per E-Mail unter: info@weingut-gysler.de .&lt;br \/&gt;<br \/>\n3. Angebot und Vertragsschluss&lt;br \/&gt;<br \/>\n3.1 Die Darstellung der Produkte im Online-Shop stellt kein rechtlich bindendes Angebot, sondern eine Aufforderung zur Bestellung dar. Irrt\u00fcmer vorbehalten.&lt;br \/&gt;<br \/>\n3.2 Durch Anklicken des Buttons [Bestellen] geben Sie eine verbindliche Bestellung der auf der Bestellseite aufgelisteten Waren ab. Der Kaufvertrag kommt zustande, wenn wir Ihre Bestellung durch eine Auftragsbest\u00e4tigung per E-Mail unmittelbar nach dem Erhalt Ihrer Bestellung annehmen.&lt;br \/&gt;&lt;br \/&gt;<br \/>\n4. Widerrufsrecht&lt;br \/&gt;<br \/>\nSie haben das Recht, binnen 14 Tagen ohne Angabe von Gr\u00fcnden diesen Vertrag zu widerrufen.&lt;br \/&gt;<br \/>\nDie Widerrufsfrist betr\u00e4gt 14 Tage ab dem Tag, an dem Sie oder ein von Ihnen benannter Dritter, der nicht der Bef\u00f6rderer ist, die Waren in Besitz genommen haben bzw. hat.&lt;br \/&gt;<br \/>\nUm Ihr Widerrufsrecht auszu\u00fcben, m\u00fcssen Sie uns&lt;br \/&gt;<br \/>\nWeingut Gysler; Alexander Gysler; Gro\u00dfer Spitzenberg 8; 55232 Alzey-Weinheim; Telefax: +49 (0)6731 44027; E-Mail: info@weingut-gysler.de&lt;br \/&gt;<br \/>\nmittels einer eindeutigen Erkl\u00e4rung (z.B. ein mit Post versandter Brief, Telefax oder E-mail) \u00fcber Ihren Entschluss, diesen Vertrag zu widerrufen, informieren.&lt;br \/&gt;<br \/>\nSie k\u00f6nnen daf\u00fcr das beigef\u00fcgte Muster-Widerrufsformular verwenden, das jedoch nicht vorgeschrieben ist.&lt;br \/&gt;<br \/>\nZur Wahrung der Widerrufsfrist reicht es aus, dass Sie die Mitteilung \u00fcber die Aus\u00fcbung des Widerrufsrechts vor Ablauf der Widerrufsfrist absenden.&lt;br \/&gt;<br \/>\nFolgen des Widerrufs&lt;br \/&gt;<br \/>\nWenn Sie diesen Vertrag widerrufen, haben wir Ihnen alle Zahlungen, die wir von Ihnen erhalten haben, einschlie\u00dflich der Lieferkosten (mit Ausnahme der zus\u00e4tzlichen Kosten, die sich daraus ergeben, dass Sie eine andere Art der Lieferung als die von uns angebotene, g\u00fcnstigste Standardlieferung gew\u00e4hlt haben), unverz\u00fcglich und sp\u00e4testens binnen vierzehn Tagen ab dem Tag zur\u00fcckzuzahlen, an dem die Mitteilung \u00fcber Ihren Widerruf dieses Vertrags bei uns eingegangen ist. F\u00fcr diese R\u00fcckzahlung verwenden wir dasselbe Zahlungsmittel, das Sie bei der urspr\u00fcnglichen Transaktion eingesetzt haben, es sei denn, mit Ihnen wurde ausdr\u00fccklich etwas anderes vereinbart; in keinem Fall werden Ihnen wegen dieser R\u00fcckzahlung Entgelte berechnet. Wir k\u00f6nnen die R\u00fcckzahlung verweigern, bis wir die Waren wieder zur\u00fcckerhalten haben oder bis Sie den Nachweis erbracht haben, dass Sie die Waren zur\u00fcckgesandt haben, je nachdem, welches der fr\u00fchere Zeitpunkt ist.&lt;br \/&gt;<br \/>\nSie haben die Waren unverz\u00fcglich und in jedem Fall sp\u00e4testens binnen vierzehn Tagen ab dem Tag, an dem Sie uns \u00fcber den Widerruf dieses Vertrags unterrichten, an uns zur\u00fcckzusenden oder zu \u00fcbergeben. Die Frist ist gewahrt, wenn Sie die Waren vor Ablauf der Frist von vierzehn Tagen absenden. Sie tragen die unmittelbaren Kosten der R\u00fccksendung der Waren.&lt;br \/&gt;<br \/>\nSie m\u00fcssen f\u00fcr einen etwaigen Wertverlust der Waren nur aufkommen, wenn dieser Wertverlust auf einen zur Pr\u00fcfung der Beschaffenheit, Eigenschaften und Funktionsweise der Waren nicht notwendigen Umgang mit ihnen zur\u00fcckzuf\u00fchren ist.&lt;br \/&gt;<br \/>\n&#8212;&#8212;&#8212;&#8212;&#8212;&#8212;&#8212;&#8212;&#8212;&#8212;&#8212;&#8212;&#8212;&#8212;&#8212;&#8212;&#8212;&#8212;&#8212;&#8212;&#8212;&#8212;&#8212;&#8212;&#8212;&#8212;&#8212;&#8212;&#8212;&#8212;&#8212;&#8212;&#8212;&#8212;&#8212;&#8212;&#8212;&#8212;&#8212;&#8212;&#8212;&#8212;&#8212;&#8212;&#8212;&#8212;&#8212;&#8212;&#8212;&#8212;&#8212;&#8212;&#8212;&#8212;&#8212;&#8212;&#8212;&#8212;&#8212;&#8212;&#8212;&#8212;&#8212;&#8212;&#8212;&#8212;&#8212;&#8212;&#8212;&#8212;&#8212;&#8212;&#8212;&#8212;&#8212;&#8212;&#8212;&#8212;&#8212;&#8212;&#8212;&#8212;&#8212;&#8212;&#8212;&#8212;&#8212;&#8212;&#8212;&#8212;&#8212;&#8212;&#8212;&lt;br \/&gt;<br \/>\nMUSTER WIDERRUFSFORMULAR&lt;br \/&gt;<br \/>\nAn&lt;br \/&gt;<br \/>\nWeingut Gysler&lt;br \/&gt;<br \/>\nAlexander Gysler&lt;br \/&gt;<br \/>\nGro\u00dfer Spitzenberg 8&lt;br \/&gt;<br \/>\n55232 Alzey-Weinheim&lt;br \/&gt;<br \/>\nTelefax: +49 (0)6731 44027&lt;br \/&gt;<br \/>\nE-Mail: info@weingut-gysler.de&lt;br \/&gt;<br \/>\n&lt;br \/&gt;<br \/>\nHiermit widerrufe ich\/wir den von uns\/mir abgeschlossenen Vertrag \u00fcber den Kauf der folgenden Waren:&lt;br \/&gt;<br \/>\nBestellt am:&lt;br \/&gt;<br \/>\nBeleg Nr.\/Kunden Nr.:&lt;br \/&gt;<br \/>\nName des Verbrauchers:&lt;br \/&gt;<br \/>\nAnschrift des Verbrauchers:&lt;br \/&gt;<br \/>\nUnterschrift des Verbrauchers (nur bei Mitteilung auf Papier)&lt;br \/&gt;<br \/>\nDatum:&lt;br \/&gt;<br \/>\n&#8212;&#8212;&#8212;&#8212;&#8212;&#8212;&#8212;&#8212;&#8212;&#8212;&#8212;&#8212;&#8212;&#8212;&#8212;&#8212;&#8212;&#8212;&#8212;&#8212;&#8212;&#8212;&#8212;&#8212;&#8212;&#8212;&#8212;&#8212;&#8212;&#8212;&#8212;&#8212;&#8212;&#8212;&#8212;&#8212;&#8212;&#8212;&#8212;&#8212;&#8212;&#8212;&#8212;&#8212;&#8212;&#8212;&#8212;&#8212;&#8212;&#8212;&#8212;&#8212;&#8212;&#8212;&#8212;&#8212;&#8212;&#8212;&#8212;&#8212;&#8212;&#8212;&#8212;&#8212;&#8212;&#8212;&#8212;&#8212;&#8212;&#8212;&#8212;&#8212;&#8212;&#8212;&#8212;&#8212;&#8212;&#8212;&#8212;&#8212;&#8212;&#8212;&#8212;&#8212;&#8212;&#8212;&#8212;&#8212;&#8212;&#8212;&#8212;&#8212;&#8212;&#8211;&lt;br \/&gt;<br \/>\n5. Preise und Versandkosten&lt;br \/&gt;<br \/>\n5.1 Die auf den Produktseiten genannten Preise enthalten die gesetzliche Mehrwertsteuer und sonstige Preisbestandteile.&lt;br \/&gt;<br \/>\n5.2 Informationen zu zus\u00e4tzlich anfallenden Versandkosten finden Sie in der Versandkostenaufstellung.&lt;br \/&gt;<br \/>\n6. Lieferung&lt;br \/&gt;<br \/>\n6.1 Die Lieferung erfolgt innerhalb Deutschland mit DPD .&lt;br \/&gt;<br \/>\n6.2 Angaben zu Lieferzeiten finden Sie auf der jeweiligen Produktseite.&lt;br \/&gt;<br \/>\n7. Zahlung&lt;br \/&gt;<br \/>\n7.1 Die Zahlung erfolgt wahlweise per Vorkasse oder Paypal.&lt;br \/&gt;<br \/>\n7.2 Ein Recht zur Aufrechnung steht Ihnen nur dann zu, wenn Ihre Gegenanspr\u00fcche rechtskr\u00e4ftig gerichtlich festgestellt oder unbestritten sind&lt;br \/&gt;<br \/>\noder schriftlich durch uns anerkannt wurden.&lt;br \/&gt;<br \/>\n7.3 Sie k\u00f6nnen ein Zur\u00fcckbehaltungsrecht nur aus\u00fcben, soweit die Anspr\u00fcche aus dem gleichen Vertragsverh\u00e4ltnis resultieren.&lt;br \/&gt;<br \/>\n8. Eigentumsvorbehalt&lt;br \/&gt;<br \/>\nBis zur vollst\u00e4ndigen Zahlung bleibt die Ware unser Eigentum. &lt;br \/&gt;<br \/>\nWeitere Informationen&lt;br \/&gt;<br \/>\nBestellvorgang&lt;br \/&gt;<br \/>\nWenn Sie das gew\u00fcnschte Produkt gefunden haben, k\u00f6nnen Sie dieses unverbindlich durch Anklicken des Buttons in den Warenkorb legen. Den<br \/>\nInhalt des Warenkorbs k\u00f6nnen Sie jederzeit durch Anklicken des Buttons [Warenkorb] unverbindlich ansehen. Die Produkte k\u00f6nnen Sie jederzeit<br \/>\ndurch Anklicken des Buttons [L\u00f6schen] wieder aus dem Warenkorb entfernen. Wenn Sie die Produkte im Warenkorb kaufen wollen, klicken Sie den<br \/>\nButton [zur Kasse]. Bitte geben Sie dann Ihre Daten ein. Die Pflichtangaben sind mit einem * gekennzeichnet. Eine Registrierung ist nicht<br \/>\nerforderlich. Ihre Daten werden verschl\u00fcsselt \u00fcbertragen. Nach Eingabe Ihrer Daten und Auswahl der Zahlungsart gelangen Sie \u00fcber den Button<br \/>\n[Eingaben pr\u00fcfen] zur Bestellseite, auf der Sie Ihre Eingaben nochmals \u00fcberpr\u00fcfen k\u00f6nnen. Durch Anklicken des Buttons [Bestellen] schlie\u00dfen Sie<br \/>\nden Bestellvorgang ab. Der Vorgang l\u00e4sst sich jederzeit durch Schlie\u00dfen des Browser-Fensters abbrechen. Auf den einzelnen Seiten erhalten Sie<br \/>\nweitere Informationen, z.B. zu Korrekturm\u00f6glichkeiten. &lt;br \/&gt;<br \/>\nVertragstext<br \/>\nDer Vertragstext wird auf unseren internen Systemen gespeichert. Die Allgemeinen Gesch\u00e4ftsbedingungen k\u00f6nnen Sie jederzeit auf dieser Seite<br \/>\neinsehen. Soweit Sie ein Kundenkonto erstellt haben, k\u00f6nnen Sie Ihre Kundendaten jederzeit unter \u2018Kundenlogin\u2019 einsehen. Die Bestelldaten<br \/>\nwerden Ihnen per E-Mail zugesendet. Nach Abschluss der Bestellung ist der Vertragstext aus Sicherheitsgr\u00fcnden nicht mehr \u00fcber das Internet<br \/>\nzug\u00e4nglich.<br \/>\n<div class=\"woocommerce woocommerce-gzd woocommerce-gzd-complaints-shortcode\">\n\t\t\t<h3>Alternative Dispute Resolution in accordance with Art. 14 (1) ODR-VO and \u00a7 36 VSBG:<\/h3>\n\t\nWir sind bereit, an einem au\u00dfergerichtlichen Schlichtungsverfahren teilzunehmen.<\/div>\n","protected":false},"excerpt":{"rendered":"<p>\u00dcbersicht \u00fcber die Allgemeinen Gesch\u00e4ftsbedingungen&lt;br \/&gt; 1. Geltungsbereich&lt;br \/&gt; 2. Vertragspartner&lt;br \/&gt; 3. Angebot und Vertragsschluss&lt;br \/&gt; 4. Widerrufsrecht&lt;br \/&gt; 5. Preise und Versandkosten&lt;br \/&gt; 6. Lieferung&lt;br \/&gt; 7. Zahlung&lt;br \/&gt; 8. Eigentumsvorbehalt&lt;br \/&gt; Weitere Informationen&lt;br \/&gt; Bestellvorgang&lt;br \/&gt; Vertragstext&lt;br \/&gt; &lt;br \/&gt; Allgemeine Gesch\u00e4ftsbedingungen&lt;br \/&gt; (Die nachstehenden AGB enthalten zugleich gesetzliche Informationen zu Ihren [&#8230;]\n","protected":false},"author":1,"featured_media":0,"parent":0,"menu_order":0,"comment_status":"closed","ping_status":"closed","template":"page-blank-title-center.php","meta":{"footnotes":""},"class_list":["post-788","page","type-page","status-publish","hentry"],"yoast_head":"<!-- This site is optimized with the Yoast SEO plugin v27.1.1 - https:\/\/yoast.com\/product\/yoast-seo-wordpress\/ -->\n<title>Terms of use - Weingut Alexander Gysler<\/title>\n<meta name=\"robots\" content=\"index, follow, max-snippet:-1, max-image-preview:large, max-video-preview:-1\" \/>\n<link rel=\"canonical\" href=\"https:\/\/alexander-gysler.de\/en\/agb\/\" \/>\n<meta property=\"og:locale\" content=\"en_US\" \/>\n<meta property=\"og:type\" content=\"article\" \/>\n<meta property=\"og:title\" content=\"Terms of use - Weingut Alexander Gysler\" \/>\n<meta property=\"og:description\" content=\"\u00dcbersicht \u00fcber die Allgemeinen Gesch\u00e4ftsbedingungen&lt;br \/&gt; 1. Geltungsbereich&lt;br \/&gt; 2. Vertragspartner&lt;br \/&gt; 3. Angebot und Vertragsschluss&lt;br \/&gt; 4. Widerrufsrecht&lt;br \/&gt; 5. Preise und Versandkosten&lt;br \/&gt; 6. Lieferung&lt;br \/&gt; 7. Zahlung&lt;br \/&gt; 8. Eigentumsvorbehalt&lt;br \/&gt; Weitere Informationen&lt;br \/&gt; Bestellvorgang&lt;br \/&gt; Vertragstext&lt;br \/&gt; &lt;br \/&gt; Allgemeine Gesch\u00e4ftsbedingungen&lt;br \/&gt; (Die nachstehenden AGB enthalten zugleich gesetzliche Informationen zu Ihren [...]\" \/>\n<meta property=\"og:url\" content=\"https:\/\/alexander-gysler.de\/en\/agb\/\" \/>\n<meta property=\"og:site_name\" content=\"Weingut Alexander Gysler\" \/>\n<meta property=\"article:modified_time\" content=\"2020-02-12T16:24:56+00:00\" \/>\n<meta name=\"twitter:card\" content=\"summary_large_image\" \/>\n<meta name=\"twitter:label1\" content=\"Est. reading time\" \/>\n\t<meta name=\"twitter:data1\" content=\"6 minutes\" \/>\n<script type=\"application\/ld+json\" class=\"yoast-schema-graph\">{\"@context\":\"https:\/\/schema.org\",\"@graph\":[{\"@type\":\"WebPage\",\"@id\":\"https:\/\/alexander-gysler.de\/en\/agb\/\",\"url\":\"https:\/\/alexander-gysler.de\/en\/agb\/\",\"name\":\"Terms of use - Weingut Alexander Gysler\",\"isPartOf\":{\"@id\":\"https:\/\/alexander-gysler.de\/en\/#website\"},\"datePublished\":\"2019-06-24T07:43:11+00:00\",\"dateModified\":\"2020-02-12T16:24:56+00:00\",\"breadcrumb\":{\"@id\":\"https:\/\/alexander-gysler.de\/en\/agb\/#breadcrumb\"},\"inLanguage\":\"en-US\",\"potentialAction\":[{\"@type\":\"ReadAction\",\"target\":[\"https:\/\/alexander-gysler.de\/en\/agb\/\"]}]},{\"@type\":\"BreadcrumbList\",\"@id\":\"https:\/\/alexander-gysler.de\/en\/agb\/#breadcrumb\",\"itemListElement\":[{\"@type\":\"ListItem\",\"position\":1,\"name\":\"Home\",\"item\":\"https:\/\/alexander-gysler.de\/en\/\"},{\"@type\":\"ListItem\",\"position\":2,\"name\":\"Terms of use\"}]},{\"@type\":\"WebSite\",\"@id\":\"https:\/\/alexander-gysler.de\/en\/#website\",\"url\":\"https:\/\/alexander-gysler.de\/en\/\",\"name\":\"Weingut Alexander Gysler\",\"description\":\"\",\"publisher\":{\"@id\":\"https:\/\/alexander-gysler.de\/en\/#organization\"},\"potentialAction\":[{\"@type\":\"SearchAction\",\"target\":{\"@type\":\"EntryPoint\",\"urlTemplate\":\"https:\/\/alexander-gysler.de\/en\/?s={search_term_string}\"},\"query-input\":{\"@type\":\"PropertyValueSpecification\",\"valueRequired\":true,\"valueName\":\"search_term_string\"}}],\"inLanguage\":\"en-US\"},{\"@type\":\"Organization\",\"@id\":\"https:\/\/alexander-gysler.de\/en\/#organization\",\"name\":\"Weingut Alexander Gysler\",\"url\":\"https:\/\/alexander-gysler.de\/en\/\",\"logo\":{\"@type\":\"ImageObject\",\"inLanguage\":\"en-US\",\"@id\":\"https:\/\/alexander-gysler.de\/en\/#\/schema\/logo\/image\/\",\"url\":\"https:\/\/alexander-gysler.de\/wp-content\/uploads\/2020\/01\/WeingutGysler_Logo.png\",\"contentUrl\":\"https:\/\/alexander-gysler.de\/wp-content\/uploads\/2020\/01\/WeingutGysler_Logo.png\",\"width\":300,\"height\":100,\"caption\":\"Weingut Alexander Gysler\"},\"image\":{\"@id\":\"https:\/\/alexander-gysler.de\/en\/#\/schema\/logo\/image\/\"}}]}<\/script>\n<!-- \/ Yoast SEO plugin. -->","yoast_head_json":{"title":"Terms of use - Weingut Alexander Gysler","robots":{"index":"index","follow":"follow","max-snippet":"max-snippet:-1","max-image-preview":"max-image-preview:large","max-video-preview":"max-video-preview:-1"},"canonical":"https:\/\/alexander-gysler.de\/en\/agb\/","og_locale":"en_US","og_type":"article","og_title":"Terms of use - Weingut Alexander Gysler","og_description":"\u00dcbersicht \u00fcber die Allgemeinen Gesch\u00e4ftsbedingungen&lt;br \/&gt; 1. Geltungsbereich&lt;br \/&gt; 2. Vertragspartner&lt;br \/&gt; 3. Angebot und Vertragsschluss&lt;br \/&gt; 4. Widerrufsrecht&lt;br \/&gt; 5. Preise und Versandkosten&lt;br \/&gt; 6. Lieferung&lt;br \/&gt; 7. Zahlung&lt;br \/&gt; 8. Eigentumsvorbehalt&lt;br \/&gt; Weitere Informationen&lt;br \/&gt; Bestellvorgang&lt;br \/&gt; Vertragstext&lt;br \/&gt; &lt;br \/&gt; Allgemeine Gesch\u00e4ftsbedingungen&lt;br \/&gt; (Die nachstehenden AGB enthalten zugleich gesetzliche Informationen zu Ihren [...]","og_url":"https:\/\/alexander-gysler.de\/en\/agb\/","og_site_name":"Weingut Alexander Gysler","article_modified_time":"2020-02-12T16:24:56+00:00","twitter_card":"summary_large_image","twitter_misc":{"Est. reading time":"6 minutes"},"schema":{"@context":"https:\/\/schema.org","@graph":[{"@type":"WebPage","@id":"https:\/\/alexander-gysler.de\/en\/agb\/","url":"https:\/\/alexander-gysler.de\/en\/agb\/","name":"Terms of use - Weingut Alexander Gysler","isPartOf":{"@id":"https:\/\/alexander-gysler.de\/en\/#website"},"datePublished":"2019-06-24T07:43:11+00:00","dateModified":"2020-02-12T16:24:56+00:00","breadcrumb":{"@id":"https:\/\/alexander-gysler.de\/en\/agb\/#breadcrumb"},"inLanguage":"en-US","potentialAction":[{"@type":"ReadAction","target":["https:\/\/alexander-gysler.de\/en\/agb\/"]}]},{"@type":"BreadcrumbList","@id":"https:\/\/alexander-gysler.de\/en\/agb\/#breadcrumb","itemListElement":[{"@type":"ListItem","position":1,"name":"Home","item":"https:\/\/alexander-gysler.de\/en\/"},{"@type":"ListItem","position":2,"name":"Terms of use"}]},{"@type":"WebSite","@id":"https:\/\/alexander-gysler.de\/en\/#website","url":"https:\/\/alexander-gysler.de\/en\/","name":"Weingut Alexander Gysler","description":"","publisher":{"@id":"https:\/\/alexander-gysler.de\/en\/#organization"},"potentialAction":[{"@type":"SearchAction","target":{"@type":"EntryPoint","urlTemplate":"https:\/\/alexander-gysler.de\/en\/?s={search_term_string}"},"query-input":{"@type":"PropertyValueSpecification","valueRequired":true,"valueName":"search_term_string"}}],"inLanguage":"en-US"},{"@type":"Organization","@id":"https:\/\/alexander-gysler.de\/en\/#organization","name":"Weingut Alexander Gysler","url":"https:\/\/alexander-gysler.de\/en\/","logo":{"@type":"ImageObject","inLanguage":"en-US","@id":"https:\/\/alexander-gysler.de\/en\/#\/schema\/logo\/image\/","url":"https:\/\/alexander-gysler.de\/wp-content\/uploads\/2020\/01\/WeingutGysler_Logo.png","contentUrl":"https:\/\/alexander-gysler.de\/wp-content\/uploads\/2020\/01\/WeingutGysler_Logo.png","width":300,"height":100,"caption":"Weingut Alexander Gysler"},"image":{"@id":"https:\/\/alexander-gysler.de\/en\/#\/schema\/logo\/image\/"}}]}},"_links":{"self":[{"href":"https:\/\/alexander-gysler.de\/en\/wp-json\/wp\/v2\/pages\/788","targetHints":{"allow":["GET"]}}],"collection":[{"href":"https:\/\/alexander-gysler.de\/en\/wp-json\/wp\/v2\/pages"}],"about":[{"href":"https:\/\/alexander-gysler.de\/en\/wp-json\/wp\/v2\/types\/page"}],"author":[{"embeddable":true,"href":"https:\/\/alexander-gysler.de\/en\/wp-json\/wp\/v2\/users\/1"}],"replies":[{"embeddable":true,"href":"https:\/\/alexander-gysler.de\/en\/wp-json\/wp\/v2\/comments?post=788"}],"version-history":[{"count":1,"href":"https:\/\/alexander-gysler.de\/en\/wp-json\/wp\/v2\/pages\/788\/revisions"}],"predecessor-version":[{"id":789,"href":"https:\/\/alexander-gysler.de\/en\/wp-json\/wp\/v2\/pages\/788\/revisions\/789"}],"wp:attachment":[{"href":"https:\/\/alexander-gysler.de\/en\/wp-json\/wp\/v2\/media?parent=788"}],"curies":[{"name":"wp","href":"https:\/\/api.w.org\/{rel}","templated":true}]}}